{"id":119299,"date":"2022-02-08T00:00:00","date_gmt":"2022-02-07T23:00:00","guid":{"rendered":"https:\/\/gpl-love.com\/fr\/produit\/reactions-wordpress-plugin\/"},"modified":"2026-04-10T18:37:46","modified_gmt":"2026-04-10T16:37:46","slug":"reactions-wordpress-plugin","status":"publish","type":"product","link":"https:\/\/gpl-love.com\/fr\/produit\/reactions-wordpress-plugin\/","title":{"rendered":"Reactions WordPress Plugin 3.20.101"},"content":{"rendered":"<h3>Reactions WordPress Plugin Traits<\/h3>\n<p>Le plugin de r\u00e9action: r\u00e9actions WordPress, offrant ses capacit\u00e9s formidables, permet aux propri\u00e9taires de sites Web d&rsquo;int\u00e9grer de mani\u00e8re transparente des \u00e9l\u00e9ments interactifs et captivants sur leur site WordPress. En vertu de ce plugin remarquable, les utilisateurs re\u00e7oivent la possibilit\u00e9 d&rsquo;ajouter sans effort les r\u00e9actions sur mesure \u00e0 leurs publications, pages et commentaires, favorisant ainsi l&rsquo;engagement et l&rsquo;interaction avec leur public estim\u00e9. Le plugin accroche une vaste gamme d&rsquo;ic\u00f4nes de r\u00e9action pr\u00e9-con\u00e7ues qui peuvent \u00eatre personnalis\u00e9es sans effort pour s&rsquo;aligner sur l&rsquo;image de marque et le style distincts du site Web. En outre, il accorde aux propri\u00e9taires de sites Web avec des analyses complexes concernant l&rsquo;engagement des utilisateurs avec lesdites r\u00e9actions, leur donnant ainsi des informations inestimables sur les pr\u00e9dilections de leur public estim\u00e9. Pour r\u00e9sumer, le plugin Entr\u00e9e: R\u00e9actions WordPress est un actif indispensable pour tout propri\u00e9taire de site Web aspirant \u00e0 intensifier l&rsquo;engagement des utilisateurs et \u00e0 cultiver une communaut\u00e9 r\u00e9solue de fid\u00e8les.<\/p>\n<ul>\n<li>R\u00e9agit aux actions des utilisateurs et affiche des r\u00e9actions appropri\u00e9es telles que les emojis ou les animations<\/li>\n<li>Types et styles de r\u00e9action personnalisables<\/li>\n<li>Mise \u00e0 jour en temps r\u00e9el des r\u00e9actions affich\u00e9es<\/li>\n<li>Compatibilit\u00e9 avec n&rsquo;importe quel th\u00e8me WordPress<\/li>\n<li>Configuration et configuration simples<\/li>\n<li>Int\u00e9gration avec des plateformes de m\u00e9dias sociaux populaires telles que Facebook et Twitter<\/li>\n<li>Suivi des analyses pour les r\u00e9actions et l&rsquo;engagement des utilisateurs<\/li>\n<li>Conception r\u00e9active mobile pour une exp\u00e9rience utilisateur optimale<\/li>\n<li>Am\u00e9liore l&rsquo;engagement des utilisateurs et l&rsquo;interactivit\u00e9 sur votre site WordPress<\/li>\n<\/ul>\n","protected":false},"excerpt":{"rendered":"<p>Le plugin WordPress Reactions constitue un outil extr\u00eamement puissant qui permet efficacement aux propri\u00e9taires de sites Web \u00e0 incorporer sans effort des boutons de r\u00e9action sur mesure dans leurs publications et pages WordPress, permettant ainsi aux utilisateurs d&rsquo;exprimer leurs opinions sur le contenu de mani\u00e8re rapide et conviviale. Ce plugin exceptionnel propose une gamme d&rsquo;ic\u00f4nes pr\u00e9-con\u00e7ues, allant des emojis aux pouces vers le haut \/ vers le bas et les c\u0153urs, assurant une s\u00e9lection diversifi\u00e9e pour l&rsquo;expression du sentiment par les utilisateurs. En outre, le plugin poss\u00e8de une interface enti\u00e8rement personnalisable, accordant aux propri\u00e9taires de sites Web la possibilit\u00e9 d&rsquo;adapter ses fonctionnalit\u00e9s en fonction de leurs pr\u00e9f\u00e9rences sp\u00e9cifiques. Parmi ses param\u00e8tres avanc\u00e9s, il y a la capacit\u00e9 d&rsquo;imposer des limites \u00e0 la fr\u00e9quence de r\u00e9action et la fourniture de suivi de l&rsquo;engagement des utilisateurs, facilitant ainsi une compr\u00e9hension compl\u00e8te et nuanc\u00e9e des r\u00e9ponses des visiteurs. En fin de compte, cette solution globale est un atout inestimable pour les propri\u00e9taires de sites Web, car il permet la collecte de commentaires pr\u00e9cieux et am\u00e9liore ensuite l&rsquo;exp\u00e9rience utilisateur globale sur leurs plateformes respectives.<\/p>\n","protected":false},"featured_media":145079,"comment_status":"open","ping_status":"open","template":"","meta":[],"product_brand":[2435],"product_cat":[1207,1181,1186],"product_tag":[1231],"class_list":{"0":"post-119299","1":"product","2":"type-product","3":"status-publish","4":"has-post-thumbnail","6":"product_brand-codecanyon","7":"product_cat-commercialisation-wordpress-plugins","8":"product_cat-plugins","9":"product_cat-wordpress-plugins","10":"product_tag-codecanyon","11":"member-discount","12":"discount-restricted","14":"first","15":"instock","16":"sale","17":"downloadable","18":"virtual","19":"sold-individually","20":"purchasable","21":"product-type-simple"},"_links":{"self":[{"href":"https:\/\/gpl-love.com\/fr\/wp-json\/wp\/v2\/product\/119299","targetHints":{"allow":["GET"]}}],"collection":[{"href":"https:\/\/gpl-love.com\/fr\/wp-json\/wp\/v2\/product"}],"about":[{"href":"https:\/\/gpl-love.com\/fr\/wp-json\/wp\/v2\/types\/product"}],"replies":[{"embeddable":true,"href":"https:\/\/gpl-love.com\/fr\/wp-json\/wp\/v2\/comments?post=119299"}],"wp:featuredmedia":[{"embeddable":true,"href":"https:\/\/gpl-love.com\/fr\/wp-json\/wp\/v2\/media\/145079"}],"wp:attachment":[{"href":"https:\/\/gpl-love.com\/fr\/wp-json\/wp\/v2\/media?parent=119299"}],"wp:term":[{"taxonomy":"product_brand","embeddable":true,"href":"https:\/\/gpl-love.com\/fr\/wp-json\/wp\/v2\/product_brand?post=119299"},{"taxonomy":"product_cat","embeddable":true,"href":"https:\/\/gpl-love.com\/fr\/wp-json\/wp\/v2\/product_cat?post=119299"},{"taxonomy":"product_tag","embeddable":true,"href":"https:\/\/gpl-love.com\/fr\/wp-json\/wp\/v2\/product_tag?post=119299"}],"curies":[{"name":"wp","href":"https:\/\/api.w.org\/{rel}","templated":true}]}}