{"id":119297,"date":"2024-05-04T00:00:00","date_gmt":"2024-05-03T22:00:00","guid":{"rendered":"https:\/\/gpl-love.com\/fr\/produit\/wp-job-manager-applications-addon\/"},"modified":"2026-03-20T23:49:56","modified_gmt":"2026-03-20T22:49:56","slug":"wp-job-manager-applications-addon","status":"publish","type":"product","link":"https:\/\/gpl-love.com\/fr\/produit\/wp-job-manager-applications-addon\/","title":{"rendered":"WP Job Manager Applications Addon 3.2.0"},"content":{"rendered":"<h3>WP Job Manager Applications Addon Traits<\/h3>\n<p>Le WP Job Manager Applications Addon, un outil indispensable pour les entreprises cherchant \u00e0 rationaliser son processus de recrutement, se pr\u00e9sente comme une solution optimale. En utilisant cet addon, les employeurs peuvent facilement recevoir des demandes d&#8217;emploi directement via leur site Web, facilitant ainsi la filtration facile et l&rsquo;organisation des candidats potentiels. De plus, cet addon offre aux candidats la possibilit\u00e9 de postuler \u00e0 des postes au moyen d&rsquo;un formulaire personnalisable qui est parfaitement int\u00e9gr\u00e9 dans le cadre du site Web. Non seulement cet addon poss\u00e8de une pl\u00e9thore de fonctionnalit\u00e9s, y compris la capacit\u00e9 de surveiller les progr\u00e8s des candidats, de d\u00e9p\u00eacher les r\u00e9ponses automatis\u00e9es aux candidats et de rester inform\u00e9e de nouvelles applications par le biais de notifications, mais il repr\u00e9sente \u00e9galement un actif indispensable pour toute entreprise commerciale pour am\u00e9liorer l&rsquo;efficacit\u00e9 op\u00e9rationnelle,, \u00c9conomisez le temps et appelez les talents de haut niveau.<\/p>\n<ul>\n<li>Permet aux demandeurs d&#8217;emploi de postuler directement aux listes d&#8217;emplois sur le site Web<\/li>\n<li>Simplifie le processus de demande pour les demandeurs d&#8217;emploi et les employeurs<\/li>\n<li>Comprend des champs de formulaire de candidature personnalisables pour les employeurs pour collecter les informations n\u00e9cessaires<\/li>\n<li>Permet aux employeurs de recevoir des applications directement via leur tableau de bord WP Office Manager<\/li>\n<li>Int\u00e9gration avec des services de marketing par e-mail populaires pour une communication de suivi automatis\u00e9e<\/li>\n<li>Peut \u00eatre utilis\u00e9 en combinaison avec d&rsquo;autres addons et th\u00e8mes de gestionnaire de travail WP pour une exp\u00e9rience du conseil d&rsquo;administration enti\u00e8rement personnalis\u00e9.<\/li>\n<\/ul>\n","protected":false},"excerpt":{"rendered":"<p>L&rsquo;addon d&rsquo;applications WP Job Manager sert d&rsquo;outil indispensable qui am\u00e9liore et rationalise efficacement le processus d&#8217;embauche. En tirant parti de cet outil tr\u00e8s efficace, les candidats sont en mesure de soumettre leurs candidatures directement sur votre site Web, facilitant la gestion transparente et l&rsquo;examen de ces applications. De plus, cet addon poss\u00e8de un large \u00e9ventail de fonctionnalit\u00e9s, notamment des champs personnalisables, des t\u00e9l\u00e9chargements de pi\u00e8ce jointe et des notifications par e-mail, toutes m\u00e9ticuleusement con\u00e7ues pour garantir qu&rsquo;aucune application cruciale ne passe jamais inaper\u00e7ue. Embrassez l&rsquo;addon des applications WP Job Manager pour simplifier et optimiser votre processus de recrutement.<\/p>\n","protected":false},"featured_media":146157,"comment_status":"open","ping_status":"open","template":"","meta":[],"product_brand":[2722],"product_cat":[1189,1181,1186],"product_tag":[1419],"class_list":{"0":"post-119297","1":"product","2":"type-product","3":"status-publish","4":"has-post-thumbnail","6":"product_brand-wp-job-manager","7":"product_cat-personnalisation","8":"product_cat-plugins","9":"product_cat-wordpress-plugins","10":"product_tag-wp-job-manager","11":"member-discount","12":"discount-restricted","14":"first","15":"instock","16":"sale","17":"downloadable","18":"virtual","19":"sold-individually","20":"purchasable","21":"product-type-simple"},"_links":{"self":[{"href":"https:\/\/gpl-love.com\/fr\/wp-json\/wp\/v2\/product\/119297","targetHints":{"allow":["GET"]}}],"collection":[{"href":"https:\/\/gpl-love.com\/fr\/wp-json\/wp\/v2\/product"}],"about":[{"href":"https:\/\/gpl-love.com\/fr\/wp-json\/wp\/v2\/types\/product"}],"replies":[{"embeddable":true,"href":"https:\/\/gpl-love.com\/fr\/wp-json\/wp\/v2\/comments?post=119297"}],"wp:featuredmedia":[{"embeddable":true,"href":"https:\/\/gpl-love.com\/fr\/wp-json\/wp\/v2\/media\/146157"}],"wp:attachment":[{"href":"https:\/\/gpl-love.com\/fr\/wp-json\/wp\/v2\/media?parent=119297"}],"wp:term":[{"taxonomy":"product_brand","embeddable":true,"href":"https:\/\/gpl-love.com\/fr\/wp-json\/wp\/v2\/product_brand?post=119297"},{"taxonomy":"product_cat","embeddable":true,"href":"https:\/\/gpl-love.com\/fr\/wp-json\/wp\/v2\/product_cat?post=119297"},{"taxonomy":"product_tag","embeddable":true,"href":"https:\/\/gpl-love.com\/fr\/wp-json\/wp\/v2\/product_tag?post=119297"}],"curies":[{"name":"wp","href":"https:\/\/api.w.org\/{rel}","templated":true}]}}