{"id":119295,"date":"2025-12-18T00:00:00","date_gmt":"2025-12-17T23:00:00","guid":{"rendered":"https:\/\/gpl-love.com\/fr\/produit\/woocommerce-accommodation-bookings\/"},"modified":"2026-03-20T23:44:12","modified_gmt":"2026-03-20T22:44:12","slug":"woocommerce-accommodation-bookings","status":"publish","type":"product","link":"https:\/\/gpl-love.com\/fr\/produit\/woocommerce-accommodation-bookings\/","title":{"rendered":"WooCommerce Accommodation Bookings 1.3.6"},"content":{"rendered":"<h3>WooCommerce Accommodation Bookings Traits<\/h3>\n<p>Le plugin de r\u00e9servations d&rsquo;h\u00e9bergement WooCommerce est un outil incroyablement robuste qui permet aux entreprises de vendre et de superviser efficacement leur logement via une plate-forme en ligne. Ce plugin remarquable poss\u00e8de un syst\u00e8me de r\u00e9servation complet, accordant aux utilisateurs la possibilit\u00e9 de v\u00e9rifier sans effort la disponibilit\u00e9, d&rsquo;\u00e9tablir des structures de tarification et d&rsquo;accepter de mani\u00e8re transparente les r\u00e9servations directement \u00e0 partir de leur propre site Web. En utilisant les r\u00e9servations d&rsquo;h\u00e9bergement WooCommerce, les entreprises ont la libert\u00e9 d&rsquo;adapter leurs options de r\u00e9servation pour mieux accueillir leurs pr\u00e9cieux clients. Cela comprend la capacit\u00e9 d&rsquo;\u00e9tablir des dur\u00e9es de s\u00e9jour minimum et maximum, de cr\u00e9er des heures d&rsquo;enregistrement et de d\u00e9part personnalis\u00e9es, et m\u00eame d&rsquo;offrir des tarifs exclusifs pour diverses saisons ou des \u00e9v\u00e9nements sp\u00e9ciaux. En outre, ce syst\u00e8me exceptionnel int\u00e8gre une interface de calendrier incroyablement conviviale, facilitant une exp\u00e9rience de gestion de r\u00e9servation sans effort pour les propri\u00e9taires d&rsquo;entreprise tout en offrant \u00e9galement un moyen inestimable de surveiller leurs taux d&rsquo;occupation. Dans l&rsquo;ensemble, le plugin WooCommerce Hodation Bookings est un choix in\u00e9gal\u00e9 pour toute entreprise qui cherche \u00e0 optimiser leur processus de r\u00e9servation d&rsquo;h\u00e9bergement et \u00e0 \u00e9lever leur visibilit\u00e9 en ligne.<\/p>\n<ul>\n<li>Un syst\u00e8me puissant et personnalisable pour g\u00e9rer les r\u00e9servations d&rsquo;h\u00e9bergement via votre boutique WooCommerce<\/li>\n<li>S&rsquo;int\u00e8gre parfaitement \u00e0 WooCommerce, vous permettant de g\u00e9rer l&rsquo;ensemble de votre entreprise sur une seule plateforme<\/li>\n<li>Permet aux clients de parcourir et de s\u00e9lectionner facilement les logements disponibles, ou de rechercher par des dates sp\u00e9cifiques ou d&rsquo;autres crit\u00e8res<\/li>\n<li>Offre des options de tarification flexibles, y compris les tarifs par personne, les tarifs des chambres et les tarifs saisonniers, avec la possibilit\u00e9 de cr\u00e9er des plans de tarifs personnalis\u00e9s au besoin<\/li>\n<li>Fournit un ensemble complet d&rsquo;outils pour g\u00e9rer les r\u00e9servations, y compris des options pour d\u00e9finir des s\u00e9jours minimums et maximums, des dates de noir et plus<\/li>\n<li>Vous permet d&rsquo;offrir des compl\u00e9ments et des extras, tels que des plans de repas ou des packages d&rsquo;activit\u00e9s, pendant le processus de r\u00e9servation<\/li>\n<li>Fournit la v\u00e9rification de la disponibilit\u00e9 dynamique, garantissant que les chambres sont affich\u00e9es comme disponibles si elles ne sont pas d\u00e9j\u00e0 r\u00e9serv\u00e9es<\/li>\n<li>Offre une int\u00e9gration transparente avec des passerelles de paiement populaires, ainsi que la possibilit\u00e9 d&rsquo;accepter les paiements manuels ou les d\u00e9p\u00f4ts<\/li>\n<li>Fournit des outils de rapports et d&rsquo;analyse approfondis pour vous aider \u00e0 suivre l&rsquo;occupation, les revenus et d&rsquo;autres mesures cl\u00e9s<\/li>\n<li>Comprend des notifications par e-mail personnalisables pour vous informer de vous et de vos clients tout au long du processus de r\u00e9servation.<\/li>\n<\/ul>\n","protected":false},"excerpt":{"rendered":"<p>Le plugin de r\u00e9servations d&rsquo;h\u00e9bergement WooCommerce est un outil essentiel dont aucune entreprise, qui propose des r\u00e9servations de location d&rsquo;h\u00f4tels ou de vacances, peut se permettre de se passer. Son int\u00e9gration transparente avec votre magasin WooCommerce existant permet aux clients de r\u00e9server commod\u00e9ment leurs logements souhait\u00e9s directement \u00e0 partir de votre site Web. Le plugin propose une multitude d&rsquo;options personnalisables, englobant divers aspects tels que les types de chambres, les calendriers de disponibilit\u00e9, les structures de prix et les m\u00e9thodes de paiement. En fournissant des mises \u00e0 jour en temps r\u00e9el sur la disponibilit\u00e9 et l&rsquo;automatisation des notifications par e-mail, ce plugin rationalise consid\u00e9rablement le processus de r\u00e9servation, b\u00e9n\u00e9ficiant \u00e0 la fois en tant que propri\u00e9taire d&rsquo;entreprise et vos clients estim\u00e9s. Am\u00e9liorez et simplifiez vos efforts de gestion de l&rsquo;h\u00e9bergement en adoptant les capacit\u00e9s incroyables des r\u00e9servations d&rsquo;h\u00e9bergement WooCommerce.<\/p>\n","protected":false},"featured_media":145789,"comment_status":"open","ping_status":"open","template":"","meta":[],"product_brand":[2440],"product_cat":[1182,1223,1181],"product_tag":[1398],"class_list":{"0":"post-119295","1":"product","2":"type-product","3":"status-publish","4":"has-post-thumbnail","6":"product_brand-woocommerce","7":"product_cat-commerce-electronique-plugins","8":"product_cat-personnalisation-commerce-electronique-plugins","9":"product_cat-plugins","10":"product_tag-woocommerce","11":"member-discount","12":"discount-restricted","14":"first","15":"instock","16":"sale","17":"downloadable","18":"virtual","19":"sold-individually","20":"purchasable","21":"product-type-simple"},"_links":{"self":[{"href":"https:\/\/gpl-love.com\/fr\/wp-json\/wp\/v2\/product\/119295","targetHints":{"allow":["GET"]}}],"collection":[{"href":"https:\/\/gpl-love.com\/fr\/wp-json\/wp\/v2\/product"}],"about":[{"href":"https:\/\/gpl-love.com\/fr\/wp-json\/wp\/v2\/types\/product"}],"replies":[{"embeddable":true,"href":"https:\/\/gpl-love.com\/fr\/wp-json\/wp\/v2\/comments?post=119295"}],"wp:featuredmedia":[{"embeddable":true,"href":"https:\/\/gpl-love.com\/fr\/wp-json\/wp\/v2\/media\/145789"}],"wp:attachment":[{"href":"https:\/\/gpl-love.com\/fr\/wp-json\/wp\/v2\/media?parent=119295"}],"wp:term":[{"taxonomy":"product_brand","embeddable":true,"href":"https:\/\/gpl-love.com\/fr\/wp-json\/wp\/v2\/product_brand?post=119295"},{"taxonomy":"product_cat","embeddable":true,"href":"https:\/\/gpl-love.com\/fr\/wp-json\/wp\/v2\/product_cat?post=119295"},{"taxonomy":"product_tag","embeddable":true,"href":"https:\/\/gpl-love.com\/fr\/wp-json\/wp\/v2\/product_tag?post=119295"}],"curies":[{"name":"wp","href":"https:\/\/api.w.org\/{rel}","templated":true}]}}