{"id":119293,"date":"2025-07-03T00:00:00","date_gmt":"2025-07-02T22:00:00","guid":{"rendered":"https:\/\/gpl-love.com\/fr\/produit\/themify-tiles-plugin\/"},"modified":"2026-04-10T18:43:10","modified_gmt":"2026-04-10T16:43:10","slug":"themify-tiles-plugin","status":"publish","type":"product","link":"https:\/\/gpl-love.com\/fr\/produit\/themify-tiles-plugin\/","title":{"rendered":"Themify Tiles Plugin 1.3.1"},"content":{"rendered":"<h3>Themify Tiles Plugin Traits<\/h3>\n<p>Le plugin Thify Tiles, un outil tr\u00e8s puissant, offre aux utilisateurs la possibilit\u00e9 de g\u00e9n\u00e9rer des arrangements de carreaux exquis et captivants sur leur site Web WordPress. Gr\u00e2ce \u00e0 son interface de glisser-d\u00e9poser, les individus peuvent personnaliser leur disposition des carreaux en s\u00e9lectionnant dans un large \u00e9ventail de styles, de couleurs et de types de contenu. De plus, ce plugin est \u00e9quip\u00e9 de nombreux mod\u00e8les pr\u00e9-con\u00e7us, permettant aux utilisateurs de cr\u00e9er sans effort et rapidement des dispositions de carreaux frappants visuellement qui sont garantis pour captiver leur public. De plus, il est important de noter que ce plugin est enti\u00e8rement r\u00e9actif et optimis\u00e9 pour les appareils mobiles, garantissant ainsi que les dispositions de tuiles restent accessibles et engageantes quel que soit l&rsquo;appareil que son public peut utiliser. En tirant parti des capacit\u00e9s du plugin THEFIFY TILS, les utilisateurs peuvent cr\u00e9er avec succ\u00e8s un site Web dynamique et captivant qui est tenu d&rsquo;attirer les visiteurs, les exhortant \u00e0 retourner \u00e0 maintes reprises pour un contenu plus engageant.<\/p>\n<ul>\n<li>Un plugin de carreaux puissant et personnalisable pour votre site WordPress<\/li>\n<li>Interface glisser-d\u00e9poser facile \u00e0 utiliser pour cr\u00e9er des dispositions de tuiles dynamiques<\/li>\n<li>Cr\u00e9er des conceptions de disposition de carreaux illimit\u00e9s pour vos pages, articles et types de publication personnalis\u00e9s<\/li>\n<li>Choisissez parmi une vari\u00e9t\u00e9 de styles et d&rsquo;animations de tuiles pour am\u00e9liorer l&rsquo;exp\u00e9rience utilisateur<\/li>\n<li>Ajouter du contenu de carreaux personnalis\u00e9 avec du texte, des images, des vid\u00e9os et plus encore<\/li>\n<li>Cr\u00e9er des dispositions de carreaux r\u00e9actifs qui s&rsquo;adaptent \u00e0 diff\u00e9rentes tailles d&rsquo;\u00e9cran et appareils<\/li>\n<li>Ajouter le style CSS personnalis\u00e9 et les cours pour personnaliser davantage vos dispositions de carreaux<\/li>\n<li>Cr\u00e9ez des grilles de carreaux filtrables avec des cat\u00e9gories et des \u00e9tiquettes pour organiser le contenu<\/li>\n<li>Compatible avec les th\u00e8mes de The Th\u00e9ifie et d&rsquo;autres th\u00e8mes WordPress<\/li>\n<li>Mises \u00e0 jour r\u00e9guli\u00e8res et soutien de The Th\u00e9ify pour assurer la compatibilit\u00e9 et les fonctionnalit\u00e9s<\/li>\n<\/ul>\n","protected":false},"excerpt":{"rendered":"<p>Le plugin THEIFY TILE, un plugin WordPress extr\u00eamement puissant, vous donne la possibilit\u00e9 de fabriquer des arrangements de grille exquis et adaptables pour votre site Web. Au moyen de son interface intuitive de glisser-d\u00e9poser, vous pouvez incorporer sans effort des carreaux, des images, des vid\u00e9os et un assortiment d&rsquo;autres \u00e9l\u00e9ments pour forger des dispositions passionnantes qui captivent et exaltant vos visiteurs. Peu importe que vous cherchiez \u00e0 afficher votre portefeuille, \u00e0 accentuer vos services ou \u00e0 propulser vos produits, le plugin THEIFY TILES sert de solution in\u00e9gal\u00e9e pour \u00e9tablir des dispositions resplendissantes et dynamiques qui ne laissent pas une impression ind\u00e9l\u00e9bile. Par cons\u00e9quent, pourquoi retarder davantage? Commencez aujourd&rsquo;hui la cr\u00e9ation de vos propres dispositions de tuiles \u00e9blouissantes en exploitant les capacit\u00e9s inimitables du plugin Th\u00e9siy Tiles!<\/p>\n","protected":false},"featured_media":145558,"comment_status":"open","ping_status":"open","template":"","meta":[],"product_brand":[2674],"product_cat":[1189,1181,1186],"product_tag":[1375],"class_list":{"0":"post-119293","1":"product","2":"type-product","3":"status-publish","4":"has-post-thumbnail","6":"product_brand-themify","7":"product_cat-personnalisation","8":"product_cat-plugins","9":"product_cat-wordpress-plugins","10":"product_tag-themify","11":"member-discount","12":"discount-restricted","14":"first","15":"instock","16":"sale","17":"downloadable","18":"virtual","19":"sold-individually","20":"purchasable","21":"product-type-simple"},"_links":{"self":[{"href":"https:\/\/gpl-love.com\/fr\/wp-json\/wp\/v2\/product\/119293","targetHints":{"allow":["GET"]}}],"collection":[{"href":"https:\/\/gpl-love.com\/fr\/wp-json\/wp\/v2\/product"}],"about":[{"href":"https:\/\/gpl-love.com\/fr\/wp-json\/wp\/v2\/types\/product"}],"replies":[{"embeddable":true,"href":"https:\/\/gpl-love.com\/fr\/wp-json\/wp\/v2\/comments?post=119293"}],"wp:featuredmedia":[{"embeddable":true,"href":"https:\/\/gpl-love.com\/fr\/wp-json\/wp\/v2\/media\/145558"}],"wp:attachment":[{"href":"https:\/\/gpl-love.com\/fr\/wp-json\/wp\/v2\/media?parent=119293"}],"wp:term":[{"taxonomy":"product_brand","embeddable":true,"href":"https:\/\/gpl-love.com\/fr\/wp-json\/wp\/v2\/product_brand?post=119293"},{"taxonomy":"product_cat","embeddable":true,"href":"https:\/\/gpl-love.com\/fr\/wp-json\/wp\/v2\/product_cat?post=119293"},{"taxonomy":"product_tag","embeddable":true,"href":"https:\/\/gpl-love.com\/fr\/wp-json\/wp\/v2\/product_tag?post=119293"}],"curies":[{"name":"wp","href":"https:\/\/api.w.org\/{rel}","templated":true}]}}