{"id":119291,"date":"2021-11-10T00:00:00","date_gmt":"2021-11-09T23:00:00","guid":{"rendered":"https:\/\/gpl-love.com\/fr\/produit\/mythemeshop-splash-wordpress-theme\/"},"modified":"2026-03-20T23:27:20","modified_gmt":"2026-03-20T22:27:20","slug":"mythemeshop-splash-wordpress-theme","status":"publish","type":"product","link":"https:\/\/gpl-love.com\/fr\/produit\/mythemeshop-splash-wordpress-theme\/","title":{"rendered":"MyThemeShop Splash WordPress Theme 3.3.10"},"content":{"rendered":"<h3>MyThemeShop Splash WordPress Theme Traits<\/h3>\n<p>MytheMeshop Splash WordPress Th\u00e8me, un th\u00e8me exemplaire impr\u00e9gn\u00e9 de modernit\u00e9 et d&rsquo;\u00e9l\u00e9gance, a \u00e9t\u00e9 m\u00e9ticuleusement con\u00e7u pour faciliter la cr\u00e9ation de sites Web visuellement frappants. Ce th\u00e8me remarquable offre une vaste gamme d&rsquo;options de personnalisation, vous permettant de fa\u00e7onner un site Web distinctif qui refl\u00e8te l&rsquo;essence de votre marque. B\u00e9n\u00e9ficiant d&rsquo;une r\u00e9activit\u00e9 compl\u00e8te, il s&rsquo;adapte de mani\u00e8re transparente aux mobiles et aux tablettes, ce qui le rend un choix impeccable pour les utilisateurs \u00e0 la recherche d&rsquo;une exp\u00e9rience de navigation fluide et immersive. De plus, il est dot\u00e9 d&rsquo;un assortiment de mod\u00e8les pr\u00e9d\u00e9finis, acc\u00e9l\u00e9rant le processus de configuration initial. MytheMeshop Splash \u00e9tend ses prouesses aux domaines de l&rsquo;exp\u00e9dit\u00e9 et de l&rsquo;optimisation du r\u00e9f\u00e9rencement, garantissant des temps de chargement rapides et une probabilit\u00e9 am\u00e9lior\u00e9e d&rsquo;obtenir un rang accru dans les r\u00e9sultats des moteurs de recherche. De plus, il englobe une myriade de fonctionnalit\u00e9s, notamment l&rsquo;int\u00e9gration des m\u00e9dias sociaux, les formulaires de contact et les capacit\u00e9s de traduction, renfor\u00e7ant ainsi votre pr\u00e9sence en ligne. Avec MyTheShop Splash comme votre compagnon de confiance, vous pouvez \u00e9laborer sans effort un site Web qui d\u00e9gage du professionnalisme et captive votre public en quelques instants.<\/p>\n<ul>\n<li>Design propre et professionnel avec des visuels accrocheurs<\/li>\n<li>Hautement personnalisable avec plusieurs options de mise en page<\/li>\n<li>Mobile r\u00e9actif pour assurer une exp\u00e9rience de visualisation transparente sur tous les appareils<\/li>\n<li>Int\u00e9gration int\u00e9gr\u00e9e des m\u00e9dias sociaux pour une augmentation de l&rsquo;engagement<\/li>\n<li>SEO optimis\u00e9 pour augmenter les classements des moteurs de recherche<\/li>\n<li>Retina Ready, fournissant des images cristallines sur les \u00e9crans haute r\u00e9solution<\/li>\n<li>Panneau d&rsquo;administration facile \u00e0 utiliser pour la gestion des sites Web sans effort<\/li>\n<li>Documentation compl\u00e8te et support client fiable<\/li>\n<li>Compatible avec tous les principaux navigateurs et plugins<\/li>\n<li>Vitesse de chargement rapide, am\u00e9liorant l&rsquo;exp\u00e9rience utilisateur et r\u00e9duisant les taux de rebond.<\/li>\n<\/ul>\n","protected":false},"excerpt":{"rendered":"<p>Le th\u00e8me WordPress de MyTheMeshop Splash est un th\u00e8me extr\u00eamement contemporain et \u00e9l\u00e9gant, m\u00e9ticuleusement adapt\u00e9 pour montrer parfaitement vos efforts artistiques. Sa r\u00e9activit\u00e9 ing\u00e9nieuse et sa formidable \u00e9ventail de possibilit\u00e9s de personnalisation vous permettent de fa\u00e7onner sans effort un site Web exquis et in\u00e9gal\u00e9 qui incarne impeccablement votre marque. En outre, ce th\u00e8me est \u00e9quip\u00e9 d&rsquo;une optimisation d&rsquo;optimisation des moteurs de recherche enracin\u00e9e et d&rsquo;une qualit\u00e9 de codage superlative, garantissant des vitesses de chargement rapides et transparentes. Peu importe que vous vous identifiiez en tant que Wordsmith, un virtuose visuel ou un aficionado entrepreneurial, le th\u00e8me MyTheShop Splash WordPress se pr\u00e9sente sans \u00e9quivoque comme la solution par excellence pour cr\u00e9er une pr\u00e9sence en ligne impressionnante.<\/p>\n","protected":false},"featured_media":144697,"comment_status":"open","ping_status":"open","template":"","meta":[],"product_brand":[2601],"product_cat":[1220,1212,1213],"product_tag":[1309],"class_list":{"0":"post-119291","1":"product","2":"type-product","3":"status-publish","4":"has-post-thumbnail","6":"product_brand-my-theme-shop","7":"product_cat-blog-magazine","8":"product_cat-themes","9":"product_cat-wordpress-themes","10":"product_tag-my-theme-shop","11":"member-discount","12":"discount-restricted","14":"first","15":"instock","16":"sale","17":"downloadable","18":"virtual","19":"sold-individually","20":"purchasable","21":"product-type-simple"},"_links":{"self":[{"href":"https:\/\/gpl-love.com\/fr\/wp-json\/wp\/v2\/product\/119291","targetHints":{"allow":["GET"]}}],"collection":[{"href":"https:\/\/gpl-love.com\/fr\/wp-json\/wp\/v2\/product"}],"about":[{"href":"https:\/\/gpl-love.com\/fr\/wp-json\/wp\/v2\/types\/product"}],"replies":[{"embeddable":true,"href":"https:\/\/gpl-love.com\/fr\/wp-json\/wp\/v2\/comments?post=119291"}],"wp:featuredmedia":[{"embeddable":true,"href":"https:\/\/gpl-love.com\/fr\/wp-json\/wp\/v2\/media\/144697"}],"wp:attachment":[{"href":"https:\/\/gpl-love.com\/fr\/wp-json\/wp\/v2\/media?parent=119291"}],"wp:term":[{"taxonomy":"product_brand","embeddable":true,"href":"https:\/\/gpl-love.com\/fr\/wp-json\/wp\/v2\/product_brand?post=119291"},{"taxonomy":"product_cat","embeddable":true,"href":"https:\/\/gpl-love.com\/fr\/wp-json\/wp\/v2\/product_cat?post=119291"},{"taxonomy":"product_tag","embeddable":true,"href":"https:\/\/gpl-love.com\/fr\/wp-json\/wp\/v2\/product_tag?post=119291"}],"curies":[{"name":"wp","href":"https:\/\/api.w.org\/{rel}","templated":true}]}}