{"id":119289,"date":"2022-02-01T00:00:00","date_gmt":"2022-01-31T23:00:00","guid":{"rendered":"https:\/\/gpl-love.com\/fr\/produit\/mythemeshop-reader-wordpress-theme\/"},"modified":"2026-04-10T18:33:11","modified_gmt":"2026-04-10T16:33:11","slug":"mythemeshop-reader-wordpress-theme","status":"publish","type":"product","link":"https:\/\/gpl-love.com\/fr\/produit\/mythemeshop-reader-wordpress-theme\/","title":{"rendered":"MyThemeShop Reader WordPress Theme 1.1.2"},"content":{"rendered":"<h3>MyThemeShop Reader WordPress Theme Traits<\/h3>\n<p>Le lecteur de MyTheShop, un th\u00e8me WordPress exquis et sophistiqu\u00e9, a \u00e9t\u00e9 ing\u00e9nieusement con\u00e7u pour les blogueurs et les \u00e9diteurs aspirant \u00e0 mettre en valeur leur contenu de panache et de professionnalisme. Ce th\u00e8me de pointe comprend un design \u00e9l\u00e9gant et contemporain qui met en lumi\u00e8re uniquement votre contenu inestimable. De plus, il poss\u00e8de une pl\u00e9thore d&rsquo;options personnalisables, y compris, mais sans s&rsquo;y limiter, diverses dispositions de poste, une vaste gamme de sch\u00e9mas de couleurs, ainsi qu&rsquo;une vaste s\u00e9lection de choix de typographie, vous permettant de forger une identit\u00e9 visuelle distincte et in\u00e9gal\u00e9e pour votre estime site Internet. En plus de ses prouesses esth\u00e9tiques, MytheMeshop Reader a \u00e9t\u00e9 m\u00e9ticuleusement optimis\u00e9 pour la rapidit\u00e9 et l&rsquo;optimisation des moteurs de recherche (SEO), garantissant que votre demeure num\u00e9rique se charge rapidement et atteint des classements enviables sur les moteurs de recherche. De plus, ce th\u00e8me poss\u00e8de une r\u00e9activit\u00e9 compl\u00e8te, ce qui signifie que votre site Web d\u00e9gagera de la magnificence et de la splendeur sur tous les appareils. Avec son interface utilisateur intuitive et un arsenal de fonctionnalit\u00e9s puissantes \u00e0 votre disposition, MyTheMeshop Reader est sans \u00e9quivoque comme le choix par excellence pour les personnes cherchant \u00e0 fa\u00e7onner un paradis en ligne puls\u00e9 avec le professionnalisme et le contenu captivant.<\/p>\n<ul>\n<li>Design \u00e9l\u00e9gant et moderne avec plusieurs sch\u00e9mas de couleurs<\/li>\n<li>Page d&rsquo;accueil enti\u00e8rement personnalisable avec widgets de glisser-d\u00e9poser<\/li>\n<li>Bo\u00eete d&rsquo;auteur int\u00e9gr\u00e9e pour pr\u00e9senter les informations sur les auteurs et les liens sur les r\u00e9seaux sociaux<\/li>\n<li>Configuration facile avec une installation de d\u00e9monstration en un clic<\/li>\n<li>Design r\u00e9actif et adapt\u00e9 \u00e0 mobile<\/li>\n<li>SEO optimis\u00e9 avec le balisage sch\u00e9ma.org<\/li>\n<li>Syst\u00e8me de gestion de publicit\u00e9 int\u00e9gr\u00e9 pour la mon\u00e9tisation<\/li>\n<li>Traduction pr\u00eate avec le support pour les langues RTL<\/li>\n<li>Compatibilit\u00e9 entre les navigateurs pour les performances transparentes sur n&rsquo;importe quel navigateur<\/li>\n<li>Support d\u00e9di\u00e9 et mises \u00e0 jour fr\u00e9quentes.<\/li>\n<\/ul>\n","protected":false},"excerpt":{"rendered":"<p>Le th\u00e8me WordPress du lecteur MyTheMeshop, un th\u00e8me tr\u00e8s sophistiqu\u00e9 et personnalisable sp\u00e9cifiquement con\u00e7u pour les blogueurs et les \u00e9crivains, d\u00e9gage une aura de raffinement et d&rsquo;individualit\u00e9. Son design \u00e9l\u00e9gant et \u00e9pur\u00e9 accentue non seulement la beaut\u00e9 de votre contenu, mais garantit \u00e9galement qu&rsquo;il se d\u00e9marque parmi la mer des publications en ligne. De plus, ce th\u00e8me poss\u00e8de une r\u00e9activit\u00e9 compl\u00e8te et des capacit\u00e9s d&rsquo;optimisation des moteurs de recherche, garantissant que votre site Web semble non seulement impeccable sur tous les appareils, mais est \u00e9galement facilement d\u00e9couverte par les moteurs de recherche populaires. Pour ajouter \u00e0 son allure, le th\u00e8me WordPress du lecteur MyTheMeshop offre une pl\u00e9thore d&rsquo;options de mise en page, des widgets personnalis\u00e9s et un \u00e9ventail de sch\u00e9mas de couleurs illimit\u00e9s, vous permettant de forger un chef-d&rsquo;\u0153uvre num\u00e9rique qui incarne parfaitement l&rsquo;essence de votre marque. De plus, la facilit\u00e9 d&rsquo;installation et de configuration de ce th\u00e8me remarquable est sans pr\u00e9c\u00e9dent, gr\u00e2ce \u00e0 son interface utilisateur intuitive et \u00e0 sa documentation compl\u00e8te. Ne perdez pas de temps et lancez votre voyage de blogs aujourd&rsquo;hui en embrassant l&rsquo;excellence premium qu&rsquo;est le th\u00e8me WordPress du lecteur MyTheMeshop!<\/p>\n","protected":false},"featured_media":144688,"comment_status":"open","ping_status":"open","template":"","meta":[],"product_brand":[2601],"product_cat":[1220,1212,1213],"product_tag":[1309],"class_list":{"0":"post-119289","1":"product","2":"type-product","3":"status-publish","4":"has-post-thumbnail","6":"product_brand-my-theme-shop","7":"product_cat-blog-magazine","8":"product_cat-themes","9":"product_cat-wordpress-themes","10":"product_tag-my-theme-shop","11":"member-discount","12":"discount-restricted","14":"first","15":"instock","16":"sale","17":"downloadable","18":"virtual","19":"sold-individually","20":"purchasable","21":"product-type-simple"},"_links":{"self":[{"href":"https:\/\/gpl-love.com\/fr\/wp-json\/wp\/v2\/product\/119289","targetHints":{"allow":["GET"]}}],"collection":[{"href":"https:\/\/gpl-love.com\/fr\/wp-json\/wp\/v2\/product"}],"about":[{"href":"https:\/\/gpl-love.com\/fr\/wp-json\/wp\/v2\/types\/product"}],"replies":[{"embeddable":true,"href":"https:\/\/gpl-love.com\/fr\/wp-json\/wp\/v2\/comments?post=119289"}],"wp:featuredmedia":[{"embeddable":true,"href":"https:\/\/gpl-love.com\/fr\/wp-json\/wp\/v2\/media\/144688"}],"wp:attachment":[{"href":"https:\/\/gpl-love.com\/fr\/wp-json\/wp\/v2\/media?parent=119289"}],"wp:term":[{"taxonomy":"product_brand","embeddable":true,"href":"https:\/\/gpl-love.com\/fr\/wp-json\/wp\/v2\/product_brand?post=119289"},{"taxonomy":"product_cat","embeddable":true,"href":"https:\/\/gpl-love.com\/fr\/wp-json\/wp\/v2\/product_cat?post=119289"},{"taxonomy":"product_tag","embeddable":true,"href":"https:\/\/gpl-love.com\/fr\/wp-json\/wp\/v2\/product_tag?post=119289"}],"curies":[{"name":"wp","href":"https:\/\/api.w.org\/{rel}","templated":true}]}}