{"id":119287,"date":"2021-02-09T00:00:00","date_gmt":"2021-02-08T23:00:00","guid":{"rendered":"https:\/\/gpl-love.com\/fr\/produit\/mythemeshop-point-pro-wordpress-theme\/"},"modified":"2026-04-10T18:33:09","modified_gmt":"2026-04-10T16:33:09","slug":"mythemeshop-point-pro-wordpress-theme","status":"publish","type":"product","link":"https:\/\/gpl-love.com\/fr\/produit\/mythemeshop-point-pro-wordpress-theme\/","title":{"rendered":"MyThemeShop Point Pro WordPress Theme 2.2.6"},"content":{"rendered":"<h3>MyThemeShop Point Pro WordPress Theme Traits<\/h3>\n<p>Le th\u00e8me MyTheMeshop Point Pro WordPress est un th\u00e8me incroyablement polyvalent et tr\u00e8s puissant qui r\u00e9pond efficacement aux divers besoins des blogueurs, des entrepreneurs et des entreprises. Fabriqu\u00e9 avec la plus grande pr\u00e9cision, ce th\u00e8me poss\u00e8de une disposition propre et contemporaine qui am\u00e9liore consid\u00e9rablement la lisibilit\u00e9 et \u00e9l\u00e8ve l&rsquo;exp\u00e9rience utilisateur globale. De plus, il pr\u00e9sente une pl\u00e9thore d&rsquo;options de personnalisation qui vous permettent d&rsquo;adapter sans effort votre site Web conform\u00e9ment \u00e0 vos exigences distinctives. Notamment, ce th\u00e8me est m\u00e9ticuleusement optimis\u00e9 pour la vitesse et le r\u00e9f\u00e9rencement, garantissant ainsi des classements de moteur de recherche impeccables et des temps de chargement rapides pour vos visiteurs estim\u00e9s. De plus, le panel d&rsquo;options de th\u00e8me remarquablement robuste et parfaitement intuitif vous permet de personnaliser votre site \u00e0 la perfection, m\u00eame en l&rsquo;absence de toute expertise de codage. En exploitant les capacit\u00e9s exceptionnelles de Point Pro, vous poss\u00e9dez la capacit\u00e9 in\u00e9gal\u00e9e \u00e0 cr\u00e9er un site Web visuellement \u00e9tourdissant et ind\u00e9niablement professionnel qui laissera ind\u00e9niablement une impression ind\u00e9l\u00e9bile sur votre public estim\u00e9.<\/p>\n<ul>\n<li>La conception r\u00e9active garantit une fonctionnalit\u00e9 transparente sur tous les appareils<\/li>\n<li>Design propre et \u00e9l\u00e9gant pour une apparence professionnelle<\/li>\n<li>Options de typographie avanc\u00e9e pour la personnalisation du style de texte<\/li>\n<li>Panneau de personnalisation int\u00e9gr\u00e9 pour une personnalisation facile de diverses options de th\u00e8me<\/li>\n<li>Plusieurs dispositions de publication au choix, y compris les styles de blog et de magazine<\/li>\n<li>Int\u00e9gration int\u00e9gr\u00e9e des m\u00e9dias sociaux pour un partage facile sur les plateformes populaires<\/li>\n<li>SEO optimis\u00e9 pour les classements de moteur de recherche plus \u00e9lev\u00e9s<\/li>\n<li>Compatible avec les plugins WordPress populaires pour des fonctionnalit\u00e9s suppl\u00e9mentaires<\/li>\n<li>\u00c9quipe de support d\u00e9di\u00e9e disponible pour l&rsquo;aide et le d\u00e9pannage<\/li>\n<li>Installation de d\u00e9monstration en un clic pour une configuration rapide et facile.<\/li>\n<\/ul>\n","protected":false},"excerpt":{"rendered":"<p>Le th\u00e8me MyTheMeshop Point Pro WordPress est un th\u00e8me absolument impressionnant et incroyablement adaptable qui est tout \u00e0 fait id\u00e9al pour tout type de site Web, quelle que soit sa nature ou son objectif. L&rsquo;une de ses fonctionnalit\u00e9s les plus remarquables est sa conception enti\u00e8rement r\u00e9active, qui garantit que votre site Web sera absolument \u00e9tonnant et fonctionnera parfaitement sur n&rsquo;importe quel appareil ou taille d&rsquo;\u00e9cran. De plus, ce th\u00e8me offre une large gamme d&rsquo;options de couleurs illimit\u00e9es, vous permettant de personnaliser et de personnaliser vraiment votre site Web pour correspondre parfaitement \u00e0 vos pr\u00e9f\u00e9rences de marque ou esth\u00e9tiques. De plus, le th\u00e8me Point Pro dispose de plusieurs dispositions de publication, vous offrant la flexibilit\u00e9 et la libert\u00e9 d&rsquo;afficher votre contenu dans divers formats visuellement attrayants et engageants. De plus, ce th\u00e8me comprend une s\u00e9lection de widgets personnalis\u00e9s qui peuvent am\u00e9liorer consid\u00e9rablement la fonctionnalit\u00e9 et l&rsquo;exp\u00e9rience utilisateur de votre site Web. Ces widgets peuvent \u00eatre facilement ajout\u00e9s et positionn\u00e9s pour r\u00e9pondre \u00e0 vos besoins et exigences sp\u00e9cifiques. En outre, Point Pro est non seulement visuellement captivant et convivial, mais il est \u00e9galement optimis\u00e9 pour les moteurs de recherche, garantissant que votre site Web se classera fortement dans les r\u00e9sultats des moteurs de recherche et attirera un flux constant de trafic organique. Ceci est de la plus haute importance pour les blogueurs, les propri\u00e9taires d&rsquo;entreprise et les professionnels de la cr\u00e9ation, car il leur permet de maximiser leur visibilit\u00e9 en ligne et d&rsquo;atteindre efficacement leur public cible. En conclusion, le th\u00e8me MyTheMeshop Point Pro WordPress est ind\u00e9niablement une solution compl\u00e8te et riche en fonctionnalit\u00e9s pour tous ceux qui cherchent \u00e0 \u00e9tablir une pr\u00e9sence en ligne polie et professionnelle.<\/p>\n","protected":false},"featured_media":144684,"comment_status":"open","ping_status":"open","template":"","meta":[],"product_brand":[2601],"product_cat":[1242,1212,1213],"product_tag":[1309],"class_list":{"0":"post-119287","1":"product","2":"type-product","3":"status-publish","4":"has-post-thumbnail","6":"product_brand-my-theme-shop","7":"product_cat-creatif","8":"product_cat-themes","9":"product_cat-wordpress-themes","10":"product_tag-my-theme-shop","11":"member-discount","12":"discount-restricted","14":"first","15":"instock","16":"sale","17":"downloadable","18":"virtual","19":"sold-individually","20":"purchasable","21":"product-type-simple"},"_links":{"self":[{"href":"https:\/\/gpl-love.com\/fr\/wp-json\/wp\/v2\/product\/119287","targetHints":{"allow":["GET"]}}],"collection":[{"href":"https:\/\/gpl-love.com\/fr\/wp-json\/wp\/v2\/product"}],"about":[{"href":"https:\/\/gpl-love.com\/fr\/wp-json\/wp\/v2\/types\/product"}],"replies":[{"embeddable":true,"href":"https:\/\/gpl-love.com\/fr\/wp-json\/wp\/v2\/comments?post=119287"}],"wp:featuredmedia":[{"embeddable":true,"href":"https:\/\/gpl-love.com\/fr\/wp-json\/wp\/v2\/media\/144684"}],"wp:attachment":[{"href":"https:\/\/gpl-love.com\/fr\/wp-json\/wp\/v2\/media?parent=119287"}],"wp:term":[{"taxonomy":"product_brand","embeddable":true,"href":"https:\/\/gpl-love.com\/fr\/wp-json\/wp\/v2\/product_brand?post=119287"},{"taxonomy":"product_cat","embeddable":true,"href":"https:\/\/gpl-love.com\/fr\/wp-json\/wp\/v2\/product_cat?post=119287"},{"taxonomy":"product_tag","embeddable":true,"href":"https:\/\/gpl-love.com\/fr\/wp-json\/wp\/v2\/product_tag?post=119287"}],"curies":[{"name":"wp","href":"https:\/\/api.w.org\/{rel}","templated":true}]}}