{"id":119285,"date":"2022-02-25T00:00:00","date_gmt":"2022-02-24T23:00:00","guid":{"rendered":"https:\/\/gpl-love.com\/fr\/produit\/mythemeshop-newspaper-wordpress-theme\/"},"modified":"2026-04-10T18:33:04","modified_gmt":"2026-04-10T16:33:04","slug":"mythemeshop-newspaper-wordpress-theme","status":"publish","type":"product","link":"https:\/\/gpl-love.com\/fr\/produit\/mythemeshop-newspaper-wordpress-theme\/","title":{"rendered":"MyThemeShop Newspaper WordPress Theme 2.3.14"},"content":{"rendered":"<h3>MyThemeShop Newspaper WordPress Theme Traits<\/h3>\n<p>Le journal MyTheShop est un th\u00e8me WordPress remarquablement polyvalent et r\u00e9actif qui a \u00e9t\u00e9 m\u00e9ticuleusement con\u00e7u dans le but sp\u00e9cifique d&rsquo;am\u00e9liorer les sites Web de nouvelles et de magazines. Avec son design immacul\u00e9 et moderne, ce th\u00e8me poss\u00e8de la capacit\u00e9 exceptionnelle \u00e0 \u00e9lever votre site Web au-del\u00e0 de ses concurrents, capturant l&rsquo;attention et l&rsquo;admiration de votre public. En embrassant une multitude de dispositions de page d&rsquo;accueil, un en-t\u00eate et un pied de page personnalisables, ainsi qu&rsquo;un assortiment de dispositions de poste, ce th\u00e8me vous accorde l&rsquo;occasion inestimable pour insuffler votre contenu avec un sentiment de flexibilit\u00e9 et de diversit\u00e9. En outre, ce th\u00e8me a \u00e9t\u00e9 m\u00e9ticuleusement optimis\u00e9 pour hi\u00e9rarchiser la vitesse et l&rsquo;optimisation des moteurs de recherche (SEO), garantissant que votre site Web se chargera rapidement et sera d\u00e9couverte sans effort pour les moteurs de recherche. De plus, ce th\u00e8me poss\u00e8de une int\u00e9gration transparente et sans effort avec les plateformes de m\u00e9dias sociaux, ainsi que des outils de gestion des publicit\u00e9s conviviaux, qui facilitent sans effort la mon\u00e9tisation de votre site Web. Sans aucun doute, le journal MyTheMeshop est un choix exemplaire pour quiconque cherche \u00e0 cultiver un site Web de nouvelles ou de magazines faisant autorit\u00e9 et captivant.<\/p>\n<ul>\n<li>Un th\u00e8me WordPress personnalisable con\u00e7u pour les sites Web de journaux et de magazines<\/li>\n<li>Livr\u00e9 avec plusieurs dispositions pr\u00e9d\u00e9finies pour les pages d&rsquo;accueil, les pages d&rsquo;archives et les messages individuels<\/li>\n<li>Comprend un g\u00e9n\u00e9rateur de pages glisser-d\u00e9poser pour une personnalisation facile et la cr\u00e9ation de mises en page uniques<\/li>\n<li>Propose une conception r\u00e9active pour vous assurer que votre site Web a fi\u00e8re allure sur tous les appareils<\/li>\n<li>Offre des sch\u00e9mas et des polices de couleurs illimit\u00e9es au choix pour correspondre \u00e0 votre marque ou \u00e0 votre style personnel<\/li>\n<li>S&rsquo;int\u00e8gre \u00e0 des plugins populaires tels que WP Review Pro et WP Mega Menu pour ajouter des fonctionnalit\u00e9s<\/li>\n<li>Comprend un tableau de bord personnalis\u00e9 avec des fonctionnalit\u00e9s utiles telles que la gestion des publicit\u00e9s et le suivi des analyses<\/li>\n<li>Offre un excellent support client et des mises \u00e0 jour r\u00e9guli\u00e8res pour assurer la compatibilit\u00e9 avec les derni\u00e8res versions et technologies WordPress<\/li>\n<li>Optimis\u00e9 pour la vitesse et l&rsquo;optimisation des moteurs de recherche (SEO) pour aider votre site Web \u00e0 se classer plus haut dans les r\u00e9sultats de recherche<\/li>\n<li>Compatible avec la plupart des navigateurs principaux, notamment Chrome, Safari, Firefox et Edge.<\/li>\n<\/ul>\n","protected":false},"excerpt":{"rendered":"<p>Le th\u00e8me du journal WordPress, fourni par MytheMeshop, est une r\u00e9solution impeccable pour les blogueurs et les sites de nouvelles qui recherchent un design poli et contemporain. Poss\u00e9dant une mise en page qui r\u00e9pond parfaitement \u00e0 divers appareils et accordant aux utilisateurs la libert\u00e9 de personnaliser, ce th\u00e8me garantit une apparence attrayante pour votre site Web quel que soit le support. De plus, il offre une pl\u00e9thore de fonctionnalit\u00e9s, y compris, mais sans s&rsquo;y limiter, diverses mises en page, une int\u00e9gration transparente avec les plateformes de m\u00e9dias sociaux et un espace publicitaire int\u00e9gr\u00e9, qui facilitent tous la cr\u00e9ation de contenu captivant tout en permettant simultan\u00e9ment la mon\u00e9tisation de votre site Web . Admenez l&rsquo;opportunit\u00e9 d&rsquo;\u00e9lever votre site Web \u00e0 de nouveaux sommets en passant au th\u00e8me WordPress du journal de MyTheShop aujourd&rsquo;hui.<\/p>\n","protected":false},"featured_media":144679,"comment_status":"open","ping_status":"open","template":"","meta":[],"product_brand":[2601],"product_cat":[1220,1212,1213],"product_tag":[1309],"class_list":{"0":"post-119285","1":"product","2":"type-product","3":"status-publish","4":"has-post-thumbnail","6":"product_brand-my-theme-shop","7":"product_cat-blog-magazine","8":"product_cat-themes","9":"product_cat-wordpress-themes","10":"product_tag-my-theme-shop","11":"member-discount","12":"discount-restricted","14":"first","15":"instock","16":"sale","17":"downloadable","18":"virtual","19":"sold-individually","20":"purchasable","21":"product-type-simple"},"_links":{"self":[{"href":"https:\/\/gpl-love.com\/fr\/wp-json\/wp\/v2\/product\/119285","targetHints":{"allow":["GET"]}}],"collection":[{"href":"https:\/\/gpl-love.com\/fr\/wp-json\/wp\/v2\/product"}],"about":[{"href":"https:\/\/gpl-love.com\/fr\/wp-json\/wp\/v2\/types\/product"}],"replies":[{"embeddable":true,"href":"https:\/\/gpl-love.com\/fr\/wp-json\/wp\/v2\/comments?post=119285"}],"wp:featuredmedia":[{"embeddable":true,"href":"https:\/\/gpl-love.com\/fr\/wp-json\/wp\/v2\/media\/144679"}],"wp:attachment":[{"href":"https:\/\/gpl-love.com\/fr\/wp-json\/wp\/v2\/media?parent=119285"}],"wp:term":[{"taxonomy":"product_brand","embeddable":true,"href":"https:\/\/gpl-love.com\/fr\/wp-json\/wp\/v2\/product_brand?post=119285"},{"taxonomy":"product_cat","embeddable":true,"href":"https:\/\/gpl-love.com\/fr\/wp-json\/wp\/v2\/product_cat?post=119285"},{"taxonomy":"product_tag","embeddable":true,"href":"https:\/\/gpl-love.com\/fr\/wp-json\/wp\/v2\/product_tag?post=119285"}],"curies":[{"name":"wp","href":"https:\/\/api.w.org\/{rel}","templated":true}]}}