{"id":119283,"date":"2021-11-10T00:00:00","date_gmt":"2021-11-09T23:00:00","guid":{"rendered":"https:\/\/gpl-love.com\/fr\/produit\/mythemeshop-lifestyle-wordpress-theme\/"},"modified":"2026-03-20T23:26:53","modified_gmt":"2026-03-20T22:26:53","slug":"mythemeshop-lifestyle-wordpress-theme","status":"publish","type":"product","link":"https:\/\/gpl-love.com\/fr\/produit\/mythemeshop-lifestyle-wordpress-theme\/","title":{"rendered":"MyThemeShop Lifestyle WordPress Theme 1.1.11"},"content":{"rendered":"<h3>MyThemeShop Lifestyle WordPress Theme Traits<\/h3>\n<p>MytheMeshop pr\u00e9sente le th\u00e8me WordPress lifestyle, une s\u00e9lection remarquable r\u00e9pondant aux besoins des blogueurs, des magazines et des sites Web d&rsquo;actualit\u00e9s, ainsi que des personnes \u00e0 la recherche d&rsquo;une marque personnalis\u00e9e. Ce th\u00e8me poss\u00e8de une conception enti\u00e8rement r\u00e9active, en s&rsquo;adaptant de mani\u00e8re transparente \u00e0 diverses tailles d&rsquo;\u00e9cran, tout en offrant des options de personnalisation approfondies, ce qui permet aux utilisateurs de infuser leur site Web avec une touche distinctive. En outre, son impressionnant \u00e9ventail de fonctionnalit\u00e9s, y compris un syst\u00e8me de revue int\u00e9gr\u00e9, des capacit\u00e9s compl\u00e8tes de gestion des publicit\u00e9s et une int\u00e9gration sans faille des m\u00e9dias sociaux, en font le choix ultime pour ceux qui recherchent une pr\u00e9sence en ligne polie et professionnelle. De plus, l&rsquo;optimisation du th\u00e8me pour la vitesse garantit une performance sans faille et efficace, assurant le bon fonctionnement de votre site Web. Compte tenu de tout, le th\u00e8me WordPress de style de vie de MyTheShop appara\u00eet comme un concurrent exceptionnel pour les personnes \u00e0 la recherche d&rsquo;un m\u00e9lange harmonieux de style et de fonctionnalit\u00e9 dans leurs efforts en ligne.<\/p>\n<ul>\n<li>Conception r\u00e9active optimis\u00e9e pour tous les appareils et tailles d&rsquo;\u00e9cran<\/li>\n<li>Page d&rsquo;accueil personnalisable avec plusieurs options de mise en page<\/li>\n<li>Syst\u00e8me d&rsquo;examen int\u00e9gr\u00e9 pour que les utilisateurs puissent \u00e9valuer et examiner les produits<\/li>\n<li>600+ polices Google et options de couleurs illimit\u00e9es pour une personnalisation compl\u00e8te<\/li>\n<li>Optimis\u00e9 pour les moteurs de recherche avec code propre et valid\u00e9<\/li>\n<li>Panneau d&rsquo;options de th\u00e8me facile \u00e0 utiliser pour une personnalisation rapide et simple<\/li>\n<li>Installation en un clic pour une configuration facile<\/li>\n<li>WooCommerce compatible pour la fonctionnalit\u00e9 du commerce \u00e9lectronique<\/li>\n<li>Traduction pr\u00eate avec les fichiers .po et .mo inclus pour les sites multilingues<\/li>\n<li>\u00c9quipe d&rsquo;assistance d\u00e9di\u00e9e et documentation d\u00e9taill\u00e9e pour l&rsquo;aide<\/li>\n<\/ul>\n","protected":false},"excerpt":{"rendered":"<p>Le th\u00e8me WordPress MytheMeshop Lifestyle se pr\u00e9sente comme la pr\u00e9f\u00e9rence ultime pour les individus engag\u00e9s dans les domaines de la cr\u00e9ation de blogs et de contenu, qui ont une inclination vers un design visuellement attrayant et contemporain. Ce th\u00e8me exceptionnellement con\u00e7u poss\u00e8de une disposition pleinement r\u00e9active, permettant \u00e0 votre site Web de s&rsquo;adapter de mani\u00e8re transparente \u00e0 diverses tailles d&rsquo;\u00e9cran. De plus, il offre la commodit\u00e9 de sch\u00e9mas de couleurs personnalisables, vous accordant la libert\u00e9 de personnaliser votre site Web en fonction de vos pr\u00e9f\u00e9rences. Le th\u00e8me englobe \u00e9galement un large \u00e9ventail de formats post, facilitant ainsi l&rsquo;exposition de votre contenu de mani\u00e8re diversifi\u00e9e et captivante. En outre, le th\u00e8me de style de vie est \u00e9quip\u00e9 d&rsquo;options d&rsquo;optimisation int\u00e9gr\u00e9es, garantissant que votre site Web se charge non seulement rapidement, mais assure \u00e9galement un classement louable dans les r\u00e9sultats des moteurs de recherche. Comme si cela ne suffisait pas, le th\u00e8me amplifie davantage son allure avec son interface conviviale et sa documentation compl\u00e8te, ce qui rend votre processus de configuration de site Web une entreprise sans effort. Que vous vous identifiiez comme un blogueur, un photographe ou m\u00eame un propri\u00e9taire d&rsquo;une entreprise modeste, soyez assur\u00e9 que le th\u00e8me de style de vie \u00e9l\u00e8vera sans aucun doute votre pr\u00e9sence en ligne \u00e0 de nouveaux sommets.<\/p>\n","protected":false},"featured_media":144669,"comment_status":"open","ping_status":"open","template":"","meta":[],"product_brand":[2601],"product_cat":[1242,1212,1213],"product_tag":[1309],"class_list":{"0":"post-119283","1":"product","2":"type-product","3":"status-publish","4":"has-post-thumbnail","6":"product_brand-my-theme-shop","7":"product_cat-creatif","8":"product_cat-themes","9":"product_cat-wordpress-themes","10":"product_tag-my-theme-shop","11":"member-discount","12":"discount-restricted","14":"first","15":"instock","16":"sale","17":"downloadable","18":"virtual","19":"sold-individually","20":"purchasable","21":"product-type-simple"},"_links":{"self":[{"href":"https:\/\/gpl-love.com\/fr\/wp-json\/wp\/v2\/product\/119283","targetHints":{"allow":["GET"]}}],"collection":[{"href":"https:\/\/gpl-love.com\/fr\/wp-json\/wp\/v2\/product"}],"about":[{"href":"https:\/\/gpl-love.com\/fr\/wp-json\/wp\/v2\/types\/product"}],"replies":[{"embeddable":true,"href":"https:\/\/gpl-love.com\/fr\/wp-json\/wp\/v2\/comments?post=119283"}],"wp:featuredmedia":[{"embeddable":true,"href":"https:\/\/gpl-love.com\/fr\/wp-json\/wp\/v2\/media\/144669"}],"wp:attachment":[{"href":"https:\/\/gpl-love.com\/fr\/wp-json\/wp\/v2\/media?parent=119283"}],"wp:term":[{"taxonomy":"product_brand","embeddable":true,"href":"https:\/\/gpl-love.com\/fr\/wp-json\/wp\/v2\/product_brand?post=119283"},{"taxonomy":"product_cat","embeddable":true,"href":"https:\/\/gpl-love.com\/fr\/wp-json\/wp\/v2\/product_cat?post=119283"},{"taxonomy":"product_tag","embeddable":true,"href":"https:\/\/gpl-love.com\/fr\/wp-json\/wp\/v2\/product_tag?post=119283"}],"curies":[{"name":"wp","href":"https:\/\/api.w.org\/{rel}","templated":true}]}}