{"id":119281,"date":"2021-12-15T00:00:00","date_gmt":"2021-12-14T23:00:00","guid":{"rendered":"https:\/\/gpl-love.com\/fr\/produit\/mythemeshop-architect-wordpress-theme\/"},"modified":"2026-03-20T23:26:28","modified_gmt":"2026-03-20T22:26:28","slug":"mythemeshop-architect-wordpress-theme","status":"publish","type":"product","link":"https:\/\/gpl-love.com\/fr\/produit\/mythemeshop-architect-wordpress-theme\/","title":{"rendered":"MyThemeShop Architect WordPress Theme 1.2.12"},"content":{"rendered":"<h3>MyThemeShop Architect WordPress Theme Traits<\/h3>\n<p>Le th\u00e8me architecte WordPress de MyTheMeshop est un exemple exemplaire de th\u00e8mes contemporains et sophistiqu\u00e9s qui s&rsquo;adressent \u00e0 la cr\u00e9ation et \u00e0 la conception de sites Web saisissants. Son design \u00e9l\u00e9gant et \u00e9pur\u00e9 sans d\u00e9faut en fait un choix id\u00e9al pour les entreprises, les agences et les individus qui aspirent \u00e0 \u00e9tablir une pr\u00e9sence en ligne r\u00e9put\u00e9e. De plus, ce th\u00e8me garantit une exp\u00e9rience utilisateur transparente en \u00e9tant enti\u00e8rement r\u00e9active et m\u00e9ticuleusement optimis\u00e9e pour l&rsquo;optimisation des moteurs de recherche, garantissant que votre site Web sera non seulement visuellement attrayant mais obtiendra \u00e9galement des classements \u00e9lev\u00e9s sur les pages de r\u00e9sultats des moteurs de recherche. Le th\u00e8me de l&rsquo;architecte poss\u00e8de un assortiment de mod\u00e8les de page pr\u00e9fabriqu\u00e9s et une pl\u00e9thore d&rsquo;options de personnalisation, facilitant ainsi la cr\u00e9ation d&rsquo;un site Web distinctif et sur mesure. De plus, il s&rsquo;int\u00e8gre de mani\u00e8re transparente aux plugins populaires tels que WooCommerce et Contact Form 7, simplifiant ainsi le processus d&rsquo;int\u00e9gration de la fonctionnalit\u00e9 de commerce \u00e9lectronique et des formulaires de contact dans votre site Web. En conclusion, le th\u00e8me architecte WordPress est un th\u00e8me extraordinairement puissant et adaptable qui s&rsquo;adresse parfaitement \u00e0 quiconque cherche \u00e0 concevoir sans effort un site Web professionnel.<\/p>\n<ul>\n<li>Conception enti\u00e8rement r\u00e9active pour une vision parfaite sur tous les appareils<\/li>\n<li>Plusieurs options de mise en page personnalisables<\/li>\n<li>Page Builder pour une personnalisation facile sans comp\u00e9tences de codage<\/li>\n<li>Panneau d&rsquo;options avanc\u00e9 pour une personnalisation du th\u00e8me pr\u00e9cis<\/li>\n<li>Int\u00e9gration du sch\u00e9ma pour une meilleure visibilit\u00e9 des moteurs de recherche<\/li>\n<li>Options de typographie int\u00e9gr\u00e9e pour une s\u00e9lection et une personnalisation faciles<\/li>\n<li>Widgets personnalis\u00e9s pour des fonctionnalit\u00e9s et des options de conception suppl\u00e9mentaires<\/li>\n<li>Installateur en un clic pour une configuration facile<\/li>\n<li>Shortcodes personnalis\u00e9s pour des \u00e9l\u00e9ments de conception suppl\u00e9mentaires<\/li>\n<li>Optimis\u00e9 pour la vitesse et l&rsquo;efficacit\u00e9 pour une am\u00e9lioration de l&rsquo;exp\u00e9rience utilisateur et du r\u00e9f\u00e9rencement<\/li>\n<\/ul>\n","protected":false},"excerpt":{"rendered":"<p>Le th\u00e8me WordPress de l&rsquo;architecte MyTheMeshop offre une solution compl\u00e8te et polyvalente pour cr\u00e9er des sites Web professionnels et visuellement \u00e9tonnants. Avec sa large gamme de fonctionnalit\u00e9s personnalisables et d&rsquo;interface conviviale, ce th\u00e8me r\u00e9pond aux besoins des d\u00e9veloppeurs et d\u00e9butants exp\u00e9riment\u00e9s. De sa vaste biblioth\u00e8que de mod\u00e8les pr\u00e9-con\u00e7us \u00e0 son constructeur de pages glisser-d\u00e9poser intuitif, le th\u00e8me de l&rsquo;architecte permet aux utilisateurs de cr\u00e9er sans effort des sites Web uniques et engageants. De plus, ce th\u00e8me est enti\u00e8rement r\u00e9actif et optimis\u00e9 pour le r\u00e9f\u00e9rencement, garantissant que votre site Web aura fi\u00e8re allure et fonctionne bien sur tous les appareils et moteurs de recherche. Avec son int\u00e9gration transparente avec des plugins populaires et son support client fiable, le th\u00e8me WordPress de l&rsquo;architecte MyTheMeshop est le choix id\u00e9al pour les particuliers et les entreprises qui cherchent \u00e0 cr\u00e9er une pr\u00e9sence en ligne remarquable.<\/p>\n","protected":false},"featured_media":144642,"comment_status":"open","ping_status":"open","template":"","meta":[],"product_brand":[2601],"product_cat":[1516,1212,1213],"product_tag":[1309],"class_list":{"0":"post-119281","1":"product","2":"type-product","3":"status-publish","4":"has-post-thumbnail","6":"product_brand-my-theme-shop","7":"product_cat-entreprise","8":"product_cat-themes","9":"product_cat-wordpress-themes","10":"product_tag-my-theme-shop","11":"member-discount","12":"discount-restricted","14":"first","15":"instock","16":"sale","17":"downloadable","18":"virtual","19":"sold-individually","20":"purchasable","21":"product-type-simple"},"_links":{"self":[{"href":"https:\/\/gpl-love.com\/fr\/wp-json\/wp\/v2\/product\/119281","targetHints":{"allow":["GET"]}}],"collection":[{"href":"https:\/\/gpl-love.com\/fr\/wp-json\/wp\/v2\/product"}],"about":[{"href":"https:\/\/gpl-love.com\/fr\/wp-json\/wp\/v2\/types\/product"}],"replies":[{"embeddable":true,"href":"https:\/\/gpl-love.com\/fr\/wp-json\/wp\/v2\/comments?post=119281"}],"wp:featuredmedia":[{"embeddable":true,"href":"https:\/\/gpl-love.com\/fr\/wp-json\/wp\/v2\/media\/144642"}],"wp:attachment":[{"href":"https:\/\/gpl-love.com\/fr\/wp-json\/wp\/v2\/media?parent=119281"}],"wp:term":[{"taxonomy":"product_brand","embeddable":true,"href":"https:\/\/gpl-love.com\/fr\/wp-json\/wp\/v2\/product_brand?post=119281"},{"taxonomy":"product_cat","embeddable":true,"href":"https:\/\/gpl-love.com\/fr\/wp-json\/wp\/v2\/product_cat?post=119281"},{"taxonomy":"product_tag","embeddable":true,"href":"https:\/\/gpl-love.com\/fr\/wp-json\/wp\/v2\/product_tag?post=119281"}],"curies":[{"name":"wp","href":"https:\/\/api.w.org\/{rel}","templated":true}]}}