{"id":119272,"date":"2026-01-12T00:00:00","date_gmt":"2026-01-11T23:00:00","guid":{"rendered":"https:\/\/gpl-love.com\/fr\/produit\/tusant-secondline\/"},"modified":"2026-04-10T18:43:58","modified_gmt":"2026-04-10T16:43:58","slug":"tusant-secondline","status":"publish","type":"product","link":"https:\/\/gpl-love.com\/fr\/produit\/tusant-secondline\/","title":{"rendered":"Tusant SecondLine 1.5.7"},"content":{"rendered":"<h3>Tusant SecondLine Traits<\/h3>\n<p>Tusant Secondline est une solution de communication exceptionnelle, qui permet aux utilisateurs d&rsquo;int\u00e9grer sans effort une ligne t\u00e9l\u00e9phonique suppl\u00e9mentaire dans leur appareil mobile existant. Ce produit innovant offre la commodit\u00e9 de s\u00e9parer les appels personnels et professionnels, de g\u00e9rer efficacement plusieurs num\u00e9ros de t\u00e9l\u00e9phone \u00e0 partir d&rsquo;un seul smartphone et de se livrer \u00e0 des appels vocaux et \u00e0 des messages impeccablement clairs. Non seulement Tusant Secondline offre ces caract\u00e9ristiques fondamentales, mais elle pr\u00e9sente \u00e9galement aux utilisateurs un \u00e9ventail de fonctionnalit\u00e9s avanc\u00e9es, y compris la messagerie vocale, le renvoi d&rsquo;appels et la possibilit\u00e9 de personnaliser les salutations de la messagerie vocale. Ces fonctionnalit\u00e9s remarquables font de la deuxi\u00e8me ligne Tusant une solution id\u00e9ale pour les professionnels qui n\u00e9cessitent une connectivit\u00e9 ininterrompue avec leurs pr\u00e9cieux clients et clients, quelle que soit leur emplacement. Avec Tusant Secondline, les utilisateurs peuvent se d\u00e9lecter de l&rsquo;assurance d&rsquo;un outil fiable et sans tracas qui accorde des capacit\u00e9s de communication in\u00e9gal\u00e9es, le tout sans avoir besoin d&rsquo;un appareil ou d&rsquo;une carte SIM s\u00e9par\u00e9e.<\/p>\n<ul>\n<li>Un service t\u00e9l\u00e9phonique simple et convivial qui vous permet d&rsquo;ajouter une deuxi\u00e8me ligne t\u00e9l\u00e9phonique \u00e0 votre appareil.<\/li>\n<li>Fournit un moyen fiable et s\u00e9curis\u00e9 de s\u00e9parer vos appels personnels et commerciaux.<\/li>\n<li>Disponible pour les appareils iPhone et Android.<\/li>\n<li>Aucun contrat, v\u00e9rification de cr\u00e9dit ou mat\u00e9riel suppl\u00e9mentaire requis.<\/li>\n<li>Des plans flexibles et abordables adapt\u00e9s \u00e0 vos besoins sp\u00e9cifiques, \u00e0 partir de seulement -99 $ par mois.<\/li>\n<li>Les fonctionnalit\u00e9s incluent l&rsquo;appel d&rsquo;appel, l&rsquo;ID de l&rsquo;appelant, la messagerie vocale et la possibilit\u00e9 de choisir votre propre num\u00e9ro de t\u00e9l\u00e9phone.<\/li>\n<li>Offre un nombre local et international dans plus de 20 pays.<\/li>\n<li>Vous permet de passer et de recevoir des appels de n&rsquo;importe o\u00f9 dans le monde avec une connexion Internet.<\/li>\n<li>Compatible avec la plupart des principaux transporteurs et soutient les r\u00e9seaux Wi-Fi et cellulaires.<\/li>\n<li>Fournit un support client de premier ordre par t\u00e9l\u00e9phone, e-mail ou chat en direct.<\/li>\n<\/ul>\n","protected":false},"excerpt":{"rendered":"<p>Le Tusant Secondline, qui poss\u00e8de une qualit\u00e9 exceptionnelle, sert de fournisseur de lignes t\u00e9l\u00e9phoniques qui donne aux utilisateurs la possibilit\u00e9 de poss\u00e9der une ligne t\u00e9l\u00e9phonique suppl\u00e9mentaire sur leurs appareils mobiles. Ce service s&rsquo;av\u00e8re id\u00e9al pour des individus tels que les entrepreneurs, les t\u00e9l\u00e9travails ou toute personne cherchant \u00e0 maintenir une distinction claire entre leurs communications personnelles et li\u00e9es au travail, compte tenu de son inclusion de capacit\u00e9s de transfert d&rsquo;appel, de messagerie vocale et de messagerie texte. De plus, les utilisateurs ont la possibilit\u00e9 de s\u00e9lectionner parmi une vaste gamme de num\u00e9ros de t\u00e9l\u00e9phone, tout en \u00e9tant en mesure d&rsquo;adapter leurs param\u00e8tres en fonction de leurs besoins sp\u00e9cifiques. Offrez des adieux \u00e0 la g\u00eane occasionn\u00e9e de transporter deux t\u00e9l\u00e9phones et de rationaliser vos moyens de correspondance avec la deuxi\u00e8me ligne de Tusant remarquable.<\/p>\n","protected":false},"featured_media":145621,"comment_status":"open","ping_status":"open","template":"","meta":[],"product_brand":[2475],"product_cat":[1242,1212,1213],"product_tag":[2267],"class_list":{"0":"post-119272","1":"product","2":"type-product","3":"status-publish","4":"has-post-thumbnail","6":"product_brand-secondline","7":"product_cat-creatif","8":"product_cat-themes","9":"product_cat-wordpress-themes","10":"product_tag-secondline","11":"member-discount","12":"discount-restricted","14":"first","15":"instock","16":"sale","17":"downloadable","18":"virtual","19":"sold-individually","20":"purchasable","21":"product-type-simple"},"_links":{"self":[{"href":"https:\/\/gpl-love.com\/fr\/wp-json\/wp\/v2\/product\/119272","targetHints":{"allow":["GET"]}}],"collection":[{"href":"https:\/\/gpl-love.com\/fr\/wp-json\/wp\/v2\/product"}],"about":[{"href":"https:\/\/gpl-love.com\/fr\/wp-json\/wp\/v2\/types\/product"}],"replies":[{"embeddable":true,"href":"https:\/\/gpl-love.com\/fr\/wp-json\/wp\/v2\/comments?post=119272"}],"wp:featuredmedia":[{"embeddable":true,"href":"https:\/\/gpl-love.com\/fr\/wp-json\/wp\/v2\/media\/145621"}],"wp:attachment":[{"href":"https:\/\/gpl-love.com\/fr\/wp-json\/wp\/v2\/media?parent=119272"}],"wp:term":[{"taxonomy":"product_brand","embeddable":true,"href":"https:\/\/gpl-love.com\/fr\/wp-json\/wp\/v2\/product_brand?post=119272"},{"taxonomy":"product_cat","embeddable":true,"href":"https:\/\/gpl-love.com\/fr\/wp-json\/wp\/v2\/product_cat?post=119272"},{"taxonomy":"product_tag","embeddable":true,"href":"https:\/\/gpl-love.com\/fr\/wp-json\/wp\/v2\/product_tag?post=119272"}],"curies":[{"name":"wp","href":"https:\/\/api.w.org\/{rel}","templated":true}]}}