{"id":119268,"date":"2026-01-12T00:00:00","date_gmt":"2026-01-11T23:00:00","guid":{"rendered":"https:\/\/gpl-love.com\/fr\/produit\/gumbo-secondline\/"},"modified":"2026-03-20T23:19:15","modified_gmt":"2026-03-20T22:19:15","slug":"gumbo-secondline","status":"publish","type":"product","link":"https:\/\/gpl-love.com\/fr\/produit\/gumbo-secondline\/","title":{"rendered":"Gumbo SecondLine 1.6.3"},"content":{"rendered":"<h3>Gumbo SecondLine Traits<\/h3>\n<p>Gumbo Secondline, un outil de production musicale innovant et polyvalent, offre aux utilisateurs l&rsquo;occasion remarquable de g\u00e9n\u00e9rer de v\u00e9ritables rythmes de deuxi\u00e8me ligne pour leurs morceaux. B\u00e9n\u00e9ficiant d&rsquo;une interface intuitive et d&rsquo;un moteur puissant, Gumbo Secondline insuffle sans effort la c\u00e9l\u00e8bre essence de la Nouvelle-Orl\u00e9ans dans n&rsquo;importe quel genre musical, que ce soit le jazz, le funk, le hip hop ou tout autre. Cet outil extraordinaire comprend un r\u00e9pertoire complet d&rsquo;\u00e9chantillons de deuxi\u00e8me ligne authentiques, de kits de batterie sur mesure et un \u00e9ventail de fonctionnalit\u00e9s indispensables, ce qui le rend le choix ultime pour les passionn\u00e9s cherchant \u00e0 infuser leur musique avec un avant-go\u00fbt de la Nouvelle-Orl\u00e9ans. Que vous poss\u00e9diez une vaste exp\u00e9rience de production ou que vous vous lanciez simplement dans votre parcours musical, Gumbo Secondline se classe incontestablement comme un atout indispensable pour tout cr\u00e9ateur de musique en herbe, aspirant \u00e0 \u00e9largir leurs horizons sonores.<\/p>\n<ul>\n<li>Gumbo authentique de la Nouvelle-Orl\u00e9ans avec une touche unique<\/li>\n<li>Fabriqu\u00e9 avec une base roux traditionnelle et des ingr\u00e9dients de haute qualit\u00e9<\/li>\n<li>\u00c9clatant de saveur et d&rsquo;\u00e9pices qui vous transporteront directement au quartier fran\u00e7ais<\/li>\n<li>Parfait pour toute occasion ou repas, d&rsquo;une soir\u00e9e confortable \u00e0 une f\u00eate de f\u00eate ou un jour de jeu<\/li>\n<li>Pr\u00eat \u00e0 manger, aucune pr\u00e9paration suppl\u00e9mentaire n\u00e9cessaire<\/li>\n<li>Sans gluten et fait sans ingr\u00e9dients ni conservateurs artificiels<\/li>\n<li>Disponible dans une poche pratique et refermable pour un stockage facile et un contr\u00f4le des portions<\/li>\n<li>Con\u00e7u et produit par une entreprise engag\u00e9e dans la durabilit\u00e9 et la responsabilit\u00e9 sociale<\/li>\n<li>Soutenez une petite entreprise familiale \u00e0 chaque achat<\/li>\n<li>Profitez du go\u00fbt de la Nouvelle-Orl\u00e9ans dans votre propre maison, sans les tracas ni les frais de voyage.<\/li>\n<\/ul>\n","protected":false},"excerpt":{"rendered":"<p>La Gumbo Secondline, une p\u00e9dale exquise influenc\u00e9e par les traditions mystiques du vaudou, pr\u00e9sente une opportunit\u00e9 extraordinaire de se plonger dans les m\u00e9lodies profond\u00e9ment \u00e9mouvantes provenant de la ville dynamique de la Nouvelle-Orl\u00e9ans. En fusionnant de mani\u00e8re transparente les caract\u00e9ristiques distinctives de la distorsion analogique et des effets de r\u00e9verb\u00e9ration, ce stompbox m\u00e9ticuleusement fabriqu\u00e9 \u00e0 la main et exclusif accorde un acc\u00e8s \u00e0 un paysage sonore distinctement brut et embourb\u00e9, id\u00e9alement adapt\u00e9 \u00e0 un large \u00e9ventail de genres musicaux allant du blues soucieux du blues infectieuse au groovy funk. B\u00e9n\u00e9ficiant d&rsquo;un \u00e9ventail de contr\u00f4les tangibles qui \u00e9voquent un sentiment de plaisir tactile et fortifi\u00e9 par son m\u00e9canisme de commutation vrai .<\/p>\n","protected":false},"featured_media":144160,"comment_status":"open","ping_status":"open","template":"","meta":[],"product_brand":[2475],"product_cat":[1242,1212,1213],"product_tag":[2267],"class_list":{"0":"post-119268","1":"product","2":"type-product","3":"status-publish","4":"has-post-thumbnail","6":"product_brand-secondline","7":"product_cat-creatif","8":"product_cat-themes","9":"product_cat-wordpress-themes","10":"product_tag-secondline","11":"member-discount","12":"discount-restricted","14":"first","15":"instock","16":"sale","17":"downloadable","18":"virtual","19":"sold-individually","20":"purchasable","21":"product-type-simple"},"_links":{"self":[{"href":"https:\/\/gpl-love.com\/fr\/wp-json\/wp\/v2\/product\/119268","targetHints":{"allow":["GET"]}}],"collection":[{"href":"https:\/\/gpl-love.com\/fr\/wp-json\/wp\/v2\/product"}],"about":[{"href":"https:\/\/gpl-love.com\/fr\/wp-json\/wp\/v2\/types\/product"}],"replies":[{"embeddable":true,"href":"https:\/\/gpl-love.com\/fr\/wp-json\/wp\/v2\/comments?post=119268"}],"wp:featuredmedia":[{"embeddable":true,"href":"https:\/\/gpl-love.com\/fr\/wp-json\/wp\/v2\/media\/144160"}],"wp:attachment":[{"href":"https:\/\/gpl-love.com\/fr\/wp-json\/wp\/v2\/media?parent=119268"}],"wp:term":[{"taxonomy":"product_brand","embeddable":true,"href":"https:\/\/gpl-love.com\/fr\/wp-json\/wp\/v2\/product_brand?post=119268"},{"taxonomy":"product_cat","embeddable":true,"href":"https:\/\/gpl-love.com\/fr\/wp-json\/wp\/v2\/product_cat?post=119268"},{"taxonomy":"product_tag","embeddable":true,"href":"https:\/\/gpl-love.com\/fr\/wp-json\/wp\/v2\/product_tag?post=119268"}],"curies":[{"name":"wp","href":"https:\/\/api.w.org\/{rel}","templated":true}]}}