{"id":119262,"date":"2021-11-09T00:00:00","date_gmt":"2021-11-08T23:00:00","guid":{"rendered":"https:\/\/gpl-love.com\/fr\/produit\/outlet-storefront-woocommerce-theme\/"},"modified":"2026-04-10T18:35:29","modified_gmt":"2026-04-10T16:35:29","slug":"outlet-storefront-woocommerce-theme","status":"publish","type":"product","link":"https:\/\/gpl-love.com\/fr\/produit\/outlet-storefront-woocommerce-theme\/","title":{"rendered":"Outlet Storefront WooCommerce Theme 2.0.16"},"content":{"rendered":"<h3>Outlet Storefront WooCommerce Theme Traits<\/h3>\n<p>Le th\u00e8me WooCommerce de magasin de magasins, un th\u00e8me de commerce \u00e9lectronique tr\u00e8s polyvalent et contemporain, s&rsquo;av\u00e8re \u00eatre un choix optimal pour tout magasin de d\u00e9tail en ligne cherchant \u00e0 \u00e9tablir une formidable pr\u00e9sence en ligne. B\u00e9n\u00e9ficiant d&rsquo;un design \u00e9l\u00e9gant sans effort et d&rsquo;un \u00e9ventail de fonctionnalit\u00e9s avanc\u00e9es, ce th\u00e8me a \u00e9t\u00e9 m\u00e9ticuleusement optimis\u00e9 pour assurer une exp\u00e9rience d&rsquo;achat vraiment exceptionnelle pour vos pr\u00e9cieux clients. De plus, le th\u00e8me offre un large \u00e9ventail d&rsquo;options de personnalisation, vous accordant la libert\u00e9 d&rsquo;adapter votre site en fonction de vos exigences pr\u00e9cises et de vos pr\u00e9f\u00e9rences personnelles. De plus, ce th\u00e8me prend en charge de mani\u00e8re transparente plusieurs langues, des devises et des passerelles de paiement, facilitant ainsi votre capacit\u00e9 \u00e0 atteindre sans effort un vaste public mondial. La conception r\u00e9active du th\u00e8me WooCommerce de magasin Outlet garantit que votre site maintiendra son allure visuelle et ses fonctionnalit\u00e9s sur un vaste \u00e9ventail d&rsquo;appareils, allant des plates-formes de bureau traditionnelles aux appareils mobiles de plus en plus r\u00e9pandus. En optant pour le th\u00e8me WooCommerce de magasin de magasins d&rsquo;Outlet, vous vous \u00e9quipez efficacement des outils n\u00e9cessaires pour pr\u00e9senter efficacement vos produits et augmenter consid\u00e9rablement vos ventes en ligne.<\/p>\n<ul>\n<li>Design professionnel et moderne pour les magasins de sortie<\/li>\n<li>Enti\u00e8rement personnalisable avec un g\u00e9n\u00e9rateur de glisser-d\u00e9poser facile \u00e0 utiliser<\/li>\n<li>Optimis\u00e9 pour la vitesse et le r\u00e9f\u00e9rencement<\/li>\n<li>S&rsquo;int\u00e9gre \u00e0 WooCommerce pour une exp\u00e9rience d&rsquo;achat en ligne facile<\/li>\n<li>Conception adapt\u00e9e aux mobiles et r\u00e9active<\/li>\n<li>Plusieurs options de page d&rsquo;accueil et de mise en page au choix<\/li>\n<li>Int\u00e9gration int\u00e9gr\u00e9e des m\u00e9dias sociaux<\/li>\n<li>Options de t\u00eate et de pied de page personnalisables<\/li>\n<li>Compatible avec les plugins tiers populaires<\/li>\n<li>Assistance et documentation d\u00e9di\u00e9es disponibles<\/li>\n<\/ul>\n","protected":false},"excerpt":{"rendered":"<p>L&rsquo;entr\u00e9e est un th\u00e8me WooCommerce exceptionnel qui a \u00e9t\u00e9 sp\u00e9cifiquement con\u00e7u dans le but de prendre en charge les vitrines de sortie. Sa conception est non seulement contemporaine mais aussi vierge, vous permettant de montrer sans effort vos produits de mani\u00e8re visuellement captivante. En raison de son abondance de dispositions pr\u00e9d\u00e9finies, vous avez la libert\u00e9 d&rsquo;adapter sans effort votre site Web et de fa\u00e7onner ainsi une exp\u00e9rience d&rsquo;achat in\u00e9gal\u00e9e pour vos clients estim\u00e9s. De plus, ce th\u00e8me poss\u00e8de un \u00e9ventail de fonctionnalit\u00e9s inestimables, notamment la vue rapide, la liste de souhaits et le zoom de produit, qui jouent tous un r\u00f4le essentiel dans la facilitation de la navigation et de l&rsquo;exploration transparentes de votre gamme de produits. Comme si cela ne suffisait pas, les entr\u00e9es englobent \u00e9galement un panneau d&rsquo;options de th\u00e8me robuste qui vous permet d&rsquo;administrer sans effort votre magasin et de personnaliser l&rsquo;esth\u00e9tique visuelle de votre site Web conform\u00e9ment \u00e0 votre identit\u00e9 de marque unique. Ind\u00e9pendamment de vous lancer dans une entreprise commerciale ou de vous efforcer de d\u00e9velopper votre entreprise de sortie existante, soyez assur\u00e9 que la saisie constitue la solution par excellence pour vous.<\/p>\n","protected":false},"featured_media":144882,"comment_status":"open","ping_status":"open","template":"","meta":[],"product_brand":[2440],"product_cat":[1238,1851,1212],"product_tag":[1398],"class_list":{"0":"post-119262","1":"product","2":"type-product","3":"status-publish","4":"has-post-thumbnail","6":"product_brand-woocommerce","7":"product_cat-commerce-electronique-themes","8":"product_cat-entreprise-commerce-electronique-themes","9":"product_cat-themes","10":"product_tag-woocommerce","11":"member-discount","12":"discount-restricted","14":"first","15":"instock","16":"sale","17":"downloadable","18":"virtual","19":"sold-individually","20":"purchasable","21":"product-type-simple"},"_links":{"self":[{"href":"https:\/\/gpl-love.com\/fr\/wp-json\/wp\/v2\/product\/119262","targetHints":{"allow":["GET"]}}],"collection":[{"href":"https:\/\/gpl-love.com\/fr\/wp-json\/wp\/v2\/product"}],"about":[{"href":"https:\/\/gpl-love.com\/fr\/wp-json\/wp\/v2\/types\/product"}],"replies":[{"embeddable":true,"href":"https:\/\/gpl-love.com\/fr\/wp-json\/wp\/v2\/comments?post=119262"}],"wp:featuredmedia":[{"embeddable":true,"href":"https:\/\/gpl-love.com\/fr\/wp-json\/wp\/v2\/media\/144882"}],"wp:attachment":[{"href":"https:\/\/gpl-love.com\/fr\/wp-json\/wp\/v2\/media?parent=119262"}],"wp:term":[{"taxonomy":"product_brand","embeddable":true,"href":"https:\/\/gpl-love.com\/fr\/wp-json\/wp\/v2\/product_brand?post=119262"},{"taxonomy":"product_cat","embeddable":true,"href":"https:\/\/gpl-love.com\/fr\/wp-json\/wp\/v2\/product_cat?post=119262"},{"taxonomy":"product_tag","embeddable":true,"href":"https:\/\/gpl-love.com\/fr\/wp-json\/wp\/v2\/product_tag?post=119262"}],"curies":[{"name":"wp","href":"https:\/\/api.w.org\/{rel}","templated":true}]}}