{"id":119260,"date":"2021-11-09T00:00:00","date_gmt":"2021-11-08T23:00:00","guid":{"rendered":"https:\/\/gpl-love.com\/fr\/produit\/hotel-storefront-woocommerce-theme\/"},"modified":"2026-03-20T23:19:45","modified_gmt":"2026-03-20T22:19:45","slug":"hotel-storefront-woocommerce-theme","status":"publish","type":"product","link":"https:\/\/gpl-love.com\/fr\/produit\/hotel-storefront-woocommerce-theme\/","title":{"rendered":"Hotel Storefront WooCommerce Theme 1.0.15"},"content":{"rendered":"<h3>Hotel Storefront WooCommerce Theme Traits<\/h3>\n<p>Le th\u00e8me WooCommerce de l&rsquo;h\u00f4tel Storefront se pr\u00e9sente comme une solution id\u00e9ale avec les propri\u00e9taires d&rsquo;h\u00f4tel cherchant \u00e0 \u00e9tablir une pr\u00e9sence en ligne professionnelle. Gr\u00e2ce \u00e0 sa conception \u00e9l\u00e9gante et \u00e0 son interface conviviale, ce th\u00e8me facilite l&rsquo;exposition des \u00e9quipements, services et emplacements de votre h\u00f4tel d&rsquo;une mani\u00e8re qui captive et \u00e9claire les visiteurs de votre site Web. Ce qui distingue ce th\u00e8me, ce sont ses capacit\u00e9s de personnalisation compl\u00e8tes, qui vous permettent de les personnaliser en fonction de vos exigences sp\u00e9cifiques, le tout sans avoir besoin d&rsquo;une expertise de codage. De plus, le th\u00e8me poss\u00e8de un syst\u00e8me de r\u00e9servation int\u00e9gr\u00e9 qui garantit une gestion efficace de toutes vos r\u00e9servations, tandis que sa conception r\u00e9active garantit une exp\u00e9rience visuelle exceptionnelle sur divers appareils. Dans l&rsquo;ensemble, on peut d\u00e9duire que le th\u00e8me WooCommerce de l&rsquo;h\u00f4tel est un outil puissant pour permettre la cr\u00e9ation d&rsquo;un site Web d&rsquo;h\u00f4tel exquis et pleinement fonctionnel qui surpasse sans effort ses concurrents.<\/p>\n<ul>\n<li>Th\u00e8me de devanture d&rsquo;h\u00f4tel con\u00e7u par des professionnels pour WooCommerce<\/li>\n<li>Disposition propre et moderne qui engage et convertit les clients<\/li>\n<li>Options personnalisables pour une marque et une personnalisation faciles<\/li>\n<li>SEO optimis\u00e9 pour le classement des moteurs de recherche plus \u00e9lev\u00e9<\/li>\n<li>Conception enti\u00e8rement r\u00e9active pour une visualisation transparente sur n&rsquo;importe quel appareil<\/li>\n<li>Syst\u00e8me de r\u00e9servation int\u00e9gr\u00e9 pour les r\u00e9servations et la gestion sans tracas<\/li>\n<li>Support client 24\/7 pour tout probl\u00e8me ou questions techniques<\/li>\n<li>S&rsquo;int\u00e8gre facilement aux passerelles de paiement populaires pour les transactions s\u00e9curis\u00e9es<\/li>\n<li>Comprend une vari\u00e9t\u00e9 de mod\u00e8les pr\u00e9-con\u00e7us pour diff\u00e9rents types d&rsquo;h\u00f4tel et styles<\/li>\n<li>Livr\u00e9 avec documentation et tutoriels pour une configuration et une personnalisation faciles.<\/li>\n<\/ul>\n","protected":false},"excerpt":{"rendered":"<p>Le th\u00e8me WooCommerce de l&rsquo;h\u00f4tel Storefront s&rsquo;av\u00e8re \u00eatre une s\u00e9lection id\u00e9ale pour les propri\u00e9taires d&rsquo;h\u00f4tels qui souhaitent \u00e9tablir une plate-forme de commerce \u00e9lectronique pour leur entreprise. Ce th\u00e8me particulier poss\u00e8de un design sur mesure exclusivement con\u00e7u pour le domaine de l&rsquo;hospitalit\u00e9, rempli d&rsquo;une pl\u00e9thore de fonctionnalit\u00e9s qui r\u00e9pondent aux exigences uniques des h\u00f4tels, des stations baln\u00e9aires et d&rsquo;autres logements. Il offre une vaste gamme de fonctionnalit\u00e9s personnalisables, offrant aux utilisateurs des options avanc\u00e9es pour modifier les couleurs, les polices et les dispositions pour r\u00e9pondre \u00e0 leurs pr\u00e9f\u00e9rences. De plus, il arrive \u00e9quip\u00e9 de mod\u00e8les pr\u00e9-con\u00e7us qui pr\u00e9sentent parfaitement les h\u00e9bergements, les \u00e9quipements et les services propos\u00e9s. L&rsquo;incorporation transparente de WooCommerce facilite les transactions impeccables et garantit la plus grande s\u00e9curit\u00e9 pour toutes les transactions financi\u00e8res. De plus, sa r\u00e9activit\u00e9 mobile, son optimisation des moteurs de recherche et ses vitesses de chargement rapides en font un concurrent in\u00e9gal\u00e9 pour les propri\u00e9taires d&rsquo;h\u00f4tels qui aspirent \u00e0 \u00e9tendre leur pr\u00e9sence en ligne et \u00e0 renforcer leurs entreprises commerciales.<\/p>\n","protected":false},"featured_media":144193,"comment_status":"open","ping_status":"open","template":"","meta":[],"product_brand":[2440],"product_cat":[1238,1851,1212],"product_tag":[1398],"class_list":{"0":"post-119260","1":"product","2":"type-product","3":"status-publish","4":"has-post-thumbnail","6":"product_brand-woocommerce","7":"product_cat-commerce-electronique-themes","8":"product_cat-entreprise-commerce-electronique-themes","9":"product_cat-themes","10":"product_tag-woocommerce","11":"member-discount","12":"discount-restricted","14":"first","15":"instock","16":"sale","17":"downloadable","18":"virtual","19":"sold-individually","20":"purchasable","21":"product-type-simple"},"_links":{"self":[{"href":"https:\/\/gpl-love.com\/fr\/wp-json\/wp\/v2\/product\/119260","targetHints":{"allow":["GET"]}}],"collection":[{"href":"https:\/\/gpl-love.com\/fr\/wp-json\/wp\/v2\/product"}],"about":[{"href":"https:\/\/gpl-love.com\/fr\/wp-json\/wp\/v2\/types\/product"}],"replies":[{"embeddable":true,"href":"https:\/\/gpl-love.com\/fr\/wp-json\/wp\/v2\/comments?post=119260"}],"wp:featuredmedia":[{"embeddable":true,"href":"https:\/\/gpl-love.com\/fr\/wp-json\/wp\/v2\/media\/144193"}],"wp:attachment":[{"href":"https:\/\/gpl-love.com\/fr\/wp-json\/wp\/v2\/media?parent=119260"}],"wp:term":[{"taxonomy":"product_brand","embeddable":true,"href":"https:\/\/gpl-love.com\/fr\/wp-json\/wp\/v2\/product_brand?post=119260"},{"taxonomy":"product_cat","embeddable":true,"href":"https:\/\/gpl-love.com\/fr\/wp-json\/wp\/v2\/product_cat?post=119260"},{"taxonomy":"product_tag","embeddable":true,"href":"https:\/\/gpl-love.com\/fr\/wp-json\/wp\/v2\/product_tag?post=119260"}],"curies":[{"name":"wp","href":"https:\/\/api.w.org\/{rel}","templated":true}]}}