{"id":119258,"date":"2021-11-09T00:00:00","date_gmt":"2021-11-08T23:00:00","guid":{"rendered":"https:\/\/gpl-love.com\/fr\/produit\/homestore-storefront-woocommerce\/"},"modified":"2026-03-20T23:19:37","modified_gmt":"2026-03-20T22:19:37","slug":"homestore-storefront-woocommerce","status":"publish","type":"product","link":"https:\/\/gpl-love.com\/fr\/produit\/homestore-storefront-woocommerce\/","title":{"rendered":"Homestore Storefront WooCommerce 2.0.34"},"content":{"rendered":"<h3>Homestore Storefront WooCommerce Traits<\/h3>\n<p>Homestore Storefront WooCommerce, une solution de commerce \u00e9lectronique robuste con\u00e7ue sp\u00e9cifiquement pour les magasins de d\u00e9coration int\u00e9rieure, offre aux propri\u00e9taires de magasins un ensemble complet d&rsquo;outils. Ce plugin WordPress facile \u00e0 utiliser permet la cr\u00e9ation de vitrines en ligne visuellement \u00e9tonnantes et tr\u00e8s r\u00e9actives. Tirant parti d&rsquo;une vaste gamme d&rsquo;options de personnalisation, WooCommerce HomeStore Storefront autorise les propri\u00e9taires de magasins \u00e0 organiser une esth\u00e9tique unique qui s&rsquo;aligne parfaitement avec leur identit\u00e9 de marque. De plus, ce plugin poss\u00e8de un ensemble de fonctionnalit\u00e9s impressionnant, englobant la gestion des produits, le traitement des paiements, les options d&rsquo;exp\u00e9dition et les calculs d&rsquo;imp\u00f4t. Gr\u00e2ce \u00e0 son interface intuitive, le WooCommerce de Storefront Homestore simplifie les stocks et la gestion des ventes. En tirant parti de ce plugin innovant, les propri\u00e9taires de magasins peuvent offrir une exp\u00e9rience de magasinage transparente et agr\u00e9able \u00e0 leurs clients, favorisant ainsi la fid\u00e9lit\u00e9 des clients et encourageant les visites r\u00e9p\u00e9t\u00e9es.<\/p>\n<ul>\n<li>Cr\u00e9ation sans tracas d&rsquo;une vitrine en ligne pour les produits de d\u00e9coration int\u00e9rieure \u00e0 l&rsquo;aide de WooCommerce<\/li>\n<li>Une vaste gamme d&rsquo;options personnalisables pour la conception et la disposition des vitrines<\/li>\n<li>Int\u00e9gration transparente avec diverses passerelles de paiement<\/li>\n<li>Options avanc\u00e9es de recherche et de filtrage pour les produits<\/li>\n<li>Interface conviviale pour pr\u00e9senter les d\u00e9tails et les avis du produit<\/li>\n<li>Un tableau de bord complet pour g\u00e9rer les commandes, les exp\u00e9ditions et les stocks<\/li>\n<li>Fonctionnalit\u00e9s de gestion des utilisateurs et de contr\u00f4le de groupe<\/li>\n<li>Analyse des ventes riches et rapports pour \u00e9valuer les performances commerciales<\/li>\n<li>Compatibilit\u00e9 multilingue pour r\u00e9pondre \u00e0 un public plus large<\/li>\n<li>Mises \u00e0 niveau et services de soutien r\u00e9guliers pour am\u00e9liorer les performances et la s\u00e9curit\u00e9.<\/li>\n<\/ul>\n","protected":false},"excerpt":{"rendered":"<p>Mettez \u00e0 niveau votre site Web en une boutique en ligne enti\u00e8rement fonctionnelle sans effort en utilisant les capacit\u00e9s remarquables du plugin WooCommerce de la Stadefront Homestore. Cet outil incroyablement efficace s&rsquo;int\u00e8gre parfaitement \u00e0 WooCommerce, vous permettant d&rsquo;\u00e9tablir une vitrine conviviale qui \u00e9l\u00e8vera sans aucun doute l&rsquo;exp\u00e9rience d&rsquo;achat de vos clients \u00e0 de nouveaux sommets. En offrant une vaste gamme de dispositions personnalisables, de sch\u00e9mas de couleurs captivants et de widgets dynamiques, vous pouvez fa\u00e7onner sans effort un magasin distinctif et exceptionnellement professionnel dans un d\u00e9lai remarquablement court. De plus, Homestore Storefront WooCommerce poss\u00e8de une multitude de fonctionnalit\u00e9s inestimables, telles que des cat\u00e9gories de produits et des filtres complets, des avis de clients inestimables et un processus de paiement rapide, qui acc\u00e9l\u00e9reront sans aucun doute votre processus de vente et facilitera la croissance exponentielle de votre entreprise. Ne perdez pas de temps \u00e0 la mise \u00e0 niveau de votre site Web aujourd&rsquo;hui en adoptant les capacit\u00e9s in\u00e9gal\u00e9es de Homestore Storefront WooCommerce.<\/p>\n","protected":false},"featured_media":144184,"comment_status":"open","ping_status":"open","template":"","meta":[],"product_brand":[2440],"product_cat":[1238,1851,1212],"product_tag":[1398],"class_list":{"0":"post-119258","1":"product","2":"type-product","3":"status-publish","4":"has-post-thumbnail","6":"product_brand-woocommerce","7":"product_cat-commerce-electronique-themes","8":"product_cat-entreprise-commerce-electronique-themes","9":"product_cat-themes","10":"product_tag-woocommerce","11":"member-discount","12":"discount-restricted","14":"first","15":"instock","16":"sale","17":"downloadable","18":"virtual","19":"sold-individually","20":"purchasable","21":"product-type-simple"},"_links":{"self":[{"href":"https:\/\/gpl-love.com\/fr\/wp-json\/wp\/v2\/product\/119258","targetHints":{"allow":["GET"]}}],"collection":[{"href":"https:\/\/gpl-love.com\/fr\/wp-json\/wp\/v2\/product"}],"about":[{"href":"https:\/\/gpl-love.com\/fr\/wp-json\/wp\/v2\/types\/product"}],"replies":[{"embeddable":true,"href":"https:\/\/gpl-love.com\/fr\/wp-json\/wp\/v2\/comments?post=119258"}],"wp:featuredmedia":[{"embeddable":true,"href":"https:\/\/gpl-love.com\/fr\/wp-json\/wp\/v2\/media\/144184"}],"wp:attachment":[{"href":"https:\/\/gpl-love.com\/fr\/wp-json\/wp\/v2\/media?parent=119258"}],"wp:term":[{"taxonomy":"product_brand","embeddable":true,"href":"https:\/\/gpl-love.com\/fr\/wp-json\/wp\/v2\/product_brand?post=119258"},{"taxonomy":"product_cat","embeddable":true,"href":"https:\/\/gpl-love.com\/fr\/wp-json\/wp\/v2\/product_cat?post=119258"},{"taxonomy":"product_tag","embeddable":true,"href":"https:\/\/gpl-love.com\/fr\/wp-json\/wp\/v2\/product_tag?post=119258"}],"curies":[{"name":"wp","href":"https:\/\/api.w.org\/{rel}","templated":true}]}}