{"id":119256,"date":"2021-11-09T00:00:00","date_gmt":"2021-11-08T23:00:00","guid":{"rendered":"https:\/\/gpl-love.com\/fr\/produit\/galleria-storefront-woocommerce-theme\/"},"modified":"2026-03-20T23:06:50","modified_gmt":"2026-03-20T22:06:50","slug":"galleria-storefront-woocommerce-theme","status":"publish","type":"product","link":"https:\/\/gpl-love.com\/fr\/produit\/galleria-storefront-woocommerce-theme\/","title":{"rendered":"Galleria Storefront WooCommerce Theme 2.2.19"},"content":{"rendered":"<h3>Galleria Storefront WooCommerce Theme Traits<\/h3>\n<p>Le th\u00e8me WooCommerce de Galleria Storefront pr\u00e9sente une solution exceptionnelle pour la cr\u00e9ation d&rsquo;une superbe boutique en ligne, offrant une exp\u00e9rience transparente et sans tracas pour les propri\u00e9taires de magasins et les clients gr\u00e2ce \u00e0 son int\u00e9gration avec WordPress et WooCommerce. Ce th\u00e8me poss\u00e8de un haut niveau de personnalisation, accordant aux utilisateurs la possibilit\u00e9 de personnaliser la conception pour correspondre pr\u00e9cis\u00e9ment \u00e0 leur identit\u00e9 de marque. En outre, la conception r\u00e9active du th\u00e8me WooCommerce Galleria Storefront garantit que l&rsquo;apparence du magasin reste exceptionnelle sur tous les appareils. Emball\u00e9 de nombreuses fonctionnalit\u00e9s telles que de puissantes options de personnalisation, plusieurs dispositions de page d&rsquo;accueil et des fonctionnalit\u00e9s de vue rapide de produits, ce th\u00e8me simplifie le processus de cr\u00e9ation d&rsquo;une boutique en ligne qui captise les clients et stimule les ventes, ce qui en fait un choix in\u00e9gal\u00e9 pour les propri\u00e9taires de magasins.<\/p>\n<ul>\n<li>Un th\u00e8me de commerce \u00e9lectronique moderne et visuellement \u00e9tonnant con\u00e7u sp\u00e9cialement pour les magasins en ligne WooCommerce<\/li>\n<li>Facile \u00e0 utiliser et \u00e0 naviguer, avec des menus, des en-t\u00eates et des dispositions personnalisables<\/li>\n<li>Livr\u00e9 avec une vari\u00e9t\u00e9 de mod\u00e8les de magasin pr\u00e9-con\u00e7us parmi lesquels choisir, \u00e9conomiser du temps et des efforts dans la conception du site<\/li>\n<li>La conception sensible aux mobiles garantit que votre magasin a fi\u00e8re allure sur n&rsquo;importe quel appareil, augmentant votre port\u00e9e aux clients potentiels<\/li>\n<li>Options de filtrage des produits int\u00e9gr\u00e9s, ce qui permet aux clients de rechercher et de trouver exactement ce dont ils ont besoin<\/li>\n<li>Int\u00e9gration avec des passerelles de paiement populaires comme PayPal et Stripe, assurant des transactions s\u00e9curis\u00e9es et efficaces<\/li>\n<li>Int\u00e9gration int\u00e9gr\u00e9e des m\u00e9dias sociaux, permettant aux clients de partager des produits et des promotions avec leurs r\u00e9seaux<\/li>\n<li>Capacit\u00e9s de recherche avanc\u00e9es, permettant aux clients de trouver facilement des produits en fonction de crit\u00e8res sp\u00e9cifiques comme la taille, la couleur et la gamme de prix<\/li>\n<li>Des outils backend puissants, y compris des rapports de vente d\u00e9taill\u00e9s et des analyses pour vous aider \u00e0 prendre des d\u00e9cisions commerciales \u00e9clair\u00e9es<\/li>\n<li>Mises \u00e0 jour r\u00e9guli\u00e8res et support client r\u00e9actif, en veillant \u00e0 ce que votre magasin fonctionne toujours en douceur et re\u00e7oit le support n\u00e9cessaire dont elle a besoin.<\/li>\n<\/ul>\n","protected":false},"excerpt":{"rendered":"<p>Le th\u00e8me WooCommerce Galleria Storefront, une solution e-commerce absolument \u00e9poustouflante et hautement personnalisable, a \u00e9t\u00e9 con\u00e7u avec ing\u00e9niosit\u00e9 pour faciliter la cr\u00e9ation de boutiques en ligne. Dot\u00e9 d&rsquo;une interface remarquablement intuitive et d&rsquo;une multitude de fonctionnalit\u00e9s avanc\u00e9es, ce th\u00e8me vous offre l&rsquo;opportunit\u00e9 de concevoir une vitrine exceptionnellement soign\u00e9e et attrayante, g\u00e9n\u00e9rant ainsi un afflux de visiteurs sur votre site web et, par cons\u00e9quent, une augmentation de vos ventes. Gr\u00e2ce \u00e0 un large \u00e9ventail de widgets personnalis\u00e9s, de nombreuses options de mise en page et une multitude d&rsquo;outils de conception, ce th\u00e8me vous permet de cr\u00e9er une vitrine unique et captivante, refl\u00e9tant fid\u00e8lement l&rsquo;essence de votre marque tout en r\u00e9pondant aux besoins et pr\u00e9f\u00e9rences sp\u00e9cifiques de votre client\u00e8le. Que vos produits soient physiques ou num\u00e9riques, le th\u00e8me WooCommerce Galleria Storefront s&rsquo;impose comme le choix id\u00e9al pour quiconque aspire \u00e0 un succ\u00e8s retentissant dans l&rsquo;univers dynamique du commerce en ligne.<\/p>\n","protected":false},"featured_media":143934,"comment_status":"open","ping_status":"open","template":"","meta":[],"product_brand":[2440],"product_cat":[1238,1851,1212],"product_tag":[1398],"class_list":{"0":"post-119256","1":"product","2":"type-product","3":"status-publish","4":"has-post-thumbnail","6":"product_brand-woocommerce","7":"product_cat-commerce-electronique-themes","8":"product_cat-entreprise-commerce-electronique-themes","9":"product_cat-themes","10":"product_tag-woocommerce","11":"member-discount","12":"discount-restricted","14":"first","15":"instock","16":"sale","17":"downloadable","18":"virtual","19":"sold-individually","20":"purchasable","21":"product-type-simple"},"_links":{"self":[{"href":"https:\/\/gpl-love.com\/fr\/wp-json\/wp\/v2\/product\/119256","targetHints":{"allow":["GET"]}}],"collection":[{"href":"https:\/\/gpl-love.com\/fr\/wp-json\/wp\/v2\/product"}],"about":[{"href":"https:\/\/gpl-love.com\/fr\/wp-json\/wp\/v2\/types\/product"}],"replies":[{"embeddable":true,"href":"https:\/\/gpl-love.com\/fr\/wp-json\/wp\/v2\/comments?post=119256"}],"wp:featuredmedia":[{"embeddable":true,"href":"https:\/\/gpl-love.com\/fr\/wp-json\/wp\/v2\/media\/143934"}],"wp:attachment":[{"href":"https:\/\/gpl-love.com\/fr\/wp-json\/wp\/v2\/media?parent=119256"}],"wp:term":[{"taxonomy":"product_brand","embeddable":true,"href":"https:\/\/gpl-love.com\/fr\/wp-json\/wp\/v2\/product_brand?post=119256"},{"taxonomy":"product_cat","embeddable":true,"href":"https:\/\/gpl-love.com\/fr\/wp-json\/wp\/v2\/product_cat?post=119256"},{"taxonomy":"product_tag","embeddable":true,"href":"https:\/\/gpl-love.com\/fr\/wp-json\/wp\/v2\/product_tag?post=119256"}],"curies":[{"name":"wp","href":"https:\/\/api.w.org\/{rel}","templated":true}]}}