{"id":119251,"date":"2025-10-28T00:00:00","date_gmt":"2025-10-27T23:00:00","guid":{"rendered":"https:\/\/gpl-love.com\/fr\/produit\/eventon-seats\/"},"modified":"2026-03-20T23:05:03","modified_gmt":"2026-03-20T22:05:03","slug":"eventon-seats","status":"publish","type":"product","link":"https:\/\/gpl-love.com\/fr\/produit\/eventon-seats\/","title":{"rendered":"EventOn Seats 1.3"},"content":{"rendered":"<h3>EventOn Seats Traits<\/h3>\n<p>Eventon Seats, une solution de si\u00e8ges exceptionnels pour les \u00e9v\u00e9nements qui n\u00e9cessitent une option de si\u00e8ge \u00e0 la fois confortable et durable, est r\u00e9put\u00e9e pour sa qualit\u00e9 in\u00e9gal\u00e9e. Ces si\u00e8ges m\u00e9ticuleusement fabriqu\u00e9s sont sp\u00e9cialement con\u00e7us pour offrir un maximum de confort et de soutien aux clients participant \u00e0 une gamme diversifi\u00e9e d&rsquo;\u00e9v\u00e9nements, allant des concerts exaltants aux conf\u00e9rences \u00e9clairantes, et m\u00eame des jeux de sport passionnants. B\u00e9n\u00e9ficiant d&rsquo;une construction robuste, ils ont \u00e9t\u00e9 con\u00e7us en pensant \u00e0 une long\u00e9vit\u00e9, endurant sans effort une utilisation intensive sur une p\u00e9riode prolong\u00e9e. De plus, ces si\u00e8ges ne sont pas seulement construits pour durer, mais sont \u00e9galement \u00e9quip\u00e9s d&rsquo;une gamme de fonctionnalit\u00e9s remarquables qui les rendent id\u00e9aux pour les \u00e9v\u00e9nements \u00e0 grande \u00e9chelle, y compris les porte-gobelets facilement plac\u00e9s, les accoudoirs ergonomiques et les dossiers r\u00e9glables qui garantissent la position de si\u00e8ge parfaite pour chaque individu. La polyvalence des si\u00e8ges Eventon est encore am\u00e9lior\u00e9e par leur processus d&rsquo;installation sans effort et leur capacit\u00e9 \u00e0 \u00eatre personnalis\u00e9e pour r\u00e9pondre aux exigences uniques de tout \u00e9v\u00e9nement. Que vous organisiez un rassemblement intime ou une extravagance \u00e0 grande \u00e9chelle, ces si\u00e8ges offrent une option de si\u00e8ges fiables et luxueusement confortable qui sera certainement appr\u00e9ci\u00e9e par tous vos invit\u00e9s estim\u00e9s.<\/p>\n<ul>\n<li>Solution de si\u00e8ges confortable pour les \u00e9v\u00e9nements<\/li>\n<li>Design \u00e9l\u00e9gant et moderne<\/li>\n<li>Facile \u00e0 assembler et \u00e0 d\u00e9monter<\/li>\n<li>Mat\u00e9riaux durables pour une utilisation \u00e0 long terme<\/li>\n<li>Empilable pour le stockage d&rsquo;\u00e9conomie d&rsquo;espace<\/li>\n<li>Convient aux \u00e9v\u00e9nements int\u00e9rieurs et ext\u00e9rieurs<\/li>\n<li>Disponible en plusieurs couleurs pour s&rsquo;adapter \u00e0 n&rsquo;importe quel th\u00e8me d&rsquo;\u00e9v\u00e9nement<\/li>\n<li>Peut \u00eatre personnalis\u00e9 avec la marque ou les logos pour les \u00e9v\u00e9nements d&rsquo;entreprise<\/li>\n<li>Fournit une apparence professionnelle et polie pour tout param\u00e8tre d&rsquo;\u00e9v\u00e9nement.<\/li>\n<\/ul>\n","protected":false},"excerpt":{"rendered":"<p>Eventon Seats est un syst\u00e8me de gestion de si\u00e8ges de pointe et tr\u00e8s sophistiqu\u00e9 qui a \u00e9t\u00e9 m\u00e9ticuleusement con\u00e7u pour simplifier et rationaliser la t\u00e2che souvent intimidante de l&rsquo;organisation des accords de si\u00e8ges pour un large \u00e9ventail d&rsquo;\u00e9v\u00e9nements, y compris, mais sans s&rsquo;y limiter, des conf\u00e9rences, des s\u00e9minaires, des ateliers et divers Autres rassemblements sociaux. En exploitant la puissance de son interface remarquablement intuitive et conviviale, Eventon Seets permet sans effort aux organisateurs d&rsquo;\u00e9v\u00e9nements la possibilit\u00e9 d&rsquo;attribuer et de g\u00e9rer de mani\u00e8re transparente des si\u00e8ges pour leurs participants estim\u00e9s d&rsquo;une mani\u00e8re \u00e0 la fois efficace et tr\u00e8s efficace. De plus, ce syst\u00e8me exceptionnel va au-del\u00e0 en offrant une pl\u00e9thore de fonctionnalit\u00e9s inestimables qui sont sp\u00e9cifiquement adapt\u00e9es pour am\u00e9liorer l&rsquo;exp\u00e9rience utilisateur globale, comme une liste d&rsquo;attente enti\u00e8rement automatis\u00e9e, des mises \u00e0 jour en temps r\u00e9el qui fournissent des informations en direct et pr\u00e9cises, ainsi que d&rsquo;une hauteur hautement Passerelle de paiement s\u00e9curis\u00e9e et fiable qui assure un processus sans tracas et sans souci pour les organisateurs d&rsquo;\u00e9v\u00e9nements et les participants. Ind\u00e9pendamment de l&rsquo;\u00e9chelle ou de l&rsquo;ampleur de votre prochain \u00e9v\u00e9nement, qu&rsquo;il s&rsquo;agisse d&rsquo;un rassemblement intime et confortable ou d&rsquo;une affaire grande et extravagante, la fonctionnalit\u00e9 incroyable et la commodit\u00e9 in\u00e9gal\u00e9e que les si\u00e8ges Eventon offrent en font la solution par excellence pour rationaliser sans effort votre processus de gestion des si\u00e8ges \u00e0 des hauteurs incomparables d&rsquo;excellence et d&rsquo;efficacit\u00e9.<\/p>\n","protected":false},"featured_media":143813,"comment_status":"open","ping_status":"open","template":"","meta":[],"product_brand":[2540],"product_cat":[1189,1181,1186],"product_tag":[1267],"class_list":{"0":"post-119251","1":"product","2":"type-product","3":"status-publish","4":"has-post-thumbnail","6":"product_brand-eventon","7":"product_cat-personnalisation","8":"product_cat-plugins","9":"product_cat-wordpress-plugins","10":"product_tag-eventon","11":"member-discount","12":"discount-restricted","14":"first","15":"instock","16":"sale","17":"downloadable","18":"virtual","19":"sold-individually","20":"purchasable","21":"product-type-simple"},"_links":{"self":[{"href":"https:\/\/gpl-love.com\/fr\/wp-json\/wp\/v2\/product\/119251","targetHints":{"allow":["GET"]}}],"collection":[{"href":"https:\/\/gpl-love.com\/fr\/wp-json\/wp\/v2\/product"}],"about":[{"href":"https:\/\/gpl-love.com\/fr\/wp-json\/wp\/v2\/types\/product"}],"replies":[{"embeddable":true,"href":"https:\/\/gpl-love.com\/fr\/wp-json\/wp\/v2\/comments?post=119251"}],"wp:featuredmedia":[{"embeddable":true,"href":"https:\/\/gpl-love.com\/fr\/wp-json\/wp\/v2\/media\/143813"}],"wp:attachment":[{"href":"https:\/\/gpl-love.com\/fr\/wp-json\/wp\/v2\/media?parent=119251"}],"wp:term":[{"taxonomy":"product_brand","embeddable":true,"href":"https:\/\/gpl-love.com\/fr\/wp-json\/wp\/v2\/product_brand?post=119251"},{"taxonomy":"product_cat","embeddable":true,"href":"https:\/\/gpl-love.com\/fr\/wp-json\/wp\/v2\/product_cat?post=119251"},{"taxonomy":"product_tag","embeddable":true,"href":"https:\/\/gpl-love.com\/fr\/wp-json\/wp\/v2\/product_tag?post=119251"}],"curies":[{"name":"wp","href":"https:\/\/api.w.org\/{rel}","templated":true}]}}