{"id":119249,"date":"2021-11-08T00:00:00","date_gmt":"2021-11-07T23:00:00","guid":{"rendered":"https:\/\/gpl-love.com\/fr\/produit\/mythemeshop-sociallyviral-wordpress-theme\/"},"modified":"2026-04-10T18:33:17","modified_gmt":"2026-04-10T16:33:17","slug":"mythemeshop-sociallyviral-wordpress-theme","status":"publish","type":"product","link":"https:\/\/gpl-love.com\/fr\/produit\/mythemeshop-sociallyviral-wordpress-theme\/","title":{"rendered":"MyThemeShop SociallyViral WordPress Theme 2.4.9"},"content":{"rendered":"<h3>MyThemeShop SociallyViral WordPress Theme Traits<\/h3>\n<p>Le th\u00e8me WordPress socialement virtuel propos\u00e9 par MytheMeshop est un th\u00e8me incroyablement captivant et riche en fonctionnalit\u00e9s qui est sp\u00e9cifiquement adapt\u00e9 pour r\u00e9pondre aux besoins des blogueurs et des cr\u00e9ateurs de contenu qui aspirent \u00e0 am\u00e9liorer le niveau d&rsquo;engagement social sur leurs sites Web. Ce th\u00e8me remarquable est m\u00e9ticuleusement con\u00e7u avec un accent principal sur la promotion du partage social et la cr\u00e9ation de contenu viral, facilitant ainsi les visiteurs en distribuant sans effort votre contenu dans leurs divers profils de m\u00e9dias sociaux. De plus, ce th\u00e8me incroyable offre une vaste gamme d&rsquo;options de personnalisation, englobant un assortiment de sch\u00e9mas de couleurs distinctifs, une multitude de choix de mise en page et un \u00e9ventail de widgets sur mesure, vous permettant ainsi de r\u00e9diger un site Web vraiment distinctif et personnalis\u00e9 qui refl\u00e8te pr\u00e9cis\u00e9ment le Essence unique de votre marque. En outre, la conception merveilleusement \u00e9l\u00e9gante et r\u00e9active de socialementviral assure sans \u00e9quivoque que votre site Web maintiendra son attrait visuel et ses fonctionnalit\u00e9s impeccables, quel que soit l&rsquo;appareil utilis\u00e9 pour y acc\u00e9der. Dans l&rsquo;ensemble, l&rsquo;\u00e9merge indiscutablement socialement comme un choix exemplaire pour les individus \u00e0 la recherche d&rsquo;un moyen \u00e9l\u00e9gamment sophistiqu\u00e9 et captivant d&rsquo;\u00e9tablir une pr\u00e9sence en ligne influente.<\/p>\n<ul>\n<li>Un th\u00e8me WordPress tr\u00e8s r\u00e9actif et intuitif con\u00e7u pour am\u00e9liorer l&rsquo;engagement social et augmenter le trafic du site Web<\/li>\n<li>Id\u00e9al pour les blogueurs, les sp\u00e9cialistes du marketing et les entreprises en ligne qui cherchent \u00e0 maximiser leur pr\u00e9sence en ligne et \u00e0 promouvoir leur marque<\/li>\n<li>Disposition magnifiquement con\u00e7ue avec des \u00e9l\u00e9ments de conception visuellement attrayants qui sont optimis\u00e9s pour des performances et une vitesse sup\u00e9rieures<\/li>\n<li>Des fonctionnalit\u00e9s telles que des publications connexes, des publications tendance, des boutons de partage social et des widgets personnalisables pour vous aider \u00e0 cr\u00e9er du contenu engageant et \u00e0 g\u00e9n\u00e9rer du trafic vers votre site<\/li>\n<li>Int\u00e9gration transparente avec des plugins populaires comme MailChimp, WooCommerce et WPForms pour des fonctionnalit\u00e9s et des commodit\u00e9s suppl\u00e9mentaires<\/li>\n<li>Options de th\u00e8me flexibles et personnalisables qui vous permettent de modifier facilement et d&rsquo;ajuster divers aspects de votre site en fonction de vos besoins et pr\u00e9f\u00e9rences<\/li>\n<li>Support complet pour divers formats de m\u00e9dias, y compris la vid\u00e9o HD, les images et l&rsquo;audio pour vous aider \u00e0 cr\u00e9er un contenu engageant et interactif<\/li>\n<li>Une interface conviviale qui facilite la navigation et la gestion de votre site, m\u00eame si vous avez peu ou pas d&rsquo;exp\u00e9rience technique.<\/li>\n<\/ul>\n","protected":false},"excerpt":{"rendered":"<p>Le th\u00e8me WordPress socialement desviraux, d\u00e9velopp\u00e9 par MytheMeshop, est un th\u00e8me esth\u00e9tique et contemporain qui r\u00e9pond aux besoins des blogueurs, des magazines et des sites Web d&rsquo;information. Con\u00e7u avec un fort accent sur la vitesse, ce th\u00e8me offre une pl\u00e9thore de fonctionnalit\u00e9s impressionnantes, y compris une mise en page r\u00e9active, une int\u00e9gration transparente avec des plateformes de m\u00e9dias sociaux, des widgets personnalisables et un \u00e9ventail de formats post-post-formats. En tirant parti des capacit\u00e9s puissantes de la soci\u00e9t\u00e9 sociale, les utilisateurs peuvent organiser sans effort le contenu viral et am\u00e9liorer leur pr\u00e9sence en ligne gr\u00e2ce \u00e0 ses options intuitives et aux techniques d&rsquo;optimisation des moteurs de recherche. Embarquez dans un voyage transformateur en ornant votre site Web avec une conception percutante et assistez \u00e0 une augmentation importante de la circulation, tout cela gr\u00e2ce aux capacit\u00e9s remarquables de la soci\u00e9t\u00e9 sociale.<\/p>\n","protected":false},"featured_media":144696,"comment_status":"open","ping_status":"open","template":"","meta":[],"product_brand":[2601],"product_cat":[1242,1212,1213],"product_tag":[1309],"class_list":{"0":"post-119249","1":"product","2":"type-product","3":"status-publish","4":"has-post-thumbnail","6":"product_brand-my-theme-shop","7":"product_cat-creatif","8":"product_cat-themes","9":"product_cat-wordpress-themes","10":"product_tag-my-theme-shop","11":"member-discount","12":"discount-restricted","14":"first","15":"instock","16":"sale","17":"downloadable","18":"virtual","19":"sold-individually","20":"purchasable","21":"product-type-simple"},"_links":{"self":[{"href":"https:\/\/gpl-love.com\/fr\/wp-json\/wp\/v2\/product\/119249","targetHints":{"allow":["GET"]}}],"collection":[{"href":"https:\/\/gpl-love.com\/fr\/wp-json\/wp\/v2\/product"}],"about":[{"href":"https:\/\/gpl-love.com\/fr\/wp-json\/wp\/v2\/types\/product"}],"replies":[{"embeddable":true,"href":"https:\/\/gpl-love.com\/fr\/wp-json\/wp\/v2\/comments?post=119249"}],"wp:featuredmedia":[{"embeddable":true,"href":"https:\/\/gpl-love.com\/fr\/wp-json\/wp\/v2\/media\/144696"}],"wp:attachment":[{"href":"https:\/\/gpl-love.com\/fr\/wp-json\/wp\/v2\/media?parent=119249"}],"wp:term":[{"taxonomy":"product_brand","embeddable":true,"href":"https:\/\/gpl-love.com\/fr\/wp-json\/wp\/v2\/product_brand?post=119249"},{"taxonomy":"product_cat","embeddable":true,"href":"https:\/\/gpl-love.com\/fr\/wp-json\/wp\/v2\/product_cat?post=119249"},{"taxonomy":"product_tag","embeddable":true,"href":"https:\/\/gpl-love.com\/fr\/wp-json\/wp\/v2\/product_tag?post=119249"}],"curies":[{"name":"wp","href":"https:\/\/api.w.org\/{rel}","templated":true}]}}