{"id":119243,"date":"2024-08-29T00:00:00","date_gmt":"2024-08-28T22:00:00","guid":{"rendered":"https:\/\/gpl-love.com\/fr\/produit\/protect-wordpress-categories\/"},"modified":"2026-04-10T18:37:16","modified_gmt":"2026-04-10T16:37:16","slug":"protect-wordpress-categories","status":"publish","type":"product","link":"https:\/\/gpl-love.com\/fr\/produit\/protect-wordpress-categories\/","title":{"rendered":"Protect WordPress Categories 2.1.21"},"content":{"rendered":"<h3>Protect WordPress Categories Traits<\/h3>\n<p>L&rsquo;outil Protect WordPress Cat\u00e9gories est un instrument extr\u00eamement puissant qui aide les propri\u00e9taires de sites Web pour fortifier leurs cat\u00e9gories WordPress de toute sorte d&rsquo;acc\u00e8s non autoris\u00e9. Ce plugin ing\u00e9nieux permet aux utilisateurs de prot\u00e9ger sans effort leurs cat\u00e9gories en mettant en \u0153uvre diverses mesures de protection telles que la protection par mot de passe, les affectations de r\u00f4le des utilisateurs et les restrictions d&rsquo;acc\u00e8s. Ce faisant, il garantit efficacement que les individus qui poss\u00e8dent l&rsquo;autorisation n\u00e9cessaire peuvent non seulement voir mais aussi avoir acc\u00e8s aux cat\u00e9gories, maintenant ainsi efficacement la plus grande s\u00e9curit\u00e9 du contenu h\u00e9berg\u00e9 \u00e0 l&rsquo;int\u00e9rieur. En outre, le processus d&rsquo;installation pour la protection des cat\u00e9gories WordPress est extr\u00eamement simple, et il poss\u00e8de \u00e9galement une interface conviviale, ce qui en fait une solution vraiment id\u00e9ale pour les propri\u00e9taires de sites Web qui cherchent \u00e0 augmenter la s\u00e9curit\u00e9 de leur site Web sans rencontrer de complications inutiles. Que l&rsquo;on exploite un blog personnel ou un site Web d&rsquo;entreprise, l&rsquo;outil Protect WordPress \u00e9merge ind\u00e9niablement comme la quintessence de l&rsquo;excellence lorsqu&rsquo;il s&rsquo;agit de sauvegarder et de prot\u00e9ger ses cat\u00e9gories de la mani\u00e8re la plus impeccable possible.<\/p>\n<ul>\n<li>Plugin WordPress con\u00e7u pour prot\u00e9ger les cat\u00e9gories de votre site Web<\/li>\n<li>Prot\u00e8ge les cat\u00e9gories contre l&rsquo;acc\u00e8s ou les modifications non autoris\u00e9es<\/li>\n<li>Fournit un contr\u00f4le d&rsquo;acc\u00e8s aux utilisateurs et aux r\u00f4les<\/li>\n<li>Permet aux administrateurs de restreindre l&rsquo;acc\u00e8s \u00e0 des cat\u00e9gories sp\u00e9cifiques<\/li>\n<li>Permet de cr\u00e9er des r\u00f4les et des autorisations utilisateur personnalis\u00e9s<\/li>\n<li>Fournit une couche de s\u00e9curit\u00e9 suppl\u00e9mentaire \u00e0 votre site Web<\/li>\n<li>Facile \u00e0 utiliser et \u00e0 configurer<\/li>\n<li>Compatible avec les derni\u00e8res versions WordPress<\/li>\n<li>R\u00e9guli\u00e8rement mis \u00e0 jour avec de nouvelles fonctionnalit\u00e9s et des correctifs de s\u00e9curit\u00e9<\/li>\n<li>Offre un excellent support client et documentation<\/li>\n<\/ul>\n","protected":false},"excerpt":{"rendered":"<p>Assurez-vous la plus grande protection de vos cat\u00e9gories WordPress en utilisant ce plugin de s\u00e9curit\u00e9 robuste qui prot\u00e8ge efficacement l&rsquo;acc\u00e8s non autoris\u00e9 et le vol potentiel. Fonctionnant peu de temps en arri\u00e8re-plan, cet outil sert de barri\u00e8re imp\u00e9n\u00e9trable, dissuadant toutes les tentatives malveillantes visant \u00e0 falsifier ou \u00e0 piloter votre pr\u00e9cieux contenu. B\u00e9n\u00e9ficiant d&rsquo;un processus d&rsquo;installation sans couture et d&rsquo;une interface utilisateur intuitive, le plugin Protect WordPress Cat\u00e9gories est la solution ultime pour fortifier les donn\u00e9es vuln\u00e9rables de votre site Web, garantissant une exp\u00e9rience de navigation qui est imperm\u00e9able aux violations de s\u00e9curit\u00e9. Refuser de permettre aux pirates n\u00e9fastes de saper votre pr\u00e9sence en ligne; Au lieu de cela, \u00e9quipez-vous cet outil indispensable pour prot\u00e9ger vos cat\u00e9gories WordPress \u00e0 partir de tout compromis potentiel. Ne perdez pas de temps et s\u00e9curisez votre site Web en acqu\u00e9rant cet outil essentiel d\u00e8s aujourd&rsquo;hui!<\/p>\n","protected":false},"featured_media":145038,"comment_status":"open","ping_status":"open","template":"","meta":[],"product_brand":[2518],"product_cat":[1189,1181,1186],"product_tag":[1619],"class_list":{"0":"post-119243","1":"product","2":"type-product","3":"status-publish","4":"has-post-thumbnail","6":"product_brand-barn2","7":"product_cat-personnalisation","8":"product_cat-plugins","9":"product_cat-wordpress-plugins","10":"product_tag-barn2","11":"member-discount","12":"discount-restricted","14":"first","15":"instock","16":"sale","17":"downloadable","18":"virtual","19":"sold-individually","20":"purchasable","21":"product-type-simple"},"_links":{"self":[{"href":"https:\/\/gpl-love.com\/fr\/wp-json\/wp\/v2\/product\/119243","targetHints":{"allow":["GET"]}}],"collection":[{"href":"https:\/\/gpl-love.com\/fr\/wp-json\/wp\/v2\/product"}],"about":[{"href":"https:\/\/gpl-love.com\/fr\/wp-json\/wp\/v2\/types\/product"}],"replies":[{"embeddable":true,"href":"https:\/\/gpl-love.com\/fr\/wp-json\/wp\/v2\/comments?post=119243"}],"wp:featuredmedia":[{"embeddable":true,"href":"https:\/\/gpl-love.com\/fr\/wp-json\/wp\/v2\/media\/145038"}],"wp:attachment":[{"href":"https:\/\/gpl-love.com\/fr\/wp-json\/wp\/v2\/media?parent=119243"}],"wp:term":[{"taxonomy":"product_brand","embeddable":true,"href":"https:\/\/gpl-love.com\/fr\/wp-json\/wp\/v2\/product_brand?post=119243"},{"taxonomy":"product_cat","embeddable":true,"href":"https:\/\/gpl-love.com\/fr\/wp-json\/wp\/v2\/product_cat?post=119243"},{"taxonomy":"product_tag","embeddable":true,"href":"https:\/\/gpl-love.com\/fr\/wp-json\/wp\/v2\/product_tag?post=119243"}],"curies":[{"name":"wp","href":"https:\/\/api.w.org\/{rel}","templated":true}]}}