{"id":119235,"date":"2026-02-26T00:00:00","date_gmt":"2026-02-25T23:00:00","guid":{"rendered":"https:\/\/gpl-love.com\/fr\/produit\/give-pdf-receipts\/"},"modified":"2026-03-20T23:16:58","modified_gmt":"2026-03-20T22:16:58","slug":"give-pdf-receipts","status":"publish","type":"product","link":"https:\/\/gpl-love.com\/fr\/produit\/give-pdf-receipts\/","title":{"rendered":"GiveWP PDF Receipts 3.3.0"},"content":{"rendered":"<h3>GiveWP PDF Receipts Traits<\/h3>\n<p>GiveWP PDF Receipts est un plugin WordPress tr\u00e8s efficace et avanc\u00e9 qui vous offre la capacit\u00e9 remarquable pour g\u00e9n\u00e9rer des re\u00e7us PDF m\u00e9ticuleusement con\u00e7us et polis pour vos g\u00e9n\u00e9reux donateurs. Gr\u00e2ce \u00e0 l&rsquo;utilisation de cet outil accessible parfaitement accessible, vous obtenez la commodit\u00e9 de r\u00e9partir automatiquement les re\u00e7us PDF \u00e0 vos pr\u00e9cieux donateurs apr\u00e8s leurs contributions bienveillantes sur votre site Web exquis. Le plugin s&rsquo;int\u00e8gre harmonieusement dans votre formulaire de don GiveWP, vous permettant ainsi d&rsquo;adapter le mod\u00e8le de r\u00e9ception avec pr\u00e9cision, l&rsquo;alignant parfaitement avec les \u00e9l\u00e9ments de marque distincts de votre organisation et offrant une exp\u00e9rience impeccablement transparente \u00e0 vos donateurs compatissants. Les re\u00e7us PDF, habilement g\u00e9n\u00e9r\u00e9s par les re\u00e7us PDF GiveWP, englobent de mani\u00e8re exhaustive toutes les informations indispensables cruciales \u00e0 des fins fiscales, simplifiant ainsi le processus pour que vos donateurs estim\u00e9s r\u00e9clament commod\u00e9ment leurs contributions caritatives sur leurs d\u00e9clarations fiscales respectives. B\u00e9n\u00e9ficiant d&rsquo;une interface utilisateur intuitive, coupl\u00e9e \u00e0 une pl\u00e9thore de fonctionnalit\u00e9s robustes, les re\u00e7us PDF GiveWP sont indiscutablement comme la solution par excellence pour chaque organisation exigeante aspirant \u00e0 fournir \u00e0 leurs donneurs inestimables une collection de r\u00e9cepts de PDF con\u00e7us professionnels, sans effort sans effort et \u00e0 des r\u00e9cepts de PDF.<\/p>\n<ul>\n<li>Re\u00e7us PDF d&rsquo;apparence professionnelle pour les dons givewp<\/li>\n<li>Contenu de r\u00e9ception personnalisable pour inclure la marque et les informations de votre organisation<\/li>\n<li>Option pour envoyer automatiquement un e-mail aux re\u00e7us aux donateurs<\/li>\n<li>Informations de r\u00e9ception crypt\u00e9es en toute s\u00e9curit\u00e9<\/li>\n<li>Enti\u00e8rement int\u00e9gr\u00e9 aux enregistrements de dons GiveWP pour un suivi et une gestion faciles<\/li>\n<li>Support multilingue pour les donateurs dans diverses langues<\/li>\n<li>Option pour inclure des informations d\u00e9ductibles d&rsquo;imp\u00f4t pour les donateurs<\/li>\n<li>Compatible avec diverses passerelles et devises de paiement<\/li>\n<li>Acc\u00e8s au support client et mises \u00e0 jour pendant un an<\/li>\n<li>Options de tarification abordables pour les organisations \u00e0 but non lucratif de toutes tailles.<\/li>\n<\/ul>\n","protected":false},"excerpt":{"rendered":"<p>GiveWP PDF Receipts est un plugin WordPress extr\u00eamement robuste qui poss\u00e8de la possibilit\u00e9 de g\u00e9n\u00e9rer des re\u00e7us PDF hautement personnalisables et esth\u00e9tiques pour les g\u00e9n\u00e9reux contributeurs qui soutiennent votre cause. Ce plugin ing\u00e9nieux simplifie le processus de r\u00e9partition des re\u00e7us individualis\u00e9s pour chaque don gracieux fait sur votre site Web estim\u00e9, permettant l&rsquo;inclusion d&rsquo;informations de d\u00e9ducteur d&rsquo;imp\u00f4t vitales, des d\u00e9tails complets relatifs au don \u00e0 port\u00e9e de main et des expressions sinc\u00e8res de gratitude. De plus, vous avez la libert\u00e9 de s\u00e9lectionner parmi un vaste \u00e9ventail de mod\u00e8les m\u00e9ticuleusement con\u00e7us ou m\u00eame de fa\u00e7onner le v\u00f4tre, impr\u00e9gnant ainsi chaque re\u00e7u avec une touche distincte et personnelle. Avec GiveWP PDF Receipts Gestion avec adroitement la t\u00e2che de fournir \u00e0 vos pr\u00e9cieux donateurs des enregistrements pr\u00e9cis et professionnels de leur g\u00e9n\u00e9rosit\u00e9, vous pouvez \u00eatre assur\u00e9 d&rsquo;une r\u00e9tention accrue des donneurs et d&rsquo;une d\u00e9votion in\u00e9branlable \u00e0 votre noble cause.<\/p>\n","protected":false},"featured_media":144015,"comment_status":"open","ping_status":"open","template":"","meta":[],"product_brand":[2561],"product_cat":[1189,1181,1186],"product_tag":[2282],"class_list":{"0":"post-119235","1":"product","2":"type-product","3":"status-publish","4":"has-post-thumbnail","6":"product_brand-givewp","7":"product_cat-personnalisation","8":"product_cat-plugins","9":"product_cat-wordpress-plugins","10":"product_tag-givewp","11":"member-discount","12":"discount-restricted","14":"first","15":"instock","16":"sale","17":"downloadable","18":"virtual","19":"sold-individually","20":"purchasable","21":"product-type-simple"},"_links":{"self":[{"href":"https:\/\/gpl-love.com\/fr\/wp-json\/wp\/v2\/product\/119235","targetHints":{"allow":["GET"]}}],"collection":[{"href":"https:\/\/gpl-love.com\/fr\/wp-json\/wp\/v2\/product"}],"about":[{"href":"https:\/\/gpl-love.com\/fr\/wp-json\/wp\/v2\/types\/product"}],"replies":[{"embeddable":true,"href":"https:\/\/gpl-love.com\/fr\/wp-json\/wp\/v2\/comments?post=119235"}],"wp:featuredmedia":[{"embeddable":true,"href":"https:\/\/gpl-love.com\/fr\/wp-json\/wp\/v2\/media\/144015"}],"wp:attachment":[{"href":"https:\/\/gpl-love.com\/fr\/wp-json\/wp\/v2\/media?parent=119235"}],"wp:term":[{"taxonomy":"product_brand","embeddable":true,"href":"https:\/\/gpl-love.com\/fr\/wp-json\/wp\/v2\/product_brand?post=119235"},{"taxonomy":"product_cat","embeddable":true,"href":"https:\/\/gpl-love.com\/fr\/wp-json\/wp\/v2\/product_cat?post=119235"},{"taxonomy":"product_tag","embeddable":true,"href":"https:\/\/gpl-love.com\/fr\/wp-json\/wp\/v2\/product_tag?post=119235"}],"curies":[{"name":"wp","href":"https:\/\/api.w.org\/{rel}","templated":true}]}}