{"id":119233,"date":"2024-08-16T00:00:00","date_gmt":"2024-08-15T22:00:00","guid":{"rendered":"https:\/\/gpl-love.com\/fr\/produit\/give-manual-donations\/"},"modified":"2026-03-20T23:16:50","modified_gmt":"2026-03-20T22:16:50","slug":"give-manual-donations","status":"publish","type":"product","link":"https:\/\/gpl-love.com\/fr\/produit\/give-manual-donations\/","title":{"rendered":"GiveWP Manual Donations 1.7.0"},"content":{"rendered":"<h3>GiveWP Manual Donations Traits<\/h3>\n<p>Les dons manuels GiveWP apparaissent comme un plugin extr\u00eamement robuste offrant aux utilisateurs la possibilit\u00e9 d&rsquo;accepter sans effort les dons manuellement sur leur site Web WordPress. Ce plugin exceptionnel pr\u00e9sente une interface remarquablement simple et conviviale, permettant ainsi aux utilisateurs d&rsquo;adopter de mani\u00e8re transparente des dons uniques ou r\u00e9currents. Un avantage suppl\u00e9mentaire r\u00e9side dans son int\u00e9gration transparente avec le plugin de don GiveWP, facilitant la capacit\u00e9 des utilisateurs \u00e0 g\u00e9rer avec comp\u00e9tence tous leurs dons dans une plate-forme singuli\u00e8re et consolid\u00e9e. En tirant parti des dons manuels GiveWP, les utilisateurs peuvent adapter sans effort leurs formulaires de don, configurer plusieurs passerelles de paiement et surveiller avec diligence leurs dons en temps r\u00e9el. Ce plugin s&rsquo;av\u00e8re \u00eatre une n\u00e9cessit\u00e9 absolue pour les organisations \u00e0 but non lucratif, les organismes de bienfaisance et toute entit\u00e9 qui n\u00e9cessite d&rsquo;accepter les dons via leur site Web. En r\u00e9sum\u00e9, les dons manuels GiveWP apparaissent sans aucun doute comme un plugin indispensable pour les personnes cherchant \u00e0 amplifier leurs dons en ligne et \u00e0 rationaliser le processus de gestion global associ\u00e9 aux dons.<\/p>\n<ul>\n<li>Permet aux propri\u00e9taires de sites Web d&rsquo;accepter des dons manuels sur leurs formulaires de don givewp<\/li>\n<li>Fournit une interface simple et conviviale pour que les donateurs fassent des dons manuels<\/li>\n<li>Fonctionne de mani\u00e8re transparente avec les outils de rapport et d&rsquo;analyse de GiveWP pour suivre l&rsquo;activit\u00e9 de don<\/li>\n<li>Permet aux propri\u00e9taires de sites Web de personnaliser les champs de formulaire de don pour collecter des informations sp\u00e9cifiques aupr\u00e8s des donateurs<\/li>\n<li>Prend en charge plusieurs passerelles de paiement pour accepter les dons, notamment Stripe et PayPal<\/li>\n<li>Offre des options de montant de dons flexibles, y compris des dons uniques et des dons r\u00e9currents sur une base mensuelle, trimestrielle ou annuelle<\/li>\n<li>Comprend des fonctionnalit\u00e9s utiles telles que les re\u00e7us de dons et les messages de remerciement personnalisables pour les donateurs<\/li>\n<li>Fournit une documentation d\u00e9taill\u00e9e et un support client pour assurer une exp\u00e9rience en douceur et une exp\u00e9rience d&rsquo;utilisation.<\/li>\n<\/ul>\n","protected":false},"excerpt":{"rendered":"<p>L&rsquo;outil GiveWP Manual Donations, un instrument incroyablement puissant, accorde aux utilisateurs la capacit\u00e9 de recevoir des dons sans se retenir d&rsquo;un processeur de paiement. Cet outil impressionnant permet aux individus d&rsquo;adopter un assortiment de variantes de don, de englober des dons uniques ou r\u00e9currents, des dons anonymes et m\u00eame des montants de dons personnalis\u00e9s. De plus, l&rsquo;outil de dons manuels GiveWP confonde les utilisateurs des m\u00e9canismes de rapports complets et des fonctionnalit\u00e9s analytiques, assurant le suivi m\u00e9ticuleux des dons et l&rsquo;\u00e9valuation efficace du triomphe des campagnes de collecte de fonds. En employant des dons manuels GiveWP, les organisations peuvent sans effort accueillir des dons et d\u00e9fendre sans r\u00e9serve leurs nobles missions.<\/p>\n","protected":false},"featured_media":144007,"comment_status":"open","ping_status":"open","template":"","meta":[],"product_brand":[2561],"product_cat":[1189,1181,1186],"product_tag":[2282],"class_list":{"0":"post-119233","1":"product","2":"type-product","3":"status-publish","4":"has-post-thumbnail","6":"product_brand-givewp","7":"product_cat-personnalisation","8":"product_cat-plugins","9":"product_cat-wordpress-plugins","10":"product_tag-givewp","11":"member-discount","12":"discount-restricted","14":"first","15":"instock","16":"sale","17":"downloadable","18":"virtual","19":"sold-individually","20":"purchasable","21":"product-type-simple"},"_links":{"self":[{"href":"https:\/\/gpl-love.com\/fr\/wp-json\/wp\/v2\/product\/119233","targetHints":{"allow":["GET"]}}],"collection":[{"href":"https:\/\/gpl-love.com\/fr\/wp-json\/wp\/v2\/product"}],"about":[{"href":"https:\/\/gpl-love.com\/fr\/wp-json\/wp\/v2\/types\/product"}],"replies":[{"embeddable":true,"href":"https:\/\/gpl-love.com\/fr\/wp-json\/wp\/v2\/comments?post=119233"}],"wp:featuredmedia":[{"embeddable":true,"href":"https:\/\/gpl-love.com\/fr\/wp-json\/wp\/v2\/media\/144007"}],"wp:attachment":[{"href":"https:\/\/gpl-love.com\/fr\/wp-json\/wp\/v2\/media?parent=119233"}],"wp:term":[{"taxonomy":"product_brand","embeddable":true,"href":"https:\/\/gpl-love.com\/fr\/wp-json\/wp\/v2\/product_brand?post=119233"},{"taxonomy":"product_cat","embeddable":true,"href":"https:\/\/gpl-love.com\/fr\/wp-json\/wp\/v2\/product_cat?post=119233"},{"taxonomy":"product_tag","embeddable":true,"href":"https:\/\/gpl-love.com\/fr\/wp-json\/wp\/v2\/product_tag?post=119233"}],"curies":[{"name":"wp","href":"https:\/\/api.w.org\/{rel}","templated":true}]}}