{"id":119201,"date":"2021-11-04T00:00:00","date_gmt":"2021-11-03T23:00:00","guid":{"rendered":"https:\/\/gpl-love.com\/fr\/produit\/mythemeshop-purple-wordpress-theme\/"},"modified":"2026-04-10T18:33:10","modified_gmt":"2026-04-10T16:33:10","slug":"mythemeshop-purple-wordpress-theme","status":"publish","type":"product","link":"https:\/\/gpl-love.com\/fr\/produit\/mythemeshop-purple-wordpress-theme\/","title":{"rendered":"MyThemeShop Purple WordPress Theme 1.1.1"},"content":{"rendered":"<h3>MyThemeShop Purple WordPress Theme Traits<\/h3>\n<p>Le th\u00e8me WordPress de MyTheMeshop Purple, avec sa conception visuellement \u00e9tonnante et enti\u00e8rement r\u00e9active, s&rsquo;av\u00e8re \u00eatre un choix id\u00e9al pour les sites Web dans divers domaines. Il poss\u00e8de une esth\u00e9tique \u00e9l\u00e9gante et moderne, distingu\u00e9e par une palette de couleurs violet attrayante qui le distingue de ses homologues dans le domaine des th\u00e8mes. Notamment, ce th\u00e8me pr\u00e9sente un panneau d&rsquo;options remarquable, d\u00e9bordant de puissance, ce qui vous permet de personnaliser un \u00e9ventail d&rsquo;\u00e9l\u00e9ments, allant des polices aux couleurs en passant par les dispositions. Par cons\u00e9quent, l&rsquo;\u00e9laboration d&rsquo;un site Web qui s&rsquo;aligne parfaitement avec votre marque devient un processus transparent. De plus, le th\u00e8me est soigneusement optimis\u00e9 pour la vitesse, garantissant que votre site Web se charge rapidement et efficacement, am\u00e9liorant ainsi l&rsquo;exp\u00e9rience utilisateur. En outre, il englobe une multitude de fonctionnalit\u00e9s, telles que diverses dispositions de publication et de pages, une int\u00e9gration transparente avec les plateformes de m\u00e9dias sociaux, et m\u00eame un syst\u00e8me d&rsquo;examen int\u00e9gr\u00e9. Que vous soyez un blogueur passionn\u00e9 ou un propri\u00e9taire d&rsquo;entreprise avis\u00e9, le th\u00e8me MyTheMeshop Purple WordPress \u00e9merge sans aucun doute comme le choix par excellence pour construire un site Web extr\u00eamement attrayant et enti\u00e8rement fonctionnel.<\/p>\n<ul>\n<li>Conception ultra-r\u00e9active adapt\u00e9e \u00e0 tous les appareils<\/li>\n<li>Traduction et RTL pr\u00eate<\/li>\n<li>Optimis\u00e9 pour la vitesse et le r\u00e9f\u00e9rencement<\/li>\n<li>Options de fond et de police personnalisables<\/li>\n<li>Boutons de partage des m\u00e9dias sociaux int\u00e9gr\u00e9s<\/li>\n<li>Int\u00e9gr\u00e9 aux polices Google<\/li>\n<li>Widgets personnalis\u00e9s pour les publications populaires, les m\u00e9dias sociaux et plus<\/li>\n<li>WooCommerce compatible pour une configuration de boutique en ligne facile<\/li>\n<li>Options de couleurs illimit\u00e9es pour correspondre \u00e0 votre marque<\/li>\n<li>Installation et configuration en un clic<\/li>\n<li>Support client et mises \u00e0 jour r\u00e9guli\u00e8res incluses.<\/li>\n<\/ul>\n","protected":false},"excerpt":{"rendered":"<p>Le th\u00e8me MyTheShop Purple WordPress, rempli d&rsquo;une allure dynamique et contemporaine, se pr\u00e9sente comme une s\u00e9lection exquise pour les personnes cherchant \u00e0 am\u00e9liorer l&rsquo;attrait visuel de leur site Web. B\u00e9n\u00e9ficiant d&rsquo;une palette de couleurs violet \u00e9l\u00e9gante et s\u00e9duisante, ainsi que d&rsquo;une pl\u00e9thore d&rsquo;options de mise en page personnalisables, ce th\u00e8me s&rsquo;adresse \u00e0 un large \u00e9ventail d&rsquo;industries et d&rsquo;inclinations personnelles. De plus, son engagement r\u00e9solu envers la r\u00e9activit\u00e9 garantit que votre site Web d\u00e9gagera de magnificence in\u00e9gal\u00e9e sur tout appareil avec lequel il est accessible, tandis que son interface conviviale garantit que le processus de personnalisation reste une entreprise sans couture et sans effort. Peu importe que vous vous identifiiez fi\u00e8rement en tant que blogueur, magnat d&rsquo;entreprise ou professionnel de la cr\u00e9ation visionnaire, le th\u00e8me WordPress MyTheShop Purple est sans \u00e9quivoque comme un choix optimal pour revigorer et amplifier votre pr\u00e9sence en ligne \u00e0 des sommets sans pr\u00e9c\u00e9dent.<\/p>\n","protected":false},"featured_media":144686,"comment_status":"open","ping_status":"open","template":"","meta":[],"product_brand":[2601],"product_cat":[1242,1212,1213],"product_tag":[1309],"class_list":{"0":"post-119201","1":"product","2":"type-product","3":"status-publish","4":"has-post-thumbnail","6":"product_brand-my-theme-shop","7":"product_cat-creatif","8":"product_cat-themes","9":"product_cat-wordpress-themes","10":"product_tag-my-theme-shop","11":"member-discount","12":"discount-restricted","14":"first","15":"instock","16":"sale","17":"downloadable","18":"virtual","19":"sold-individually","20":"purchasable","21":"product-type-simple"},"_links":{"self":[{"href":"https:\/\/gpl-love.com\/fr\/wp-json\/wp\/v2\/product\/119201","targetHints":{"allow":["GET"]}}],"collection":[{"href":"https:\/\/gpl-love.com\/fr\/wp-json\/wp\/v2\/product"}],"about":[{"href":"https:\/\/gpl-love.com\/fr\/wp-json\/wp\/v2\/types\/product"}],"replies":[{"embeddable":true,"href":"https:\/\/gpl-love.com\/fr\/wp-json\/wp\/v2\/comments?post=119201"}],"wp:featuredmedia":[{"embeddable":true,"href":"https:\/\/gpl-love.com\/fr\/wp-json\/wp\/v2\/media\/144686"}],"wp:attachment":[{"href":"https:\/\/gpl-love.com\/fr\/wp-json\/wp\/v2\/media?parent=119201"}],"wp:term":[{"taxonomy":"product_brand","embeddable":true,"href":"https:\/\/gpl-love.com\/fr\/wp-json\/wp\/v2\/product_brand?post=119201"},{"taxonomy":"product_cat","embeddable":true,"href":"https:\/\/gpl-love.com\/fr\/wp-json\/wp\/v2\/product_cat?post=119201"},{"taxonomy":"product_tag","embeddable":true,"href":"https:\/\/gpl-love.com\/fr\/wp-json\/wp\/v2\/product_tag?post=119201"}],"curies":[{"name":"wp","href":"https:\/\/api.w.org\/{rel}","templated":true}]}}