{"id":119176,"date":"2021-11-02T00:00:00","date_gmt":"2021-11-01T23:00:00","guid":{"rendered":"https:\/\/gpl-love.com\/fr\/produit\/wp-geoip-country-redirect\/"},"modified":"2026-03-20T23:49:51","modified_gmt":"2026-03-20T22:49:51","slug":"wp-geoip-country-redirect","status":"publish","type":"product","link":"https:\/\/gpl-love.com\/fr\/produit\/wp-geoip-country-redirect\/","title":{"rendered":"WP GeoIP Country Redirect 3.6"},"content":{"rendered":"<h3>WP GeoIP Country Redirect Traits<\/h3>\n<p>WP GeOIP Country Redirect est un plugin WordPress incroyablement robuste et tr\u00e8s efficace qui permet aux propri\u00e9taires de sites Web la possibilit\u00e9 de rediriger sans effort leurs visiteurs vers des pages variables en fonction de leur g\u00e9olocation sp\u00e9cifique. En utilisant ce plugin exceptionnel, vous avez la capacit\u00e9 de cibler et de rediriger sp\u00e9cifiquement les individus originaires de r\u00e9gions distinctes ou m\u00eame de pays, en veillant \u00e0 ce qu&rsquo;ils soient parfaitement dirig\u00e9s vers des pages \u00e0 la fois pertinentes et applicables \u00e0 leur situation unique. Cette fonctionnalit\u00e9 inestimable est particuli\u00e8rement avantageuse pour les entreprises qui poss\u00e8dent diverses offres ou promotions dans des lieux diff\u00e9rents. Tirant parti de l&rsquo;adresse IP du visiteur, ce plugin d\u00e9termine avec pr\u00e9cision leur emplacement pr\u00e9cis, augmentant davantage ses capacit\u00e9s de rediriger m\u00eame en fonction de la langue du navigateur. En incorporant WP GeOIP Country Redirection dans votre site Web, vous avez une incroyable opportunit\u00e9 d&rsquo;am\u00e9liorer consid\u00e9rablement l&rsquo;exp\u00e9rience utilisateur globale, ce qui le rend consid\u00e9rablement plus personnalis\u00e9 et sur mesure pour r\u00e9pondre aux pr\u00e9f\u00e9rences et aux besoins individuels de vos visiteurs exigeants.<\/p>\n<ul>\n<li>Rediriger automatiquement les visiteurs du site Web vers des pages sp\u00e9cifiques en fonction de leur pays d&rsquo;origine.<\/li>\n<li>Suit avec pr\u00e9cision l&#8217;emplacement du visiteur en fonction de leur adresse IP.<\/li>\n<li>Facile \u00e0 installer et \u00e0 configurer, aucune exp\u00e9rience de codage n\u00e9cessaire.<\/li>\n<li>Des options de redirection personnalisables pour r\u00e9pondre aux besoins commerciaux sp\u00e9cifiques.<\/li>\n<li>Prend en charge la redirection de plusieurs langues, devises et de domaines.<\/li>\n<li>Am\u00e9lioration de l&rsquo;exp\u00e9rience utilisateur en livrant du contenu cibl\u00e9 aux visiteurs de diff\u00e9rents emplacements.<\/li>\n<li>Peut aider \u00e0 stimuler le r\u00e9f\u00e9rencement en fournissant un contenu localis\u00e9 et en am\u00e9liorant les temps de chargement des pages.<\/li>\n<li>Compatible avec la plupart des th\u00e8mes et plugins WordPress.<\/li>\n<\/ul>\n","protected":false},"excerpt":{"rendered":"<p>Le plugin de redirection WP GeOIP Country s&rsquo;av\u00e8re \u00eatre un outil exemplaire lorsqu&rsquo;il s&rsquo;agit de rediriger efficacement les visiteurs du site Web en fonction de leur pays. Utilisant la technologie avanc\u00e9e GEOIP, ce plugin robuste identifie habilement l&#8217;emplacement pr\u00e9cis de l&rsquo;utilisateur et les redirige par la suite vers la section ou la page correspondante de votre site Web. En capitalisant sur les r\u00e8gles de redirection personnalisables qui sont sp\u00e9cifiques \u00e0 chaque pays, vous pouvez cultiver sans effort une exp\u00e9rience utilisateur harmonieuse, am\u00e9liorer les niveaux d&rsquo;engagement et finalement \u00e9lever vos taux de conversion. En outre, le processus d&rsquo;installation et d&rsquo;utilisation de ce plugin est remarquablement simple, ce qui en fait un choix id\u00e9al pour les propri\u00e9taires de sites Web et les d\u00e9veloppeurs, quel que soit leur niveau de comp\u00e9tence.<\/p>\n","protected":false},"featured_media":146152,"comment_status":"open","ping_status":"open","template":"","meta":[],"product_brand":[2435],"product_cat":[1189,1181,1186],"product_tag":[1231],"class_list":{"0":"post-119176","1":"product","2":"type-product","3":"status-publish","4":"has-post-thumbnail","6":"product_brand-codecanyon","7":"product_cat-personnalisation","8":"product_cat-plugins","9":"product_cat-wordpress-plugins","10":"product_tag-codecanyon","11":"member-discount","12":"discount-restricted","14":"first","15":"instock","16":"sale","17":"downloadable","18":"virtual","19":"sold-individually","20":"purchasable","21":"product-type-simple"},"_links":{"self":[{"href":"https:\/\/gpl-love.com\/fr\/wp-json\/wp\/v2\/product\/119176","targetHints":{"allow":["GET"]}}],"collection":[{"href":"https:\/\/gpl-love.com\/fr\/wp-json\/wp\/v2\/product"}],"about":[{"href":"https:\/\/gpl-love.com\/fr\/wp-json\/wp\/v2\/types\/product"}],"replies":[{"embeddable":true,"href":"https:\/\/gpl-love.com\/fr\/wp-json\/wp\/v2\/comments?post=119176"}],"wp:featuredmedia":[{"embeddable":true,"href":"https:\/\/gpl-love.com\/fr\/wp-json\/wp\/v2\/media\/146152"}],"wp:attachment":[{"href":"https:\/\/gpl-love.com\/fr\/wp-json\/wp\/v2\/media?parent=119176"}],"wp:term":[{"taxonomy":"product_brand","embeddable":true,"href":"https:\/\/gpl-love.com\/fr\/wp-json\/wp\/v2\/product_brand?post=119176"},{"taxonomy":"product_cat","embeddable":true,"href":"https:\/\/gpl-love.com\/fr\/wp-json\/wp\/v2\/product_cat?post=119176"},{"taxonomy":"product_tag","embeddable":true,"href":"https:\/\/gpl-love.com\/fr\/wp-json\/wp\/v2\/product_tag?post=119176"}],"curies":[{"name":"wp","href":"https:\/\/api.w.org\/{rel}","templated":true}]}}