{"id":119174,"date":"2025-05-16T00:00:00","date_gmt":"2025-05-15T22:00:00","guid":{"rendered":"https:\/\/gpl-love.com\/fr\/produit\/wpdiscuz-user-et-comment-mentioning\/"},"modified":"2026-03-20T23:51:16","modified_gmt":"2026-03-20T22:51:16","slug":"wpdiscuz-user-et-comment-mentioning","status":"publish","type":"product","link":"https:\/\/gpl-love.com\/fr\/produit\/wpdiscuz-user-et-comment-mentioning\/","title":{"rendered":"wpDiscuz User et Comment Mentioning 7.2.1"},"content":{"rendered":"<h3>wpDiscuz User et Comment Mentioning Traits<\/h3>\n<p>L&rsquo;utilisateur WPDiscuz et les commentaires mentionnant le plugin sert \u00e0 am\u00e9liorer l&rsquo;engagement des utilisateurs sur votre site Web WordPress en accordant aux utilisateurs la possibilit\u00e9 de mentionner les autres utilisateurs dans les commentaires qu&rsquo;ils font. En autorisant cette action, le plugin cultive efficacement un profond sentiment de communaut\u00e9 parmi les utilisateurs et stimule leur participation active \u00e0 des discussions en cours. De plus, cette fonctionnalit\u00e9 remarquable permet \u00e9galement aux utilisateurs de recevoir des notifications chaque fois qu&rsquo;ils sont mentionn\u00e9s par quelqu&rsquo;un ou lorsque quelqu&rsquo;un r\u00e9pond \u00e0 ses commentaires, facilitant ainsi le suivi sans effort des conversations. Non seulement l&rsquo;utilisateur et commentaire de WPDiscuz mentionnant le plugin remarquablement convivial, mais il est \u00e9galement hautement personnalisable et compatible avec toute la grande majorit\u00e9 des th\u00e8mes et des plugins WordPress. Par cons\u00e9quent, c&rsquo;est un outil indispensable que chaque propri\u00e9taire de site Web doit poss\u00e9der afin d&rsquo;optimiser l&rsquo;engagement des utilisateurs et d&rsquo;\u00e9tablir une communaut\u00e9 en ligne hautement interactive.<\/p>\n<ul>\n<li>Am\u00e9liorez l&rsquo;engagement des utilisateurs sur votre site Web WordPress avec l&rsquo;utilisateur WPDiscuz et commentaire mentionner.<\/li>\n<li>Permettez aux utilisateurs de mentionner les autres dans leurs commentaires, cr\u00e9ant une communaut\u00e9 plus connect\u00e9e et interactive.<\/li>\n<li>Augmentez la visibilit\u00e9 des commentaires en avan\u00e7ant les utilisateurs mentionn\u00e9s, en les encourageant \u00e0 se joindre \u00e0 la conversation.<\/li>\n<li>Personnalisez les param\u00e8tres de notification pour r\u00e9pondre aux besoins de votre site Web, y compris les notifications par e-mail et la mise en \u00e9vidence des mentions dans les commentaires.<\/li>\n<li>G\u00e9rez facilement les utilisateurs mentionn\u00e9s avec une page de gestion des utilisateurs d\u00e9sign\u00e9s, o\u00f9 vous pouvez approuver ou refuser les demandes de notification et plus encore.<\/li>\n<li>Enti\u00e8rement int\u00e9gr\u00e9 au syst\u00e8me de commentaires WPDiscuz, assurant une impl\u00e9mentation transparente et des performances fiables.<\/li>\n<\/ul>\n","protected":false},"excerpt":{"rendered":"<p>L&rsquo;utilisateur WPDiscuz et les commentaires mentionnant le plugin ajoute une am\u00e9lioration pr\u00e9cieuse au syst\u00e8me de commentaires de votre site Web WordPress, accordant aux utilisateurs la possibilit\u00e9 de mentionner les autres utilisateurs dans leurs commentaires. Cette fonctionnalit\u00e9 sert non seulement \u00e0 favoriser un plus grand engagement parmi les utilisateurs, mais simplifie \u00e9galement le processus d&rsquo;identification et de r\u00e9ponse efficace aux commentaires les uns des autres. De plus, le plugin propose une interface intuitive qui permet aux utilisateurs de g\u00e9rer efficacement leurs mentions et de recevoir des notifications opportunes. \u00c9levez l&rsquo;interactivit\u00e9 du syst\u00e8me de commentaires de votre site Web en int\u00e9grant l&rsquo;utilisateur de WPDiscuz et en mentionnant les commentaires.<\/p>\n","protected":false},"featured_media":146247,"comment_status":"open","ping_status":"open","template":"","meta":[],"product_brand":[2741],"product_cat":[1189,1181,1186],"product_tag":[2254],"class_list":{"0":"post-119174","1":"product","2":"type-product","3":"status-publish","4":"has-post-thumbnail","6":"product_brand-wp-discuz","7":"product_cat-personnalisation","8":"product_cat-plugins","9":"product_cat-wordpress-plugins","10":"product_tag-wp-discuz","11":"member-discount","12":"discount-restricted","14":"first","15":"instock","16":"sale","17":"downloadable","18":"virtual","19":"sold-individually","20":"purchasable","21":"product-type-simple"},"_links":{"self":[{"href":"https:\/\/gpl-love.com\/fr\/wp-json\/wp\/v2\/product\/119174","targetHints":{"allow":["GET"]}}],"collection":[{"href":"https:\/\/gpl-love.com\/fr\/wp-json\/wp\/v2\/product"}],"about":[{"href":"https:\/\/gpl-love.com\/fr\/wp-json\/wp\/v2\/types\/product"}],"replies":[{"embeddable":true,"href":"https:\/\/gpl-love.com\/fr\/wp-json\/wp\/v2\/comments?post=119174"}],"wp:featuredmedia":[{"embeddable":true,"href":"https:\/\/gpl-love.com\/fr\/wp-json\/wp\/v2\/media\/146247"}],"wp:attachment":[{"href":"https:\/\/gpl-love.com\/fr\/wp-json\/wp\/v2\/media?parent=119174"}],"wp:term":[{"taxonomy":"product_brand","embeddable":true,"href":"https:\/\/gpl-love.com\/fr\/wp-json\/wp\/v2\/product_brand?post=119174"},{"taxonomy":"product_cat","embeddable":true,"href":"https:\/\/gpl-love.com\/fr\/wp-json\/wp\/v2\/product_cat?post=119174"},{"taxonomy":"product_tag","embeddable":true,"href":"https:\/\/gpl-love.com\/fr\/wp-json\/wp\/v2\/product_tag?post=119174"}],"curies":[{"name":"wp","href":"https:\/\/api.w.org\/{rel}","templated":true}]}}