{"id":119172,"date":"2025-05-16T00:00:00","date_gmt":"2025-05-15T22:00:00","guid":{"rendered":"https:\/\/gpl-love.com\/fr\/produit\/wpdiscuz-subscription-manager\/"},"modified":"2026-03-20T23:51:15","modified_gmt":"2026-03-20T22:51:15","slug":"wpdiscuz-subscription-manager","status":"publish","type":"product","link":"https:\/\/gpl-love.com\/fr\/produit\/wpdiscuz-subscription-manager\/","title":{"rendered":"wpDiscuz Subscription Manager 7.0.9"},"content":{"rendered":"<h3>wpDiscuz Subscription Manager Traits<\/h3>\n<p>Le gestionnaire d&rsquo;abonnement WPDiscuz est un plugin WordPress incroyablement robuste et puissant qui sert d&rsquo;aide aux propri\u00e9taires de sites Web dans la gestion de leur section de commentaires avec la plus grande efficacit\u00e9. Cet outil exemplaire permet aux utilisateurs de leur accorder la possibilit\u00e9 de s&rsquo;abonner sans effort \u00e0 des threads de commentaires sp\u00e9cifiques, leur permettant ainsi de recevoir des notifications instantan\u00e9es chaque fois que les nouveaux commentaires sont annex\u00e9s. De plus, le plugin rationalise l&rsquo;int\u00e9gralit\u00e9 du processus de gestion des abonnement en fournissant une interface tr\u00e8s conviviale pour que les utilisateurs supervisent et r\u00e9gulent facilement leurs abonnements. De plus, ce plugin remarquable est \u00e9quip\u00e9 d&rsquo;une pl\u00e9thore d&rsquo;options de personnalisation, offrant aux propri\u00e9taires de sites Web la possibilit\u00e9 d&rsquo;adapter le processus d&rsquo;abonnement \u00e0 leurs besoins distinctifs et individualistes. En conclusion, il est incontestablement clair que le gestionnaire d&rsquo;abonnement de WPDiscuz est un outil indispensable pour tout site Web aspirant \u00e0 \u00e9lever sa gestion des commentaires et \u00e0 favoriser un engagement am\u00e9lior\u00e9 avec son public estim\u00e9.<\/p>\n<ul>\n<li>Gestion efficace des abonnements utilisateur pour les commentaires WPDiscuz<\/li>\n<li>Notifications par e-mail automatiques aux abonn\u00e9s sur de nouveaux commentaires ou r\u00e9ponses \u00e0 leurs commentaires<\/li>\n<li>Personnalisation facile des mod\u00e8les de messagerie pour correspondre \u00e0 la marque du site Web<\/li>\n<li>Capacit\u00e9 \u00e0 exclure ou \u00e0 inclure certaines cat\u00e9gories ou postes pour les options d&rsquo;abonnement<\/li>\n<li>Prend en charge l&rsquo;int\u00e9gration avec des services de marketing par e-mail populaires comme MailChimp et un contact constant<\/li>\n<li>Rapports d\u00e9taill\u00e9s et analyses sur l&rsquo;activit\u00e9 et l&rsquo;engagement des abonn\u00e9s<\/li>\n<li>Int\u00e9gration transparente avec le syst\u00e8me de commentaires WPDiscuz sans affecter les performances du site Web<\/li>\n<li>Interface conviviale pour la gestion des abonnements et des options de personnalisation<\/li>\n<li>Options pour permettre aux clients de s&rsquo;abonner \u00e0 des articles de blog ou des cat\u00e9gories sp\u00e9cifiques<\/li>\n<li>Conception r\u00e9active pour les mobiles et les tablettes.<\/li>\n<\/ul>\n","protected":false},"excerpt":{"rendered":"<p>Le gestionnaire d&rsquo;abonnement WPDiscuz, un plugin WordPress tr\u00e8s pratique, sert de solution efficace pour les propri\u00e9taires de sites Web cherchant \u00e0 g\u00e9rer efficacement leurs abonnements utilisateur li\u00e9s aux commentaires et aux discussions. Cet outil exceptionnel facilite les utilisateurs en abonnement ou en d\u00e9sabonnement sans effort \u00e0 partir de threads sp\u00e9cifiques, en recevant des notifications par e-mail et en personnalisant leurs pr\u00e9f\u00e9rences en fonction de leurs besoins et d\u00e9sirs. De plus, ce plugin est \u00e9quip\u00e9 de fonctionnalit\u00e9s avanc\u00e9es comme la liste noire de l&rsquo;utilisateur, des mod\u00e8les de messagerie personnalis\u00e9s et des int\u00e9grations transparentes avec des services de marketing par e-mail bien connus. En tirant parti des capacit\u00e9s puissantes du gestionnaire d&rsquo;abonnement WPDiscuz, les propri\u00e9taires de sites Web peuvent amplifier consid\u00e9rablement les niveaux d&rsquo;engagement, nourrir une communaut\u00e9 prosp\u00e8re et garantir une communication rapide avec les utilisateurs concernant toute mise \u00e0 jour ou le contenu nouveau pouvant \u00eatre publi\u00e9.<\/p>\n","protected":false},"featured_media":146246,"comment_status":"open","ping_status":"open","template":"","meta":[],"product_brand":[2741],"product_cat":[1187,1181,1186],"product_tag":[2254],"class_list":{"0":"post-119172","1":"product","2":"type-product","3":"status-publish","4":"has-post-thumbnail","6":"product_brand-wp-discuz","7":"product_cat-administration-wordpress-plugins","8":"product_cat-plugins","9":"product_cat-wordpress-plugins","10":"product_tag-wp-discuz","11":"member-discount","12":"discount-restricted","14":"first","15":"instock","16":"sale","17":"downloadable","18":"virtual","19":"sold-individually","20":"purchasable","21":"product-type-simple"},"_links":{"self":[{"href":"https:\/\/gpl-love.com\/fr\/wp-json\/wp\/v2\/product\/119172","targetHints":{"allow":["GET"]}}],"collection":[{"href":"https:\/\/gpl-love.com\/fr\/wp-json\/wp\/v2\/product"}],"about":[{"href":"https:\/\/gpl-love.com\/fr\/wp-json\/wp\/v2\/types\/product"}],"replies":[{"embeddable":true,"href":"https:\/\/gpl-love.com\/fr\/wp-json\/wp\/v2\/comments?post=119172"}],"wp:featuredmedia":[{"embeddable":true,"href":"https:\/\/gpl-love.com\/fr\/wp-json\/wp\/v2\/media\/146246"}],"wp:attachment":[{"href":"https:\/\/gpl-love.com\/fr\/wp-json\/wp\/v2\/media?parent=119172"}],"wp:term":[{"taxonomy":"product_brand","embeddable":true,"href":"https:\/\/gpl-love.com\/fr\/wp-json\/wp\/v2\/product_brand?post=119172"},{"taxonomy":"product_cat","embeddable":true,"href":"https:\/\/gpl-love.com\/fr\/wp-json\/wp\/v2\/product_cat?post=119172"},{"taxonomy":"product_tag","embeddable":true,"href":"https:\/\/gpl-love.com\/fr\/wp-json\/wp\/v2\/product_tag?post=119172"}],"curies":[{"name":"wp","href":"https:\/\/api.w.org\/{rel}","templated":true}]}}