{"id":119170,"date":"2025-05-16T00:00:00","date_gmt":"2025-05-15T22:00:00","guid":{"rendered":"https:\/\/gpl-love.com\/fr\/produit\/wpdiscuz-report-et-flagging\/"},"modified":"2026-03-20T23:51:14","modified_gmt":"2026-03-20T22:51:14","slug":"wpdiscuz-report-et-flagging","status":"publish","type":"product","link":"https:\/\/gpl-love.com\/fr\/produit\/wpdiscuz-report-et-flagging\/","title":{"rendered":"wpDiscuz Report et Flagging 7.1.0"},"content":{"rendered":"<h3>wpDiscuz Report et Flagging Traits<\/h3>\n<p>Le rapport WPDiscuz et l&rsquo;outil de signalisation, un plugin indispensable pour les sites Web WordPress qui facilitent la comimentation des utilisateurs, sert d&rsquo;instrument paramount pour maintenir une section de commentaires vif et dynamique. Il y parvient en autorisant les utilisateurs \u00e0 signaler tous les commentaires jug\u00e9s inappropri\u00e9s et \u00e0 les signaler par la suite aux administrateurs de sites vigilants. Ce qui distingue ce plugin, c&rsquo;est son interface remarquablement conviviale, ce qui permet aux lecteurs sans effort de signaler rapidement les commentaires qui transgressent la politique de commentaire du site Web. En int\u00e9grant le rapport WPDiscuz et en signalant l&rsquo;outil dans leur site Web, les propri\u00e9taires peuvent augmenter la mod\u00e9ration des commentaires, garantissant ainsi la perp\u00e9tuation d&rsquo;une plate-forme s\u00e9curis\u00e9e et globale pour tous ses utilisateurs.<\/p>\n<ul>\n<li>Un plugin convivial pour WordPress qui permet aux visiteurs du site Web de signaler et de signaler un contenu inappropri\u00e9<\/li>\n<li>Donne aux administrateurs de sites Web la possibilit\u00e9 de mod\u00e9rer rapidement les commentaires et les publications<\/li>\n<li>Aide \u00e0 maintenir une communaut\u00e9 en ligne s\u00fbre et accueillante<\/li>\n<li>Options de rapports et de signalisation personnalisables pour r\u00e9pondre aux besoins sp\u00e9cifiques de votre site Web<\/li>\n<li>Fournit des options de rapports rapides et faciles pour les utilisateurs enregistr\u00e9s et non enregistr\u00e9s<\/li>\n<li>Rationalise le processus de mod\u00e9ration, vous faisant gagner du temps et des efforts<\/li>\n<li>Protection de spam int\u00e9gr\u00e9e pour aider \u00e0 garder le contenu ind\u00e9sirable sur votre site Web<\/li>\n<li>Informations d\u00e9taill\u00e9es sur les rapports et l&rsquo;analyse pour vous aider \u00e0 identifier et r\u00e9soudre rapidement les probl\u00e8mes potentiels<\/li>\n<li>Compatible avec une large gamme de th\u00e8mes, plugins et extensions WordPress<\/li>\n<li>Mises \u00e0 jour r\u00e9guli\u00e8res et support client pour assurer des performances et une fiabilit\u00e9 maximales.<\/li>\n<\/ul>\n","protected":false},"excerpt":{"rendered":"<p>Le rapport WPDiscuz et le plugin de signalisation, qui poss\u00e8de une pl\u00e9thore de fonctionnalit\u00e9s, sert de solution id\u00e9ale et impeccable pour g\u00e9rer efficacement le contenu g\u00e9n\u00e9r\u00e9 par les utilisateurs sur votre site Web WordPress. En offrant \u00e0 vos utilisateurs estim\u00e9s la possibilit\u00e9 de signaler rapidement tous les commentaires jug\u00e9s inappropri\u00e9s et un spam de drapeau, ce plugin remarquablement robuste vous permet de domination compl\u00e8te sur votre section de commentaires. De plus, avec ses param\u00e8tres hautement personnalisables, vous pouvez exercer sans effort la mod\u00e9ration par rapport aux commentaires, des mots sp\u00e9cifiques \u00e0 liste noire qui peuvent \u00eatre jug\u00e9s r\u00e9pr\u00e9hensibles, et m\u00eame emp\u00eacher de mani\u00e8re proactive l&rsquo;afflux de certains types de commentaires. Ainsi, il est imp\u00e9ratif que tout propri\u00e9taire de site Web WordPress de substantiel gravemness acquiert et d\u00e9ploie le rapport WPDiscuz et le plugin de signalisation comme un outil indispensable dans leur arsenal num\u00e9rique.<\/p>\n","protected":false},"featured_media":146245,"comment_status":"open","ping_status":"open","template":"","meta":[],"product_brand":[2741],"product_cat":[1189,1181,1186],"product_tag":[2254],"class_list":{"0":"post-119170","1":"product","2":"type-product","3":"status-publish","4":"has-post-thumbnail","6":"product_brand-wp-discuz","7":"product_cat-personnalisation","8":"product_cat-plugins","9":"product_cat-wordpress-plugins","10":"product_tag-wp-discuz","11":"member-discount","12":"discount-restricted","14":"first","15":"instock","16":"sale","17":"downloadable","18":"virtual","19":"sold-individually","20":"purchasable","21":"product-type-simple"},"_links":{"self":[{"href":"https:\/\/gpl-love.com\/fr\/wp-json\/wp\/v2\/product\/119170","targetHints":{"allow":["GET"]}}],"collection":[{"href":"https:\/\/gpl-love.com\/fr\/wp-json\/wp\/v2\/product"}],"about":[{"href":"https:\/\/gpl-love.com\/fr\/wp-json\/wp\/v2\/types\/product"}],"replies":[{"embeddable":true,"href":"https:\/\/gpl-love.com\/fr\/wp-json\/wp\/v2\/comments?post=119170"}],"wp:featuredmedia":[{"embeddable":true,"href":"https:\/\/gpl-love.com\/fr\/wp-json\/wp\/v2\/media\/146245"}],"wp:attachment":[{"href":"https:\/\/gpl-love.com\/fr\/wp-json\/wp\/v2\/media?parent=119170"}],"wp:term":[{"taxonomy":"product_brand","embeddable":true,"href":"https:\/\/gpl-love.com\/fr\/wp-json\/wp\/v2\/product_brand?post=119170"},{"taxonomy":"product_cat","embeddable":true,"href":"https:\/\/gpl-love.com\/fr\/wp-json\/wp\/v2\/product_cat?post=119170"},{"taxonomy":"product_tag","embeddable":true,"href":"https:\/\/gpl-love.com\/fr\/wp-json\/wp\/v2\/product_tag?post=119170"}],"curies":[{"name":"wp","href":"https:\/\/api.w.org\/{rel}","templated":true}]}}