{"id":119168,"date":"2025-05-16T00:00:00","date_gmt":"2025-05-15T22:00:00","guid":{"rendered":"https:\/\/gpl-love.com\/fr\/produit\/wpdiscuz-private-comments\/"},"modified":"2026-03-20T23:51:14","modified_gmt":"2026-03-20T22:51:14","slug":"wpdiscuz-private-comments","status":"publish","type":"product","link":"https:\/\/gpl-love.com\/fr\/produit\/wpdiscuz-private-comments\/","title":{"rendered":"wpDiscuz Private Comments 7.1.0"},"content":{"rendered":"<h3>wpDiscuz Private Comments Traits<\/h3>\n<p>Le plugin remarquable connu sous le nom de commentaires priv\u00e9s WPDiscuz sert d&rsquo;outil puissant pour augmenter la fonctionnalit\u00e9 de commentaire des sites Web WordPress. En vertu de ce plugin, les utilisateurs sont d\u00e9sormais dot\u00e9s de la capacit\u00e9 de transmettre des commentaires priv\u00e9s qui restent cach\u00e9s au regard du public, tout en restent accessibles uniquement \u00e0 l&rsquo;administrateur du site Web et audit commentateur. Cet attribut particulier s&rsquo;av\u00e8re extr\u00eamement avantageux pour les sites Web qui n\u00e9cessitent des correspondances secr\u00e8tes entre les utilisateurs et les administrateurs. En outre, le processus d&rsquo;installation du plugin est tout simplement de moins que la simplicit\u00e9, et son interface pr\u00e9sente une nature intuitive et conviviale, garantissant ainsi que les utilisateurs peuvent diffuser sans effort leurs commentaires priv\u00e9s. En somme, l&rsquo;indispensabilit\u00e9 des commentaires priv\u00e9s de WPDiscuz devient \u00e9vidente pour les sites Web WordPress qui d\u00e9tiennent la confidentialit\u00e9 et la communication s\u00e9curis\u00e9e en la plus haute estime.<\/p>\n<ul>\n<li>Permet aux propri\u00e9taires de sites Web d&rsquo;activer les commentaires priv\u00e9s sur leur site WordPress<\/li>\n<li>Fournit un moyen s\u00e9curis\u00e9 et confidentiel pour les utilisateurs de laisser des commentaires<\/li>\n<li>Permet aux utilisateurs de choisir si leur commentaire est priv\u00e9 ou public<\/li>\n<li>Prot\u00e8ge les informations sensibles en emp\u00eachant la divulgation publique<\/li>\n<li>Augmente l&rsquo;engagement et encourage les utilisateurs \u00e0 partager leurs commentaires et leurs id\u00e9es<\/li>\n<li>Am\u00e9liore la qualit\u00e9 des commentaires en permettant aux utilisateurs de fournir des commentaires honn\u00eates sans crainte de jugement ou de contrecoup<\/li>\n<li>Int\u00e9gre parfaitement le syst\u00e8me de commentaires WPDiscuz<\/li>\n<li>Permet aux propri\u00e9taires de sites Web \u00e0 mod\u00e9rer les commentaires priv\u00e9s avant de les publier<\/li>\n<li>Fournit une interface intuitive et conviviale pour g\u00e9rer les commentaires priv\u00e9s<\/li>\n<li>Compatible avec tous les th\u00e8mes et plugins WordPress.<\/li>\n<\/ul>\n","protected":false},"excerpt":{"rendered":"<p>Les commentaires priv\u00e9s de WPDiscuz sont un plugin tr\u00e8s avantageux et efficace, sp\u00e9cialement con\u00e7u pour les sites Web WordPress, qui permet aux utilisateurs de s&rsquo;engager dans des conversations priv\u00e9es. Il pr\u00e9sente une fonctionnalit\u00e9 exclusive qui permet aux individus de laisser des commentaires sur un poste ou une page, limitant leur visibilit\u00e9 \u00e0 un groupe de destinataires tri\u00e9e sur le volet. Cette fonctionnalit\u00e9 extraordinaire s&rsquo;av\u00e8re extr\u00eamement b\u00e9n\u00e9fique dans des situations o\u00f9 les discussions n\u00e9cessitent la plus grande confidentialit\u00e9, ou lorsque la r\u00e9troaction devrait atteindre uniquement des individus d\u00e9sign\u00e9s. Incontestablement, les commentaires priv\u00e9s de WPDiscuz incarnent une solution remarquablement s\u00e9curis\u00e9e et parfaitement int\u00e9gr\u00e9e, facilitant la communication discr\u00e8te et personnelle dans le domaine des sites Web WordPress.<\/p>\n","protected":false},"featured_media":146244,"comment_status":"open","ping_status":"open","template":"","meta":[],"product_brand":[2741],"product_cat":[1189,1181,1186],"product_tag":[2254],"class_list":{"0":"post-119168","1":"product","2":"type-product","3":"status-publish","4":"has-post-thumbnail","6":"product_brand-wp-discuz","7":"product_cat-personnalisation","8":"product_cat-plugins","9":"product_cat-wordpress-plugins","10":"product_tag-wp-discuz","11":"member-discount","12":"discount-restricted","14":"first","15":"instock","16":"sale","17":"downloadable","18":"virtual","19":"sold-individually","20":"purchasable","21":"product-type-simple"},"_links":{"self":[{"href":"https:\/\/gpl-love.com\/fr\/wp-json\/wp\/v2\/product\/119168","targetHints":{"allow":["GET"]}}],"collection":[{"href":"https:\/\/gpl-love.com\/fr\/wp-json\/wp\/v2\/product"}],"about":[{"href":"https:\/\/gpl-love.com\/fr\/wp-json\/wp\/v2\/types\/product"}],"replies":[{"embeddable":true,"href":"https:\/\/gpl-love.com\/fr\/wp-json\/wp\/v2\/comments?post=119168"}],"wp:featuredmedia":[{"embeddable":true,"href":"https:\/\/gpl-love.com\/fr\/wp-json\/wp\/v2\/media\/146244"}],"wp:attachment":[{"href":"https:\/\/gpl-love.com\/fr\/wp-json\/wp\/v2\/media?parent=119168"}],"wp:term":[{"taxonomy":"product_brand","embeddable":true,"href":"https:\/\/gpl-love.com\/fr\/wp-json\/wp\/v2\/product_brand?post=119168"},{"taxonomy":"product_cat","embeddable":true,"href":"https:\/\/gpl-love.com\/fr\/wp-json\/wp\/v2\/product_cat?post=119168"},{"taxonomy":"product_tag","embeddable":true,"href":"https:\/\/gpl-love.com\/fr\/wp-json\/wp\/v2\/product_tag?post=119168"}],"curies":[{"name":"wp","href":"https:\/\/api.w.org\/{rel}","templated":true}]}}