{"id":119166,"date":"2025-06-24T00:00:00","date_gmt":"2025-06-23T22:00:00","guid":{"rendered":"https:\/\/gpl-love.com\/fr\/produit\/wpdiscuz-online-users\/"},"modified":"2026-03-20T23:51:12","modified_gmt":"2026-03-20T22:51:12","slug":"wpdiscuz-online-users","status":"publish","type":"product","link":"https:\/\/gpl-love.com\/fr\/produit\/wpdiscuz-online-users\/","title":{"rendered":"wpDiscuz Online Users 7.1.1"},"content":{"rendered":"<h3>wpDiscuz Online Users Traits<\/h3>\n<p>Les utilisateurs en ligne de WPDiscuz sont un plugin remarquablement pratique et convivial, sp\u00e9cialement con\u00e7u pour les propri\u00e9taires de sites Web, ce qui leur permet de pr\u00e9senter et de pr\u00e9senter sans effort une liste \u00e9tendue comprenant des utilisateurs en ligne qui naviguent actuellement et explorent leur site estim\u00e9. Le processus d&rsquo;installation sans couture et la configuration sans effort de ce plugin exemplaire en font un incontournable absolu pour tout site Web visant \u00e0 renforcer l&rsquo;engagement des utilisateurs et \u00e0 favoriser une communaut\u00e9 en ligne florissante. La nature polyvalente et personnalisable de ce plugin permet aux propri\u00e9taires de sites Web d&rsquo;adapter l&rsquo;affichage de la liste des utilisateurs en ligne \u00e0 leurs pr\u00e9f\u00e9rences pr\u00e9cises, ce qui leur permet de montrer une gamme diversifi\u00e9e d&rsquo;informations pertinentes, y compris, mais sans s&rsquo;y limiter, les noms d&rsquo;utilisateur et les avatars, et encore plus captivants d\u00e9tails. En outre, avec l&rsquo;inclusion inestimable des utilisateurs en ligne de WPDiscuz, les propri\u00e9taires de sites Web sont dot\u00e9s de la capacit\u00e9 inestimable \u00e0 d\u00e9terminer judicieusement le positionnement de la liste des utilisateurs en ligne, leur accordant ainsi une autonomie in\u00e9gal\u00e9e sur la conception globale et l&rsquo;esth\u00e9tique de leur site estim\u00e9. Dans son int\u00e9gralit\u00e9, ce plugin ing\u00e9nieux sert de ressource inestimable pour les propri\u00e9taires de sites exigeants aspirant \u00e0 \u00e9lever l&rsquo;exp\u00e9rience de leurs utilisateurs \u00e0 des sommets sans pr\u00e9c\u00e9dent, tout en favorisant simultan\u00e9ment un sentiment plus profond d&rsquo;interactivit\u00e9 et de saisir avec leur public estim\u00e9.<\/p>\n<ul>\n<li>Fournit des informations en temps r\u00e9el sur les utilisateurs actuellement en ligne sur votre site Web<\/li>\n<li>Affiche le nombre d&rsquo;utilisateurs actifs dans un widget ou une barre lat\u00e9rale<\/li>\n<li>Affiche la liste des utilisateurs actifs sur une page d\u00e9di\u00e9e<\/li>\n<li>Offre des avatars d&rsquo;utilisateurs personnalisables, des noms et des options d&rsquo;affichage d&rsquo;informations sur le temps<\/li>\n<li>Tr\u00e8s compatible avec WordPress et s&rsquo;int\u00e8gre parfaitement au plugin de commentaires WPDiscuz<\/li>\n<li>Vous donne un aper\u00e7u de votre public et vous aide \u00e0 comprendre le comportement des utilisateurs sur votre site Web<\/li>\n<li>Vous permet de g\u00e9rer et de mod\u00e9rer les commentaires des utilisateurs actifs, d&rsquo;am\u00e9liorer l&rsquo;engagement des utilisateurs et l&rsquo;interaction sur votre site<\/li>\n<li>Fournit des statistiques d\u00e9taill\u00e9es et des analyses de l&rsquo;activit\u00e9 des utilisateurs, y compris les utilisateurs les plus actifs, la plupart des publications comment\u00e9es, des sujets populaires et plus<\/li>\n<li>Vous aide \u00e0 am\u00e9liorer votre contenu et \u00e0 prendre des d\u00e9cisions bas\u00e9es sur les donn\u00e9es en fournissant des informations sur les pr\u00e9f\u00e9rences des utilisateurs et les routines de comportement<\/li>\n<\/ul>\n","protected":false},"excerpt":{"rendered":"<p>Le plugin des utilisateurs en ligne WPDiscuz, r\u00e9put\u00e9 pour sa polyvalence, sert d&rsquo;outil inestimable qui vous permet de pr\u00e9senter sans effort le nombre pr\u00e9cis des visiteurs en ligne en temps r\u00e9el sur votre site Web WordPress. Facilitant la plus grande commodit\u00e9, ce plugin offre une pl\u00e9thore de param\u00e8tres conviviaux, vous accordant ainsi l&rsquo;autonomie pour adapter l&rsquo;affichage et le positionnement des compteurs d&rsquo;utilisateurs en ligne en fonction de vos pr\u00e9f\u00e9rences. Par cons\u00e9quent, il s&rsquo;av\u00e8re \u00eatre la solution par excellence pour les personnes qui cherchent \u00e0 am\u00e9liorer les niveaux d&rsquo;engagement et \u00e0 favoriser l&rsquo;interaction utilisateur transparent dans le domaine virtuel de leur site Web. Peu importe que l&rsquo;on exploite un blog modeste ou un Emporium de commerce \u00e9lectronique tentaculaire, le plugin des utilisateurs en ligne WPDiscuz sert d&rsquo;instrument paramount pour l&rsquo;amortissement et la promotion d&rsquo;un sentiment de connectivit\u00e9 parmi les visiteurs.<\/p>\n","protected":false},"featured_media":146243,"comment_status":"open","ping_status":"open","template":"","meta":[],"product_brand":[2741],"product_cat":[1189,1181,1186],"product_tag":[2254],"class_list":{"0":"post-119166","1":"product","2":"type-product","3":"status-publish","4":"has-post-thumbnail","6":"product_brand-wp-discuz","7":"product_cat-personnalisation","8":"product_cat-plugins","9":"product_cat-wordpress-plugins","10":"product_tag-wp-discuz","11":"member-discount","12":"discount-restricted","14":"first","15":"instock","16":"sale","17":"downloadable","18":"virtual","19":"sold-individually","20":"purchasable","21":"product-type-simple"},"_links":{"self":[{"href":"https:\/\/gpl-love.com\/fr\/wp-json\/wp\/v2\/product\/119166","targetHints":{"allow":["GET"]}}],"collection":[{"href":"https:\/\/gpl-love.com\/fr\/wp-json\/wp\/v2\/product"}],"about":[{"href":"https:\/\/gpl-love.com\/fr\/wp-json\/wp\/v2\/types\/product"}],"replies":[{"embeddable":true,"href":"https:\/\/gpl-love.com\/fr\/wp-json\/wp\/v2\/comments?post=119166"}],"wp:featuredmedia":[{"embeddable":true,"href":"https:\/\/gpl-love.com\/fr\/wp-json\/wp\/v2\/media\/146243"}],"wp:attachment":[{"href":"https:\/\/gpl-love.com\/fr\/wp-json\/wp\/v2\/media?parent=119166"}],"wp:term":[{"taxonomy":"product_brand","embeddable":true,"href":"https:\/\/gpl-love.com\/fr\/wp-json\/wp\/v2\/product_brand?post=119166"},{"taxonomy":"product_cat","embeddable":true,"href":"https:\/\/gpl-love.com\/fr\/wp-json\/wp\/v2\/product_cat?post=119166"},{"taxonomy":"product_tag","embeddable":true,"href":"https:\/\/gpl-love.com\/fr\/wp-json\/wp\/v2\/product_tag?post=119166"}],"curies":[{"name":"wp","href":"https:\/\/api.w.org\/{rel}","templated":true}]}}