{"id":119164,"date":"2025-02-25T00:00:00","date_gmt":"2025-02-24T23:00:00","guid":{"rendered":"https:\/\/gpl-love.com\/fr\/produit\/wpdiscuz-mycred-integration\/"},"modified":"2026-03-20T23:51:11","modified_gmt":"2026-03-20T22:51:11","slug":"wpdiscuz-mycred-integration","status":"publish","type":"product","link":"https:\/\/gpl-love.com\/fr\/produit\/wpdiscuz-mycred-integration\/","title":{"rendered":"wpDiscuz myCRED Integration 7.0.7"},"content":{"rendered":"<h3>wpDiscuz myCRED Integration Traits<\/h3>\n<p>L&rsquo;int\u00e9gration WPDiscuz MyCred poss\u00e8de une capacit\u00e9 remarquable qui facilite l&rsquo;int\u00e9gration transparente de la section des commentaires WPDiscuz avec le plugin MyCred largement acclam\u00e9. En vertu de cette int\u00e9gration, les utilisateurs sont autoris\u00e9s \u00e0 accumuler des points et \u00e0 recevoir des r\u00e9compenses pour leurs pr\u00e9cieuses contributions et leur implication active sur le site Web. Un tel syst\u00e8me sert effectivement d&rsquo;incitation aux utilisateurs \u00e0 contribuer plus fr\u00e9quemment et \u00e9nergiquement. Il convient de noter que le syst\u00e8me MYCRED est incroyablement adaptable, offrant aux propri\u00e9taires de sites Web la libert\u00e9 d&rsquo;\u00e9tablir leurs propres valeurs et r\u00e9compenses de points. En outre, il accueille facilement l&rsquo;int\u00e9gration avec d&rsquo;autres plugins et fonctionnalit\u00e9s sur le site Web, am\u00e9liorant ainsi sa polyvalence. Gr\u00e2ce \u00e0 l&rsquo;utilisation de l&rsquo;int\u00e9gration WPDiscuz MyCred, les propri\u00e9taires de sites Web peuvent augmenter l&rsquo;engagement et la participation des utilisateurs, ce qui a finalement abouti \u00e0 une augmentation substantielle du trafic et du succ\u00e8s global de leur site Web.<\/p>\n<ul>\n<li>Int\u00e8gre de mani\u00e8re transparente le syst\u00e8me de commentaires WPDiscuz avec le plugin MyCred<\/li>\n<li>Permet aux utilisateurs de gagner et de d\u00e9penser des points en commen\u00e7ant et en interagissant sur votre site WordPress<\/li>\n<li>Augmente l&rsquo;engagement des utilisateurs et favorise un sentiment de communaut\u00e9 parmi votre public<\/li>\n<li>Offre une vari\u00e9t\u00e9 d&rsquo;options de gains de points, notamment des commentaires, des r\u00e9ponses et des commentaires de vote \/ de vote de bas<\/li>\n<li>Vous permet de d\u00e9finir des valeurs de point personnalis\u00e9 pour diff\u00e9rentes actions et d&rsquo;ajuster les valeurs du point au fil du temps<\/li>\n<li>Fournit une documentation et une prise en charge d\u00e9taill\u00e9es pour assurer une installation et une utilisation en douceur<\/li>\n<li>Compatible avec une large gamme de th\u00e8mes et plugins WordPress<\/li>\n<li>Param\u00e8tres flexibles et personnalisables pour r\u00e9pondre \u00e0 vos besoins et pr\u00e9f\u00e9rences sp\u00e9cifiques<\/li>\n<li>Gardez une trace des points des utilisateurs et affiche l&rsquo;\u00e9quilibre dans leur profil ou dans un widget de classement<\/li>\n<li>Peut \u00eatre utilis\u00e9 \u00e0 de nombreuses fins, en incitant les discussions \u00e0 r\u00e9compenser les clients fid\u00e8les ou les abonn\u00e9s des m\u00e9dias sociaux.<\/li>\n<\/ul>\n","protected":false},"excerpt":{"rendered":"<p>L&rsquo;int\u00e9gration WPDiscuz MyCred est un plugin WordPress exceptionnellement robuste et formidable, qui fume sans effort deux solutions tr\u00e8s recherch\u00e9es, \u00e0 savoir les commentaires de WPDiscuz et le remarquable syst\u00e8me de gestion des points MyCred. Ce plugin ing\u00e9nieux sert \u00e0 am\u00e9liorer l&rsquo;exp\u00e9rience globale de commentaires sur votre site Web estim\u00e9, tout en vous permettant simultan\u00e9ment de satisfaire \u00e0 bien vos pr\u00e9cieux utilisateurs, qui participent \u00e0 diverses interactions, en les dominant des points virtuels. Dans le domaine de l&rsquo;int\u00e9gration WPDiscuz MyCred, vous avez l&rsquo;opportunit\u00e9 transparente de configurer et d&rsquo;\u00e9tablir sans effort un syst\u00e8me de commentaires efficace et louable qui est ind\u00e9niable \u00e0 revigorer et \u00e0 favoriser un engagement actif, jouant ainsi un r\u00f4le pivot dans la cr\u00e9ation et l&rsquo;\u00e9volution d&rsquo;un Communaut\u00e9 prosp\u00e8re et dynamique qui tourne autour de votre contenu estim\u00e9. De plus, ce plugin remarquablement ing\u00e9nieux regorge d&rsquo;une pl\u00e9thore d&rsquo;options et de param\u00e8tres de personnalisation diverses, afin d&rsquo;assurer un syst\u00e8me de commentaires de points v\u00e9ritablement personnalis\u00e9 et sur mesure qui est adapt\u00e9 avec pr\u00e9cision et de mani\u00e8re coh\u00e9rente pour r\u00e9pondre \u00e0 vos exigences et aspirations uniques et sp\u00e9cifiques.<\/p>\n","protected":false},"featured_media":146242,"comment_status":"open","ping_status":"open","template":"","meta":[],"product_brand":[2741],"product_cat":[1189,1181,1186],"product_tag":[2254],"class_list":{"0":"post-119164","1":"product","2":"type-product","3":"status-publish","4":"has-post-thumbnail","6":"product_brand-wp-discuz","7":"product_cat-personnalisation","8":"product_cat-plugins","9":"product_cat-wordpress-plugins","10":"product_tag-wp-discuz","11":"member-discount","12":"discount-restricted","14":"first","15":"instock","16":"sale","17":"downloadable","18":"virtual","19":"sold-individually","20":"purchasable","21":"product-type-simple"},"_links":{"self":[{"href":"https:\/\/gpl-love.com\/fr\/wp-json\/wp\/v2\/product\/119164","targetHints":{"allow":["GET"]}}],"collection":[{"href":"https:\/\/gpl-love.com\/fr\/wp-json\/wp\/v2\/product"}],"about":[{"href":"https:\/\/gpl-love.com\/fr\/wp-json\/wp\/v2\/types\/product"}],"replies":[{"embeddable":true,"href":"https:\/\/gpl-love.com\/fr\/wp-json\/wp\/v2\/comments?post=119164"}],"wp:featuredmedia":[{"embeddable":true,"href":"https:\/\/gpl-love.com\/fr\/wp-json\/wp\/v2\/media\/146242"}],"wp:attachment":[{"href":"https:\/\/gpl-love.com\/fr\/wp-json\/wp\/v2\/media?parent=119164"}],"wp:term":[{"taxonomy":"product_brand","embeddable":true,"href":"https:\/\/gpl-love.com\/fr\/wp-json\/wp\/v2\/product_brand?post=119164"},{"taxonomy":"product_cat","embeddable":true,"href":"https:\/\/gpl-love.com\/fr\/wp-json\/wp\/v2\/product_cat?post=119164"},{"taxonomy":"product_tag","embeddable":true,"href":"https:\/\/gpl-love.com\/fr\/wp-json\/wp\/v2\/product_tag?post=119164"}],"curies":[{"name":"wp","href":"https:\/\/api.w.org\/{rel}","templated":true}]}}