{"id":119162,"date":"2025-05-16T00:00:00","date_gmt":"2025-05-15T22:00:00","guid":{"rendered":"https:\/\/gpl-love.com\/fr\/produit\/wpdiscuz-media-uploader\/"},"modified":"2026-03-20T23:51:10","modified_gmt":"2026-03-20T22:51:10","slug":"wpdiscuz-media-uploader","status":"publish","type":"product","link":"https:\/\/gpl-love.com\/fr\/produit\/wpdiscuz-media-uploader\/","title":{"rendered":"wpDiscuz Media Uploader 7.1.6"},"content":{"rendered":"<h3>wpDiscuz Media Uploader Traits<\/h3>\n<p>Le t\u00e9l\u00e9chargeur de m\u00e9dias WPDiscuz est un outil incroyablement puissant et remarquablement convivial qui accorde aux propri\u00e9taires de sites Web WordPress la capacit\u00e9 sans effort \u00e0 int\u00e9grer et \u00e0 administrer de mani\u00e8re approfondie les fichiers multim\u00e9dias dans leur site Web. Ce plugin extraordinaire simplifie remarquablement le processus complexe de t\u00e9l\u00e9chargement efficace, d&rsquo;organisation astucieusement et d&rsquo;insertion judicieusement une vaste gamme d&rsquo;images, de vid\u00e9os et de divers fichiers m\u00e9diatiques dans la tapisserie complexe des commentaires et des publications. Il accorde ing\u00e9nieusement une interface de mani\u00e8re transparente entrelac\u00e9e et incontestablement intuitive aux visiteurs du site Web, leur permettant de t\u00e9l\u00e9charger habilement et directement les fichiers m\u00e9diatiques directement \u00e0 partir de la section des commentaires elle-m\u00eame, rendant ainsi le processus d&rsquo;engagement et de participation sur le site Web une poursuite \u00e9tonnante sans effort. Avec la mise en \u0153uvre du t\u00e9l\u00e9chargeur de m\u00e9dias WPDiscuz dans le cadre de leur site Web, ces propri\u00e9taires peuvent passer sans effort \u00e0 des hauteurs plus \u00e9lev\u00e9es en termes de capacit\u00e9s de gestion des m\u00e9dias, garantissant ainsi une exp\u00e9rience utilisateur indubitablement fluide et sans \u00e9quivoque pour leur public estim\u00e9.<\/p>\n<ul>\n<li>Permet aux utilisateurs de t\u00e9l\u00e9charger des images et des vid\u00e9os dans des commentaires sur les sites Web WordPress \u00e0 l&rsquo;aide de WPDiscuz<\/li>\n<li>Interface simple et facile \u00e0 utiliser<\/li>\n<li>Accepte divers types de fichiers, notamment JPG, PNG, GIF et MP4<\/li>\n<li>Prend en charge la fonctionnalit\u00e9 de glisser-d\u00e9poser pour un t\u00e9l\u00e9chargement facile<\/li>\n<li>Fournit un aper\u00e7u de la vignette pour les m\u00e9dias t\u00e9l\u00e9charg\u00e9s<\/li>\n<li>Assure le t\u00e9l\u00e9chargement de m\u00e9dias s\u00e9curis\u00e9 et fiable via la technologie WPDiscuz<\/li>\n<li>Am\u00e9liore l&rsquo;engagement des utilisateurs sur les sites WP en rendant les commentaires plus dynamiques et visuellement attrayants<\/li>\n<li>Int\u00e9gration avec les galeries de m\u00e9dias sur WordPress<\/li>\n<li>Compatible avec tous les principaux navigateurs Web et appareils mobiles pour diverses accessibilit\u00e9 des utilisateurs<\/li>\n<\/ul>\n","protected":false},"excerpt":{"rendered":"<p>Le verseur de m\u00e9dias WPDiscuz, un outil incroyablement utile, offre aux utilisateurs une exp\u00e9rience transparente dans le t\u00e9l\u00e9chargement et la distribution de leur contenu multim\u00e9dia. Ce plugin exceptionnel vous donne la possibilit\u00e9 de t\u00e9l\u00e9charger sans effort une vari\u00e9t\u00e9 de fichiers multim\u00e9dias, y compris des images et des vid\u00e9os, directement \u00e0 partir de votre site WordPress. La commodit\u00e9 de cette fonctionnalit\u00e9 simplifie le processus d&rsquo;enrichissement du contenu de votre site et de captivation de votre public. Avec son interface intuitive et sa vaste gamme de fonctionnalit\u00e9s, le t\u00e9l\u00e9chargeur de m\u00e9dias WPDiscuz s&rsquo;av\u00e8re indispensable pour les propri\u00e9taires de sites Web cherchant \u00e0 \u00e9lever leurs approches de cr\u00e9ation et d&rsquo;engagement de contenu.<\/p>\n","protected":false},"featured_media":146241,"comment_status":"open","ping_status":"open","template":"","meta":[],"product_brand":[2741],"product_cat":[1189,1181,1186],"product_tag":[2254],"class_list":{"0":"post-119162","1":"product","2":"type-product","3":"status-publish","4":"has-post-thumbnail","6":"product_brand-wp-discuz","7":"product_cat-personnalisation","8":"product_cat-plugins","9":"product_cat-wordpress-plugins","10":"product_tag-wp-discuz","11":"member-discount","12":"discount-restricted","14":"first","15":"instock","16":"sale","17":"downloadable","18":"virtual","19":"sold-individually","20":"purchasable","21":"product-type-simple"},"_links":{"self":[{"href":"https:\/\/gpl-love.com\/fr\/wp-json\/wp\/v2\/product\/119162","targetHints":{"allow":["GET"]}}],"collection":[{"href":"https:\/\/gpl-love.com\/fr\/wp-json\/wp\/v2\/product"}],"about":[{"href":"https:\/\/gpl-love.com\/fr\/wp-json\/wp\/v2\/types\/product"}],"replies":[{"embeddable":true,"href":"https:\/\/gpl-love.com\/fr\/wp-json\/wp\/v2\/comments?post=119162"}],"wp:featuredmedia":[{"embeddable":true,"href":"https:\/\/gpl-love.com\/fr\/wp-json\/wp\/v2\/media\/146241"}],"wp:attachment":[{"href":"https:\/\/gpl-love.com\/fr\/wp-json\/wp\/v2\/media?parent=119162"}],"wp:term":[{"taxonomy":"product_brand","embeddable":true,"href":"https:\/\/gpl-love.com\/fr\/wp-json\/wp\/v2\/product_brand?post=119162"},{"taxonomy":"product_cat","embeddable":true,"href":"https:\/\/gpl-love.com\/fr\/wp-json\/wp\/v2\/product_cat?post=119162"},{"taxonomy":"product_tag","embeddable":true,"href":"https:\/\/gpl-love.com\/fr\/wp-json\/wp\/v2\/product_tag?post=119162"}],"curies":[{"name":"wp","href":"https:\/\/api.w.org\/{rel}","templated":true}]}}