{"id":119160,"date":"2025-05-16T00:00:00","date_gmt":"2025-05-15T22:00:00","guid":{"rendered":"https:\/\/gpl-love.com\/fr\/produit\/wpdiscuz-google-recaptcha\/"},"modified":"2026-03-20T23:51:10","modified_gmt":"2026-03-20T22:51:10","slug":"wpdiscuz-google-recaptcha","status":"publish","type":"product","link":"https:\/\/gpl-love.com\/fr\/produit\/wpdiscuz-google-recaptcha\/","title":{"rendered":"wpDiscuz Google reCAPTCHA 7.0.8"},"content":{"rendered":"<h3>wpDiscuz Google reCAPTCHA Traits<\/h3>\n<p>L&rsquo;impl\u00e9mentation de WPDiscuz Google Recaptcha sert de moyen tr\u00e8s puissant de contrecarrer le spam et les commentaires ind\u00e9sirables sur votre site. Cette offre particuli\u00e8re poss\u00e8de une interface qui est remarquablement conviviale, permettant ainsi aux propri\u00e9taires de sites Web d&rsquo;incorporer sans effort Google Recaptcha dans leurs plateformes respectives. En tirant parti de ce syst\u00e8me, les utilisateurs sont oblig\u00e9s de r\u00e9soudre un puzzle relativement facile comme un moyen de justifier leur identit\u00e9 humaine, garantissant ainsi que les commentaires de bonne foi trouvent leur chemin sur votre site Web. Par cons\u00e9quent, l&rsquo;utilisation de WPDiscuz Google Recaptcha fortifie non seulement l&rsquo;authenticit\u00e9 des commentaires, mais sauvegarde \u00e9galement votre site contre les bots pernicieux et les attaques malveillantes. Il peut \u00eatre pos\u00e9 sans \u00e9quivoque que ce produit illustre fondamentalement un outil indispensable pour ceux qui cherchent \u00e0 \u00e9lever le calibre des commentaires tout en garantissant simultan\u00e9ment la s\u00e9curit\u00e9 de leur site Web.<\/p>\n<ul>\n<li>Prot\u00e9ge votre site Web contre le spam<\/li>\n<li>Am\u00e9liore la s\u00e9curit\u00e9 de votre syst\u00e8me de commentaires<\/li>\n<li>Utilise la derni\u00e8re technologie Google Recaptcha<\/li>\n<li>Facile \u00e0 installer et \u00e0 configurer sur votre site Web<\/li>\n<li>Interface conviviale pour les commentateurs<\/li>\n<li>Param\u00e8tres personnalisables pour r\u00e9pondre aux besoins de votre site Web<\/li>\n<li>Compatible avec les versions WPDiscuz 7 et au-dessus<\/li>\n<li>Les mod\u00e9rateurs ont acc\u00e8s au tableau de bord Google Recaptcha<\/li>\n<li>Am\u00e9liore l&rsquo;exp\u00e9rience utilisateur en r\u00e9duisant les commentaires du spam et les distractions connexes<\/li>\n<li>Am\u00e9liore le SEO du site Web en r\u00e9duisant le nombre de commentaires de spam sur votre page.<\/li>\n<\/ul>\n","protected":false},"excerpt":{"rendered":"<p>Le WPDiscuz Google Recaptcha sert de solution robuste et efficace, permettant aux propri\u00e9taires de sites Web de conjurer efficacement les incursions de spam et de bot dans leur section de commentaires, renfor\u00e7ant ainsi le caract\u00e8re sacr\u00e9 de leur discours en ligne. Ce plugin navigable sans effort ne fusionne pas parfaitement avec le syst\u00e8me de commentaires WPDiscuz, offrant un domaine imprenable et non souill\u00e9 pour les discussions communautaires cons\u00e9quentes \u00e0 s&rsquo;\u00e9panouir. Tirant parti des prouesses in\u00e9gal\u00e9es de la technologie Google Recaptcha de pointe, les utilisateurs peuvent authentifier sans effort leur identit\u00e9, ouvrant ainsi la voie \u00e0 leur implication active et significative dans les conversations, d\u00e9pourvues de toute appr\u00e9hension relative aux comptes contrefaits ou \u00e0 des documents promotionnels non inconnues. Sauvegarder la droiture de votre site Web en embrassant rapidement les formidables fortifications offertes par le WPDiscuz Google Recaptcha!<\/p>\n","protected":false},"featured_media":146240,"comment_status":"open","ping_status":"open","template":"","meta":[],"product_brand":[2741],"product_cat":[1189,1181,1186],"product_tag":[2254],"class_list":{"0":"post-119160","1":"product","2":"type-product","3":"status-publish","4":"has-post-thumbnail","6":"product_brand-wp-discuz","7":"product_cat-personnalisation","8":"product_cat-plugins","9":"product_cat-wordpress-plugins","10":"product_tag-wp-discuz","11":"member-discount","12":"discount-restricted","14":"first","15":"instock","16":"sale","17":"downloadable","18":"virtual","19":"sold-individually","20":"purchasable","21":"product-type-simple"},"_links":{"self":[{"href":"https:\/\/gpl-love.com\/fr\/wp-json\/wp\/v2\/product\/119160","targetHints":{"allow":["GET"]}}],"collection":[{"href":"https:\/\/gpl-love.com\/fr\/wp-json\/wp\/v2\/product"}],"about":[{"href":"https:\/\/gpl-love.com\/fr\/wp-json\/wp\/v2\/types\/product"}],"replies":[{"embeddable":true,"href":"https:\/\/gpl-love.com\/fr\/wp-json\/wp\/v2\/comments?post=119160"}],"wp:featuredmedia":[{"embeddable":true,"href":"https:\/\/gpl-love.com\/fr\/wp-json\/wp\/v2\/media\/146240"}],"wp:attachment":[{"href":"https:\/\/gpl-love.com\/fr\/wp-json\/wp\/v2\/media?parent=119160"}],"wp:term":[{"taxonomy":"product_brand","embeddable":true,"href":"https:\/\/gpl-love.com\/fr\/wp-json\/wp\/v2\/product_brand?post=119160"},{"taxonomy":"product_cat","embeddable":true,"href":"https:\/\/gpl-love.com\/fr\/wp-json\/wp\/v2\/product_cat?post=119160"},{"taxonomy":"product_tag","embeddable":true,"href":"https:\/\/gpl-love.com\/fr\/wp-json\/wp\/v2\/product_tag?post=119160"}],"curies":[{"name":"wp","href":"https:\/\/api.w.org\/{rel}","templated":true}]}}