{"id":119158,"date":"2025-05-16T00:00:00","date_gmt":"2025-05-15T22:00:00","guid":{"rendered":"https:\/\/gpl-love.com\/fr\/produit\/wpdiscuz-frontend-moderation\/"},"modified":"2026-03-20T23:51:09","modified_gmt":"2026-03-20T22:51:09","slug":"wpdiscuz-frontend-moderation","status":"publish","type":"product","link":"https:\/\/gpl-love.com\/fr\/produit\/wpdiscuz-frontend-moderation\/","title":{"rendered":"wpDiscuz Frontend Moderation 7.1.4"},"content":{"rendered":"<h3>wpDiscuz Frontend Moderation Traits<\/h3>\n<p>WPDiscuz Frontend Modelation est un outil tr\u00e8s robuste et sophistiqu\u00e9 qui accorde aux propri\u00e9taires de sites Web la possibilit\u00e9 de g\u00e9rer efficacement et de mani\u00e8re transparente les commentaires des utilisateurs et les discussions sur leur site WordPress. En utilisant cet outil extraordinaire, les mod\u00e9rateurs sont autoris\u00e9s \u00e0 approuver, supprimer ou modifier sans effort les commentaires directement de l&rsquo;interface frontale du site, \u00e9liminant ainsi la n\u00e9cessit\u00e9 d&rsquo;acc\u00e9der au tableau de bord WordPress. Cette capacit\u00e9 in\u00e9gal\u00e9e am\u00e9liore consid\u00e9rablement l&rsquo;efficacit\u00e9 et la commodit\u00e9 du processus de mod\u00e9ration, entra\u00eenant des \u00e9conomies de temps et d&rsquo;efforts pr\u00e9cieuses. Le plugin poss\u00e8de un niveau impressionnant de personnalisation, offrant aux utilisateurs la possibilit\u00e9 de configurer des r\u00e8gles et des filtres de mod\u00e9ration automatique pour lutter contre le spam et le contenu offensif de mani\u00e8re pr\u00e9ventive. En outre, il offre l&rsquo;avantage suppl\u00e9mentaire des notifications en temps r\u00e9el pour les nouveaux commentaires, en veillant \u00e0 ce que les mod\u00e9rateurs soient en mesure de rester activement engag\u00e9s dans les discussions en cours. Il est sans \u00e9quivoque \u00e9vident que WPDiscuz Frontend Modelation est un plugin indispensable pour tout site Web qui s&rsquo;appuie fortement sur les commentaires et les discussions des utilisateurs.<\/p>\n<ul>\n<li>Interface de mod\u00e9ration conviviale accessible sur le frontend de votre site WordPress<\/li>\n<li>Possibilit\u00e9 d&rsquo;approuver, rejeter ou modifier les commentaires en temps r\u00e9el sans quitter la page<\/li>\n<li>Afficher tous les commentaires en attente, approuv\u00e9 et spam dans un emplacement centralis\u00e9<\/li>\n<li>Personnalisez les options de mod\u00e9ration et les param\u00e8tres pour r\u00e9pondre \u00e0 vos besoins et pr\u00e9f\u00e9rences sp\u00e9cifiques<\/li>\n<li>R\u00e9duisez le temps pass\u00e9 \u00e0 mod\u00e9rer les commentaires en les approuvant ou en les rejetant facilement<\/li>\n<li>Am\u00e9liorer l&rsquo;engagement des utilisateurs en permettant aux visiteurs de voir leurs commentaires appara\u00eetre instantan\u00e9ment apr\u00e8s mod\u00e9ration<\/li>\n<li>Compatible avec tous les th\u00e8mes et plugins WordPress pour une int\u00e9gration transparente dans votre site<\/li>\n<li>Caract\u00e9ristiques anti-spam incluses pour emp\u00eacher les commentaires de spam de encombrer votre file d&rsquo;attente de mod\u00e9ration<\/li>\n<li>Syst\u00e8mes de commentaires automatiques sauvegardent et restaurez les options pour plus de tranquillit\u00e9 d&rsquo;esprit<\/li>\n<li>\u00c9quipe de support client r\u00e9actif disponible pour aider \u00e0 toutes les questions ou probl\u00e8mes<\/li>\n<\/ul>\n","protected":false},"excerpt":{"rendered":"<p>En utilisant la fonctionnalit\u00e9 de mod\u00e9ration Frontend WPDiscuz, vous pourrez superviser et contr\u00f4ler efficacement les commentaires sur votre site Web WordPress directement \u00e0 partir de l&rsquo;interface Frontend. Cet outil exceptionnellement robuste vous permet de g\u00e9rer de mani\u00e8re transparente des t\u00e2ches telles que l&rsquo;approbation, la suppression, l&rsquo;\u00e9dition et la mod\u00e9ration des commentaires, le tout sans avoir \u00e0 naviguer vers le tableau de bord WordPress. De plus, il pr\u00e9sente un \u00e9ventail d&rsquo;options de personnalisation qui vous permettent d&rsquo;adapter les formulaires de commentaires pour s&rsquo;aligner parfaitement avec la marque ou les exigences sp\u00e9cifiques de votre site Web. Avec la mod\u00e9ration Frontend WPDiscuz, vous pouvez savourer les avantages d&rsquo;un syst\u00e8me de commentaires plus lisse et sans tracas.<\/p>\n","protected":false},"featured_media":146239,"comment_status":"open","ping_status":"open","template":"","meta":[],"product_brand":[2741],"product_cat":[1187,1181,1186],"product_tag":[2254],"class_list":{"0":"post-119158","1":"product","2":"type-product","3":"status-publish","4":"has-post-thumbnail","6":"product_brand-wp-discuz","7":"product_cat-administration-wordpress-plugins","8":"product_cat-plugins","9":"product_cat-wordpress-plugins","10":"product_tag-wp-discuz","11":"member-discount","12":"discount-restricted","14":"first","15":"instock","16":"sale","17":"downloadable","18":"virtual","19":"sold-individually","20":"purchasable","21":"product-type-simple"},"_links":{"self":[{"href":"https:\/\/gpl-love.com\/fr\/wp-json\/wp\/v2\/product\/119158","targetHints":{"allow":["GET"]}}],"collection":[{"href":"https:\/\/gpl-love.com\/fr\/wp-json\/wp\/v2\/product"}],"about":[{"href":"https:\/\/gpl-love.com\/fr\/wp-json\/wp\/v2\/types\/product"}],"replies":[{"embeddable":true,"href":"https:\/\/gpl-love.com\/fr\/wp-json\/wp\/v2\/comments?post=119158"}],"wp:featuredmedia":[{"embeddable":true,"href":"https:\/\/gpl-love.com\/fr\/wp-json\/wp\/v2\/media\/146239"}],"wp:attachment":[{"href":"https:\/\/gpl-love.com\/fr\/wp-json\/wp\/v2\/media?parent=119158"}],"wp:term":[{"taxonomy":"product_brand","embeddable":true,"href":"https:\/\/gpl-love.com\/fr\/wp-json\/wp\/v2\/product_brand?post=119158"},{"taxonomy":"product_cat","embeddable":true,"href":"https:\/\/gpl-love.com\/fr\/wp-json\/wp\/v2\/product_cat?post=119158"},{"taxonomy":"product_tag","embeddable":true,"href":"https:\/\/gpl-love.com\/fr\/wp-json\/wp\/v2\/product_tag?post=119158"}],"curies":[{"name":"wp","href":"https:\/\/api.w.org\/{rel}","templated":true}]}}