{"id":119156,"date":"2025-09-22T00:00:00","date_gmt":"2025-09-21T22:00:00","guid":{"rendered":"https:\/\/gpl-love.com\/fr\/produit\/wpdiscuz-emoticons\/"},"modified":"2026-03-20T23:51:08","modified_gmt":"2026-03-20T22:51:08","slug":"wpdiscuz-emoticons","status":"publish","type":"product","link":"https:\/\/gpl-love.com\/fr\/produit\/wpdiscuz-emoticons\/","title":{"rendered":"wpDiscuz Emoticons 7.1.4"},"content":{"rendered":"<h3>wpDiscuz Emoticons Traits<\/h3>\n<p>WPDiscuz Emoticons est un plugin robuste et riche en fonctionnalit\u00e9s qui fournit un vaste assortiment d&rsquo;\u00e9motic\u00f4nes pour am\u00e9liorer les capacit\u00e9s d&rsquo;expression \u00e9motive de votre site Web WordPress. En int\u00e9grant de mani\u00e8re transparente ce plugin, vous pouvez incorporer sans effort des \u00e9motic\u00f4nes dans votre section de commentaires, facilitant ainsi l&rsquo;articulation pratique des \u00e9motions par vos visiteurs estim\u00e9s, favorisant ainsi un engagement am\u00e9lior\u00e9 avec votre contenu captivant. Le plugin poss\u00e8de une vaste gamme d&rsquo;\u00e9motic\u00f4nes, englobant des smileys gaies, des froncements d\u00e9courag\u00e9s, des gestes d&rsquo;approbation ou de d\u00e9sapprobation par le pouce vers le haut ou le pouce vers le bas, et un \u00e9ventail d&rsquo;autres \u00e9l\u00e9ments \u00e9motifs captivants. De plus, vous poss\u00e9dez la flexibilit\u00e9 de fa\u00e7onner vos propres \u00e9motic\u00f4nes personnalis\u00e9es, vous offrant ainsi l&rsquo;occasion in\u00e9gal\u00e9e d&rsquo;infuser votre site Web avec un flair \u00e9motif distinctif et exclusif. L&rsquo;installation et l&rsquo;utilisation de ce plugin sont remarquablement faciles, garantissant une int\u00e9gration transparente et harmonieuse avec votre th\u00e8me WordPress pr\u00e9existant. En int\u00e9grant les \u00e9motic\u00f4nes WPDiscuz, vous pouvez transcender les limites des sites Web conventionnels et propulser votre pr\u00e9sence en ligne \u00e0 de nouveaux sommets, en fa\u00e7onnant un milieu immersif, captivant et interactif qui plonge vos visiteurs estim\u00e9s dans une exp\u00e9rience num\u00e9rique in\u00e9gal\u00e9e.<\/p>\n<ul>\n<li>Am\u00e9liorez votre section de commentaires avec plus de 2 000 \u00e9motic\u00f4nes disponibles \u00e0 utiliser<\/li>\n<li>Compatible avec la derni\u00e8re version de WordPress et du plugin WPDiscuz<\/li>\n<li>Choisissez parmi une vari\u00e9t\u00e9 de cat\u00e9gories telles que heureuses, tristes, animaux, et plus<\/li>\n<li>Ins\u00e9rez facilement les \u00e9motic\u00f4nes dans vos commentaires en quelques clics<\/li>\n<li>Engagez votre public \u00e0 un niveau plus personnel et expressif<\/li>\n<li>Styles d&rsquo;\u00e9motic\u00f4ne personnalisables pour correspondre \u00e0 la conception de votre site Web<\/li>\n<li>Processus d&rsquo;installation et de configuration simple pour commencer \u00e0 utiliser imm\u00e9diatement<\/li>\n<li>Augmenter l&rsquo;engagement et l&rsquo;interaction des utilisateurs sur votre site Web<\/li>\n<li>Les mises \u00e0 jour automatiques vous assurez que vous avez toujours acc\u00e8s aux derni\u00e8res \u00e9motic\u00f4nes<\/li>\n<li>Acc\u00e8s \u00e0 un support premium pour toute question ou probl\u00e8me<\/li>\n<\/ul>\n","protected":false},"excerpt":{"rendered":"<p>Le plugin WPDiscuz Emoticons est un excellent outil qui permet aux utilisateurs d&rsquo;enrichir sans effort leurs commentaires en incorporant un large \u00e9ventail d&rsquo;\u00e9motic\u00f4nes agr\u00e9ables et expressives dans leur discours. B\u00e9n\u00e9ficiant d&rsquo;une interface conviviale, ce plugin facilite l&rsquo;int\u00e9gration transparente des \u00e9motic\u00f4nes en commentaires, permettant ainsi aux individus d&rsquo;interagir avec les autres utilisateurs d&rsquo;une mani\u00e8re plus dynamique et agr\u00e9able. De plus, les \u00e9motic\u00f4nes WPDiscuz sont enti\u00e8rement compatibles avec l&rsquo;it\u00e9ration la plus \u00e0 jour de WordPress, ce qui le rend un plugin indispensable pour tout site Web ou blog qui aspire \u00e0 \u00e9lever l&rsquo;efficacit\u00e9 de ses fonctionnalit\u00e9s de commentaire.<\/p>\n","protected":false},"featured_media":146238,"comment_status":"open","ping_status":"open","template":"","meta":[],"product_brand":[2741],"product_cat":[1189,1181,1186],"product_tag":[2254],"class_list":{"0":"post-119156","1":"product","2":"type-product","3":"status-publish","4":"has-post-thumbnail","6":"product_brand-wp-discuz","7":"product_cat-personnalisation","8":"product_cat-plugins","9":"product_cat-wordpress-plugins","10":"product_tag-wp-discuz","11":"member-discount","12":"discount-restricted","14":"first","15":"instock","16":"sale","17":"downloadable","18":"virtual","19":"sold-individually","20":"purchasable","21":"product-type-simple"},"_links":{"self":[{"href":"https:\/\/gpl-love.com\/fr\/wp-json\/wp\/v2\/product\/119156","targetHints":{"allow":["GET"]}}],"collection":[{"href":"https:\/\/gpl-love.com\/fr\/wp-json\/wp\/v2\/product"}],"about":[{"href":"https:\/\/gpl-love.com\/fr\/wp-json\/wp\/v2\/types\/product"}],"replies":[{"embeddable":true,"href":"https:\/\/gpl-love.com\/fr\/wp-json\/wp\/v2\/comments?post=119156"}],"wp:featuredmedia":[{"embeddable":true,"href":"https:\/\/gpl-love.com\/fr\/wp-json\/wp\/v2\/media\/146238"}],"wp:attachment":[{"href":"https:\/\/gpl-love.com\/fr\/wp-json\/wp\/v2\/media?parent=119156"}],"wp:term":[{"taxonomy":"product_brand","embeddable":true,"href":"https:\/\/gpl-love.com\/fr\/wp-json\/wp\/v2\/product_brand?post=119156"},{"taxonomy":"product_cat","embeddable":true,"href":"https:\/\/gpl-love.com\/fr\/wp-json\/wp\/v2\/product_cat?post=119156"},{"taxonomy":"product_tag","embeddable":true,"href":"https:\/\/gpl-love.com\/fr\/wp-json\/wp\/v2\/product_tag?post=119156"}],"curies":[{"name":"wp","href":"https:\/\/api.w.org\/{rel}","templated":true}]}}