{"id":119154,"date":"2025-09-13T00:00:00","date_gmt":"2025-09-12T22:00:00","guid":{"rendered":"https:\/\/gpl-love.com\/fr\/produit\/wpdiscuz-comment-search\/"},"modified":"2026-03-20T23:51:07","modified_gmt":"2026-03-20T22:51:07","slug":"wpdiscuz-comment-search","status":"publish","type":"product","link":"https:\/\/gpl-love.com\/fr\/produit\/wpdiscuz-comment-search\/","title":{"rendered":"wpDiscuz Comment Search 7.1.6"},"content":{"rendered":"<h3>wpDiscuz Comment Search Traits<\/h3>\n<p>La recherche de commentaires WPDiscuz est un plugin incroyablement robuste et convivial qui poss\u00e8de un \u00e9ventail de fonctionnalit\u00e9s impressionnantes, con\u00e7u pour am\u00e9liorer l&rsquo;exp\u00e9rience de recherche de commentaires sur les sites Web WordPress. Ce plugin exceptionnel permet aux utilisateurs de naviguer efficacement et sans effort dans une vaste collection de commentaires, en utilisant une fonction de recherche hautement personnalisable. Que les utilisateurs recherchent des mots cl\u00e9s ou des phrases sp\u00e9cifiques, la recherche de commentaires WPDiscuz leur permet de localiser rapidement les commentaires souhait\u00e9s. Ce qui distingue ce plugin, c&rsquo;est sa remarquable adaptabilit\u00e9, car elle peut \u00eatre adapt\u00e9e \u00e0 explorer divers champs de commentaires, assurant une exp\u00e9rience de recherche compl\u00e8te. De plus, la recherche de commentaires WPDiscuz s&rsquo;int\u00e8gre de mani\u00e8re transparente \u00e0 d&rsquo;autres plugins et th\u00e8mes populaires, offrant une compatibilit\u00e9 transparente et en faisant un outil indispensable pour tout site Web WordPress s&rsquo;effor\u00e7ant de rationaliser leur processus de gestion des commentaires. Il est \u00e9vident que la recherche de commentaires WPDiscuz offre une solution exceptionnelle pour les propri\u00e9taires de sites Web et les administrateurs cherchant \u00e0 \u00e9lever leurs capacit\u00e9s de recherche de commentaires.<\/p>\n<ul>\n<li>Plugin WordPress facile \u00e0 utiliser pour rechercher dans les commentaires<\/li>\n<li>Am\u00e9liore l&rsquo;exp\u00e9rience utilisateur en permettant aux visiteurs de trouver facilement des commentaires li\u00e9s \u00e0 leurs int\u00e9r\u00eats ou questions<\/li>\n<li>Augmente l&rsquo;engagement et cr\u00e9e un sentiment de communaut\u00e9 en favorisant l&rsquo;interaction entre les visiteurs et les commentateurs<\/li>\n<li>Utilise des algorithmes de recherche avanc\u00e9s pour fournir des r\u00e9sultats tr\u00e8s pr\u00e9cis<\/li>\n<li>Fonctionne parfaitement avec le syst\u00e8me de commentaires WPDiscuz, l&rsquo;un des plugins de commentaires WordPress les plus populaires et les plus fiables<\/li>\n<li>Comprend des filtres de recherche avanc\u00e9s et des options pour aider les visiteurs \u00e0 affiner leurs r\u00e9sultats de recherche<\/li>\n<li>La conception hautement personnalisable et r\u00e9active garantit une compatibilit\u00e9 avec tout th\u00e8me WordPress ou disposition du site Web<\/li>\n<li>Les mises \u00e0 jour fr\u00e9quentes et le support client s&rsquo;assurent que le plugin reste \u00e0 jour et r\u00e9actif aux besoins des utilisateurs<\/li>\n<li>Aide les propri\u00e9taires de sites Web \u00e0 obtenir un aper\u00e7u des int\u00e9r\u00eats et des sujets des utilisateurs en suivant les requ\u00eates de recherche et les termes de recherche populaires.<\/li>\n<\/ul>\n","protected":false},"excerpt":{"rendered":"<p>La recherche de commentaires WPDiscuz est un outil remarquablement puissant qui accorde aux utilisateurs la capacit\u00e9 sans effort \u00e0 effectuer des recherches cibl\u00e9es et \u00e0 localiser des commentaires particuliers sur leur site Web WordPress. Avec son interface et ses algorithmes de recherche de pointe et de pointe, la recherche de commentaires WPDiscuz rationalise le processus de gestion et de mod\u00e9ration des commentaires, ce qui permet aux propri\u00e9taires de sites Web avec une domination compl\u00e8te sur le dialogue qui se produit sur leur site Web. Que le r\u00f4le de son r\u00f4le implique des blogs, de la propri\u00e9t\u00e9 de la boutique en ligne ou de la cr\u00e9ation de contenu, la recherche de commentaires WPDiscuz sert d&rsquo;aide ultime pour les personnes cherchant \u00e0 optimiser leur site Web WordPress \u00e0 son plus grand potentiel.<\/p>\n","protected":false},"featured_media":146237,"comment_status":"open","ping_status":"open","template":"","meta":[],"product_brand":[2741],"product_cat":[1189,1181,1186],"product_tag":[2254],"class_list":{"0":"post-119154","1":"product","2":"type-product","3":"status-publish","4":"has-post-thumbnail","6":"product_brand-wp-discuz","7":"product_cat-personnalisation","8":"product_cat-plugins","9":"product_cat-wordpress-plugins","10":"product_tag-wp-discuz","11":"member-discount","12":"discount-restricted","14":"first","15":"instock","16":"sale","17":"downloadable","18":"virtual","19":"sold-individually","20":"purchasable","21":"product-type-simple"},"_links":{"self":[{"href":"https:\/\/gpl-love.com\/fr\/wp-json\/wp\/v2\/product\/119154","targetHints":{"allow":["GET"]}}],"collection":[{"href":"https:\/\/gpl-love.com\/fr\/wp-json\/wp\/v2\/product"}],"about":[{"href":"https:\/\/gpl-love.com\/fr\/wp-json\/wp\/v2\/types\/product"}],"replies":[{"embeddable":true,"href":"https:\/\/gpl-love.com\/fr\/wp-json\/wp\/v2\/comments?post=119154"}],"wp:featuredmedia":[{"embeddable":true,"href":"https:\/\/gpl-love.com\/fr\/wp-json\/wp\/v2\/media\/146237"}],"wp:attachment":[{"href":"https:\/\/gpl-love.com\/fr\/wp-json\/wp\/v2\/media?parent=119154"}],"wp:term":[{"taxonomy":"product_brand","embeddable":true,"href":"https:\/\/gpl-love.com\/fr\/wp-json\/wp\/v2\/product_brand?post=119154"},{"taxonomy":"product_cat","embeddable":true,"href":"https:\/\/gpl-love.com\/fr\/wp-json\/wp\/v2\/product_cat?post=119154"},{"taxonomy":"product_tag","embeddable":true,"href":"https:\/\/gpl-love.com\/fr\/wp-json\/wp\/v2\/product_tag?post=119154"}],"curies":[{"name":"wp","href":"https:\/\/api.w.org\/{rel}","templated":true}]}}