{"id":119152,"date":"2025-11-10T00:00:00","date_gmt":"2025-11-09T23:00:00","guid":{"rendered":"https:\/\/gpl-love.com\/fr\/produit\/wpdiscuz-comment-author-info\/"},"modified":"2026-03-20T23:51:07","modified_gmt":"2026-03-20T22:51:07","slug":"wpdiscuz-comment-author-info","status":"publish","type":"product","link":"https:\/\/gpl-love.com\/fr\/produit\/wpdiscuz-comment-author-info\/","title":{"rendered":"wpDiscuz Comment Author Info 7.2.0"},"content":{"rendered":"<h3>wpDiscuz Comment Author Info Traits<\/h3>\n<p>Le plugin d&rsquo;informations sur l&rsquo;auteur de commentaire WPDiscuz offre aux utilisateurs une solution pratique et conviviale pour pr\u00e9senter les d\u00e9tails de l&rsquo;auteur dans la section des commentaires WordPress. Ce plugin permet aux utilisateurs de personnaliser les informations pr\u00e9sent\u00e9es relatives aux commentaires des auteurs, englobant des aspects tels que leur nom, leur biographie, leur site Web et m\u00eame leurs liens sur les r\u00e9seaux sociaux. En outre, un \u00e9ventail diversifi\u00e9 d&rsquo;alternatives de pr\u00e9sentation est facilement disponible, y compris les avatars, les ic\u00f4nes et les infractions, facilitant ainsi la cr\u00e9ation d&rsquo;une exp\u00e9rience de commentaires captivante et \u00e9clairante adapt\u00e9e aux lecteurs. Peu importe que l&rsquo;on exploite un blog personnel ou un site Web professionnel, le plugin d&rsquo;information de l&rsquo;auteur de commentaire WPDiscuz sert d&rsquo;instrument indispensable pour augmenter l&rsquo;allure de la section des commentaires et favoriser une communaut\u00e9 plus engageante et interactive.<\/p>\n<ul>\n<li>Ajoute des informations sur l&rsquo;auteur aux commentaires dans les sites Web WordPress<\/li>\n<li>Affiche le nom de l&rsquo;auteur, la photo de profil, l&rsquo;URL du site Web et la biographie<\/li>\n<li>Option pour personnaliser l&rsquo;affichage d&rsquo;informations sur l&rsquo;auteur<\/li>\n<li>Prend en charge plusieurs sources d&rsquo;avatar, notamment Gravatar, Buddypress et Pilom de profil utilisateur<\/li>\n<li>Fournit une interface conviviale pour g\u00e9rer les informations sur l&rsquo;auteur des commentaires<\/li>\n<li>Optimis\u00e9 pour la vitesse et les performances<\/li>\n<li>Compatible avec les th\u00e8mes et plugins WordPress populaires<\/li>\n<li>R\u00e9guli\u00e8rement mis \u00e0 jour avec les correctifs de bogues et les am\u00e9liorations des fonctionnalit\u00e9s<\/li>\n<li>Fournit un support et une documentation utiles pour les utilisateurs<\/li>\n<\/ul>\n","protected":false},"excerpt":{"rendered":"<p>Le plugin d&rsquo;informations sur l&rsquo;auteur de commentaires de WPDiscuz propose une gamme de d\u00e9tails suppl\u00e9mentaires concernant les auteurs de commentaires, augmentant ainsi l&rsquo;exp\u00e9rience de commentaire et encourageant une interaction accrue sur votre site Web WordPress. Ces informations pr\u00e9cieuses englobent l&rsquo;avatar, le nom et la biographie de l&rsquo;auteur, favorisant efficacement une atmosph\u00e8re personnalis\u00e9e dans votre section de commentaires. B\u00e9n\u00e9ficiant d&rsquo;une proc\u00e9dure d&rsquo;installation et de personnalisation simple, ce plugin sert d&rsquo;attention inestimable pour tout propri\u00e9taire de site Web cherchant \u00e0 \u00e9lever la qualit\u00e9 de leur section de commentaires.<\/p>\n","protected":false},"featured_media":146236,"comment_status":"open","ping_status":"open","template":"","meta":[],"product_brand":[2741],"product_cat":[1189,1181,1186],"product_tag":[2254],"class_list":{"0":"post-119152","1":"product","2":"type-product","3":"status-publish","4":"has-post-thumbnail","6":"product_brand-wp-discuz","7":"product_cat-personnalisation","8":"product_cat-plugins","9":"product_cat-wordpress-plugins","10":"product_tag-wp-discuz","11":"member-discount","12":"discount-restricted","14":"first","15":"instock","16":"sale","17":"downloadable","18":"virtual","19":"sold-individually","20":"purchasable","21":"product-type-simple"},"_links":{"self":[{"href":"https:\/\/gpl-love.com\/fr\/wp-json\/wp\/v2\/product\/119152","targetHints":{"allow":["GET"]}}],"collection":[{"href":"https:\/\/gpl-love.com\/fr\/wp-json\/wp\/v2\/product"}],"about":[{"href":"https:\/\/gpl-love.com\/fr\/wp-json\/wp\/v2\/types\/product"}],"replies":[{"embeddable":true,"href":"https:\/\/gpl-love.com\/fr\/wp-json\/wp\/v2\/comments?post=119152"}],"wp:featuredmedia":[{"embeddable":true,"href":"https:\/\/gpl-love.com\/fr\/wp-json\/wp\/v2\/media\/146236"}],"wp:attachment":[{"href":"https:\/\/gpl-love.com\/fr\/wp-json\/wp\/v2\/media?parent=119152"}],"wp:term":[{"taxonomy":"product_brand","embeddable":true,"href":"https:\/\/gpl-love.com\/fr\/wp-json\/wp\/v2\/product_brand?post=119152"},{"taxonomy":"product_cat","embeddable":true,"href":"https:\/\/gpl-love.com\/fr\/wp-json\/wp\/v2\/product_cat?post=119152"},{"taxonomy":"product_tag","embeddable":true,"href":"https:\/\/gpl-love.com\/fr\/wp-json\/wp\/v2\/product_tag?post=119152"}],"curies":[{"name":"wp","href":"https:\/\/api.w.org\/{rel}","templated":true}]}}