{"id":119150,"date":"2025-05-16T00:00:00","date_gmt":"2025-05-15T22:00:00","guid":{"rendered":"https:\/\/gpl-love.com\/fr\/produit\/wpdiscuz-advanced-likers\/"},"modified":"2026-03-20T23:51:06","modified_gmt":"2026-03-20T22:51:06","slug":"wpdiscuz-advanced-likers","status":"publish","type":"product","link":"https:\/\/gpl-love.com\/fr\/produit\/wpdiscuz-advanced-likers\/","title":{"rendered":"wpDiscuz Advanced Likers 7.1.1"},"content":{"rendered":"<h3>wpDiscuz Advanced Likers Traits<\/h3>\n<p>WPDiscuz Advanced Likers est un plugin WordPress incroyablement utile et tr\u00e8s efficace qui a \u00e9t\u00e9 sp\u00e9cialement con\u00e7u pour am\u00e9liorer et augmenter consid\u00e9rablement l&rsquo;exp\u00e9rience de commentaire sur votre site Web. En incorporant ce plugin exceptionnel dans votre site, vous fournissez \u00e0 vos lecteurs pr\u00e9cieux la capacit\u00e9 pratique \u00e0 la fois \u00e0 aimer et \u00e0 ne pas aimer les commentaires, vous permettant d&rsquo;obtenir des id\u00e9es inestimables et une compr\u00e9hension plus approfondie de quel contenu sp\u00e9cifique r\u00e9sonne et se connecte avec votre public estim\u00e9. De plus, ce plugin remarquable int\u00e8gre \u00e9galement de mani\u00e8re transparente une section \u00ab\u00a0les plus appr\u00e9ci\u00e9es\u00a0\u00bb exceptionnelle \u00ab\u00a0dans votre section de commentaires, qui met en valeur et met en \u00e9vidence intelligemment les commentaires les plus attrayants, captivants et stimulants pour vos utilisateurs. De plus, WPDiscuz Advanced Likers propose \u00e9galement un niveau de personnalisation in\u00e9gal\u00e9, vous accordant la libert\u00e9 et le contr\u00f4le totaux pour adapter et affiner personnellement les ic\u00f4nes utilis\u00e9es pour aimer et d\u00e9tester les commentaires, vous permettant ainsi d&rsquo;aligner pr\u00e9cis\u00e9ment et d&rsquo;harmoniser l&rsquo;esth\u00e9tique visuelle de votre site Web avec votre identit\u00e9 de marque unique et votre vision globale de conception. Incontestablement, WPDiscuz Advanced Likers se d\u00e9marque vraiment comme un outil exceptionnellement puissant et influent qui augmente et maximise efficacement l&rsquo;engagement des utilisateurs, tout en am\u00e9liorant et optimisant simultan\u00e9ment l&rsquo;exp\u00e9rience utilisateur globale sur votre site WordPress estim\u00e9.<\/p>\n<ul>\n<li>Aide les utilisateurs \u00e0 montrer l&rsquo;appr\u00e9ciation et la prise en charge du contenu sur les sites WordPress<\/li>\n<li>Ajoute un bouton \u00ab\u00a0Like\u00a0\u00bb aux commentaires, permettant aux visiteurs de montrer leur appr\u00e9ciation pour des commentaires ou des fils particuliers<\/li>\n<li>Affiche le nombre total de likes pour chaque commentaire<\/li>\n<li>Donne aux administrateurs du site la possibilit\u00e9 de masquer ou de d\u00e9sactiver le bouton similaire si vous le souhaitez<\/li>\n<li>Fournit des options avanc\u00e9es pour personnaliser l&rsquo;apparence et le comportement du bouton similaire et des fonctionnalit\u00e9s associ\u00e9es<\/li>\n<li>Con\u00e7u pour \u00eatre enti\u00e8rement compatible avec le plugin de commentaires WPDiscuz populaire, ainsi que d&rsquo;autres plugins et th\u00e8mes WordPress<\/li>\n<li>Aide \u00e0 encourager l&rsquo;engagement et la construction communautaire sur les sites WordPress en fournissant un moyen simple et intuitif pour les visiteurs d&rsquo;exprimer leur int\u00e9r\u00eat et leur soutien<\/li>\n<\/ul>\n","protected":false},"excerpt":{"rendered":"<p>WPDiscuz Advanced Likers est un plugin WordPress extr\u00eamement robuste et formidable qui vous donne la capacit\u00e9 d&rsquo;int\u00e9grer de mani\u00e8re transparente les fonctionnalit\u00e9s avanc\u00e9es et d\u00e9test\u00e9es dans la section des commentaires de votre site Web estim\u00e9. En incorporant ce plugin ing\u00e9nieux, vous offrez \u00e0 vos visiteurs de votre site Web pr\u00e9cieux la possibilit\u00e9 d&rsquo;exprimer de mani\u00e8re articulement et pertinente leurs opinions \u00e0 multiples facettes concernant divers fils de commentaires. En plus des boutons conventionnels et du pouce vers le bas, les utilisateurs re\u00e7oivent un vaste \u00e9ventail d&rsquo;ic\u00f4nes de r\u00e9action, englobant un visage exalt\u00e9, un visage d\u00e9courag\u00e9 et un visage indign\u00e9, entre autres. Remarquablement adaptable et navigable sans effort, ce plugin repr\u00e9sente la quintessence de la convivialit\u00e9 des utilisateurs et est particuli\u00e8rement bien adapt\u00e9 aux sites Web qui aspirent \u00e0 favoriser une exp\u00e9rience de commentaires plus interactive et captivante.<\/p>\n","protected":false},"featured_media":146235,"comment_status":"open","ping_status":"open","template":"","meta":[],"product_brand":[2741],"product_cat":[1189,1181,1186],"product_tag":[2254],"class_list":{"0":"post-119150","1":"product","2":"type-product","3":"status-publish","4":"has-post-thumbnail","6":"product_brand-wp-discuz","7":"product_cat-personnalisation","8":"product_cat-plugins","9":"product_cat-wordpress-plugins","10":"product_tag-wp-discuz","11":"member-discount","12":"discount-restricted","14":"first","15":"instock","16":"sale","17":"downloadable","18":"virtual","19":"sold-individually","20":"purchasable","21":"product-type-simple"},"_links":{"self":[{"href":"https:\/\/gpl-love.com\/fr\/wp-json\/wp\/v2\/product\/119150","targetHints":{"allow":["GET"]}}],"collection":[{"href":"https:\/\/gpl-love.com\/fr\/wp-json\/wp\/v2\/product"}],"about":[{"href":"https:\/\/gpl-love.com\/fr\/wp-json\/wp\/v2\/types\/product"}],"replies":[{"embeddable":true,"href":"https:\/\/gpl-love.com\/fr\/wp-json\/wp\/v2\/comments?post=119150"}],"wp:featuredmedia":[{"embeddable":true,"href":"https:\/\/gpl-love.com\/fr\/wp-json\/wp\/v2\/media\/146235"}],"wp:attachment":[{"href":"https:\/\/gpl-love.com\/fr\/wp-json\/wp\/v2\/media?parent=119150"}],"wp:term":[{"taxonomy":"product_brand","embeddable":true,"href":"https:\/\/gpl-love.com\/fr\/wp-json\/wp\/v2\/product_brand?post=119150"},{"taxonomy":"product_cat","embeddable":true,"href":"https:\/\/gpl-love.com\/fr\/wp-json\/wp\/v2\/product_cat?post=119150"},{"taxonomy":"product_tag","embeddable":true,"href":"https:\/\/gpl-love.com\/fr\/wp-json\/wp\/v2\/product_tag?post=119150"}],"curies":[{"name":"wp","href":"https:\/\/api.w.org\/{rel}","templated":true}]}}