{"id":119148,"date":"2026-04-10T00:00:00","date_gmt":"2026-04-09T22:00:00","guid":{"rendered":"https:\/\/gpl-love.com\/fr\/produit\/wpdiscuz-ads-manager\/"},"modified":"2026-04-10T18:48:22","modified_gmt":"2026-04-10T16:48:22","slug":"wpdiscuz-ads-manager","status":"publish","type":"product","link":"https:\/\/gpl-love.com\/fr\/produit\/wpdiscuz-ads-manager\/","title":{"rendered":"wpDiscuz Ads Manager 7.6.53"},"content":{"rendered":"<h3>wpDiscuz Ads Manager Traits<\/h3>\n<p>Le gestionnaire de publicit\u00e9s WPDiscuz est un outil incroyablement puissant qui a \u00e9t\u00e9 sp\u00e9cialement d\u00e9velopp\u00e9 pour aider les propri\u00e9taires de sites Web \u00e0 mon\u00e9tiser efficacement leur contenu. Sa fonction principale est d&rsquo;afficher des publicit\u00e9s cibl\u00e9es dans les sections de commentaires, permettant aux administrateurs du site de g\u00e9rer sans effort le placement et les param\u00e8tres d&rsquo;annonces sans avoir besoin de poss\u00e9der de connaissances de codage. L&rsquo;int\u00e9gration transparente du gestionnaire de publicit\u00e9s WPDiscuz avec le syst\u00e8me de commentaires WPDiscuz largement utilis\u00e9 cr\u00e9e une solution tr\u00e8s compl\u00e8te pour maximiser les revenus du contenu g\u00e9n\u00e9r\u00e9 par les utilisateurs. En utilisant des options de ciblage avanc\u00e9es, telles que la cat\u00e9gorie et la correspondance des mots cl\u00e9s, le gestionnaire de publicit\u00e9s WPDiscuz garantit que les publicit\u00e9s affich\u00e9es sont non seulement pertinentes mais aussi captivantes pour les utilisateurs, ce qui entra\u00eene des taux de clics accrus et, finalement, des revenus accrus. B\u00e9n\u00e9ficiant d&rsquo;une interface conviviale et d&rsquo;un large \u00e9ventail de fonctionnalit\u00e9s compl\u00e8tes, le gestionnaire de publicit\u00e9s WPDiscuz est absolument indispensable pour tout propri\u00e9taire de site Web cherchant \u00e0 mon\u00e9tiser les commentaires et \u00e0 augmenter ses revenus.<\/p>\n<ul>\n<li>G\u00e9rez facilement les annonces affich\u00e9es dans les commentaires WPDiscuz<\/li>\n<li>Options de placement d&rsquo;annonces personnalisables dans les commentaires<\/li>\n<li>Prend en charge une vari\u00e9t\u00e9 de types d&rsquo;annonces et de tailles<\/li>\n<li>Fonctionnement de rotation d&rsquo;annonces pour plusieurs annonces en un seul placement<\/li>\n<li>D\u00e9finir le plafonnement de la fr\u00e9quence pour les annonces individuelles ou les groupes d&rsquo;annonces<\/li>\n<li>Option de planifier lorsque les annonces sont affich\u00e9es<\/li>\n<li>Compatible avec AdSense et autres r\u00e9seaux publicitaires<\/li>\n<li>Tableau de bord intuitif pour une gestion de publicit\u00e9 efficace<\/li>\n<li>Rapports d\u00e9taill\u00e9s sur les impressions d&rsquo;annonces et les clics<\/li>\n<li>Mises \u00e0 jour r\u00e9guli\u00e8res et support client.<\/li>\n<\/ul>\n","protected":false},"excerpt":{"rendered":"<p>Permettez-nous de vous pr\u00e9senter le remarquable gestionnaire de publicit\u00e9s WPDiscuz, un outil extraordinaire et tr\u00e8s efficace sp\u00e9cialement con\u00e7u pour vous aider \u00e0 mon\u00e9tiser votre blog ou votre site Web bien-aim\u00e9. Ce plugin incroyablement robuste offre un niveau de fonctionnalit\u00e9 in\u00e9gal\u00e9, vous permettant d&rsquo;int\u00e9grer et de g\u00e9rer efficacement vos campagnes publicitaires, renfor\u00e7ant ainsi consid\u00e9rablement vos revenus et de l&rsquo;optimisation de votre pr\u00e9sence num\u00e9rique. En exploitant ses fonctionnalit\u00e9s conviviales, telles que les options de placement des annonces, la planification des annonces, le ciblage d&rsquo;annonces et le suivi des performances, vous pourrez saisir sans effort le contr\u00f4le complet de votre strat\u00e9gie publicitaire, vous propulsant finalement vers la r\u00e9alisation de vos objectifs commerciaux estim\u00e9s. Que vous soyez un sp\u00e9cialiste du marketing exp\u00e9riment\u00e9 ou un blogueur naissant, le gestionnaire de publicit\u00e9s WPDiscuz est vraiment le compagnon id\u00e9al qui vous permettra de d\u00e9verrouiller toute l&rsquo;\u00e9tendue de votre potentiel de gain. Nous vous encourageons sans r\u00e9serve \u00e0 vous lancer dans ce voyage transformateur aujourd&rsquo;hui et \u00e0 assister personnellement \u00e0 la diff\u00e9rence remarquable que cet outil ph\u00e9nom\u00e9nal peut faire dans votre vie!<\/p>\n","protected":false},"featured_media":146234,"comment_status":"open","ping_status":"open","template":"","meta":[],"product_brand":[2741],"product_cat":[1187,1181,1186],"product_tag":[2254],"class_list":{"0":"post-119148","1":"product","2":"type-product","3":"status-publish","4":"has-post-thumbnail","6":"product_brand-wp-discuz","7":"product_cat-administration-wordpress-plugins","8":"product_cat-plugins","9":"product_cat-wordpress-plugins","10":"product_tag-wp-discuz","11":"member-discount","12":"discount-restricted","14":"first","15":"instock","16":"sale","17":"downloadable","18":"virtual","19":"sold-individually","20":"purchasable","21":"product-type-simple"},"_links":{"self":[{"href":"https:\/\/gpl-love.com\/fr\/wp-json\/wp\/v2\/product\/119148","targetHints":{"allow":["GET"]}}],"collection":[{"href":"https:\/\/gpl-love.com\/fr\/wp-json\/wp\/v2\/product"}],"about":[{"href":"https:\/\/gpl-love.com\/fr\/wp-json\/wp\/v2\/types\/product"}],"replies":[{"embeddable":true,"href":"https:\/\/gpl-love.com\/fr\/wp-json\/wp\/v2\/comments?post=119148"}],"wp:featuredmedia":[{"embeddable":true,"href":"https:\/\/gpl-love.com\/fr\/wp-json\/wp\/v2\/media\/146234"}],"wp:attachment":[{"href":"https:\/\/gpl-love.com\/fr\/wp-json\/wp\/v2\/media?parent=119148"}],"wp:term":[{"taxonomy":"product_brand","embeddable":true,"href":"https:\/\/gpl-love.com\/fr\/wp-json\/wp\/v2\/product_brand?post=119148"},{"taxonomy":"product_cat","embeddable":true,"href":"https:\/\/gpl-love.com\/fr\/wp-json\/wp\/v2\/product_cat?post=119148"},{"taxonomy":"product_tag","embeddable":true,"href":"https:\/\/gpl-love.com\/fr\/wp-json\/wp\/v2\/product_tag?post=119148"}],"curies":[{"name":"wp","href":"https:\/\/api.w.org\/{rel}","templated":true}]}}