{"id":119109,"date":"2025-11-06T00:00:00","date_gmt":"2025-11-05T23:00:00","guid":{"rendered":"https:\/\/gpl-love.com\/fr\/produit\/woocommerce-sale-flash-pro\/"},"modified":"2026-03-20T23:47:38","modified_gmt":"2026-03-20T22:47:38","slug":"woocommerce-sale-flash-pro","status":"publish","type":"product","link":"https:\/\/gpl-love.com\/fr\/produit\/woocommerce-sale-flash-pro\/","title":{"rendered":"WooCommerce Sale Flash Pro 1.4.0"},"content":{"rendered":"<h3>WooCommerce Sale Flash Pro Traits<\/h3>\n<p>WooCommerce Sale Flash Pro appara\u00eet comme un plugin tr\u00e8s robuste et influent qui permet aux utilisateurs de g\u00e9n\u00e9rer et d&rsquo;adapter les notifications de flash de vente pour leur magasin WooCommerce. Organis\u00e9e d&rsquo;une interface remarquablement conviviale, ce plugin joue un r\u00f4le central dans l&rsquo;intensification des ventes en mettant en \u00e9vidence les produits \u00e0 prix r\u00e9duits et en favorisant un sentiment d&rsquo;urgence chez les clients pour effectuer leurs achats. Le plugin englobe une pl\u00e9thore d&rsquo;options de personnalisation, englobant la possibilit\u00e9 de s\u00e9lectionner cerise quels produits seraient mis en lumi\u00e8re gr\u00e2ce aux notifications de vente, la libert\u00e9 de modifier la couleur et le style de la notification et l&rsquo;autorit\u00e9 de d\u00e9terminer la dur\u00e9e de la campagne promotionnelle. Non seulement WooCommerce Sale Flash Pro est instalable sans effort, mais ses param\u00e8tres mall\u00e9ables en font un actif indispensable pour toute boutique en ligne cherchant \u00e0 amplifier les ventes et \u00e0 augmenter l&rsquo;exp\u00e9rience client globale.<\/p>\n<ul>\n<li>Ajoute des \u00e9tiquettes flash de vente aux produits sur WooCommerce Store<\/li>\n<li>Option pour afficher le texte personnalis\u00e9 en vente flash<\/li>\n<li>Capacit\u00e9 \u00e0 d\u00e9finir diff\u00e9rents pourcentages de vente pour les produits individuels<\/li>\n<li>Option pour choisir la couleur et le style de l&rsquo;\u00e9tiquette flash de vente<\/li>\n<li>Option pour masquer le flash de vente apr\u00e8s une certaine date<\/li>\n<li>Compatible avec tous les th\u00e8mes WooCommerce<\/li>\n<li>Facile \u00e0 installer et \u00e0 configurer<\/li>\n<li>Optimis\u00e9 pour les temps de chargement rapide<\/li>\n<li>Aide \u00e0 augmenter les ventes en mettant en \u00e9vidence les produits \u00e0 prix r\u00e9duit<\/li>\n<li>Fournit une conception professionnelle et accrocheuse \u00e0 la vente des articles<\/li>\n<li>Augmente l&rsquo;engagement des clients et encourage la navigation d&rsquo;articles de vente<\/li>\n<\/ul>\n","protected":false},"excerpt":{"rendered":"<p>WooCommerce Sale Flash Pro, un plugin incroyablement robuste, permet aux propri\u00e9taires de boutiques en ligne la possibilit\u00e9 de fabriquer et d&rsquo;exposer des notifications de flash de vente fascinantes pour leur marchandise. Au moyen d&rsquo;une interface simple et conviviale, vous avez la capacit\u00e9 de configurer rapidement vos notifications de flash de vente en une question de simples clics. Il est \u00e0 votre discr\u00e9tion de personnaliser le message, de cuire \u00e0 la main la police, la couleur et l&rsquo;arri\u00e8re-plan du flash, ainsi que de sp\u00e9cifier le timing et la dur\u00e9e. Le plugin abrite une adaptabilit\u00e9 remarquable de sorte que la notification des ventes se manifeste rapidement sur les \u00e9crans de vos clients, ce qui les incite \u00e0 prendre des mesures proactives et \u00e0 renforcer vos ventes. Gr\u00e2ce \u00e0 l&rsquo;utilisation de WooCommerce Sale Flash Pro, vous avez le potentiel d&rsquo;amplifier l&rsquo;attrait de votre magasin, d&rsquo;am\u00e9liorer l&rsquo;engagement des clients et d&rsquo;am\u00e9liorer sans effort vos revenus.<\/p>\n","protected":false},"featured_media":146014,"comment_status":"open","ping_status":"open","template":"","meta":[],"product_brand":[2440],"product_cat":[1200,1182,1181],"product_tag":[1398],"class_list":{"0":"post-119109","1":"product","2":"type-product","3":"status-publish","4":"has-post-thumbnail","6":"product_brand-woocommerce","7":"product_cat-commercialisation","8":"product_cat-commerce-electronique-plugins","9":"product_cat-plugins","10":"product_tag-woocommerce","11":"member-discount","12":"discount-restricted","14":"first","15":"instock","16":"sale","17":"downloadable","18":"virtual","19":"sold-individually","20":"purchasable","21":"product-type-simple"},"_links":{"self":[{"href":"https:\/\/gpl-love.com\/fr\/wp-json\/wp\/v2\/product\/119109","targetHints":{"allow":["GET"]}}],"collection":[{"href":"https:\/\/gpl-love.com\/fr\/wp-json\/wp\/v2\/product"}],"about":[{"href":"https:\/\/gpl-love.com\/fr\/wp-json\/wp\/v2\/types\/product"}],"replies":[{"embeddable":true,"href":"https:\/\/gpl-love.com\/fr\/wp-json\/wp\/v2\/comments?post=119109"}],"wp:featuredmedia":[{"embeddable":true,"href":"https:\/\/gpl-love.com\/fr\/wp-json\/wp\/v2\/media\/146014"}],"wp:attachment":[{"href":"https:\/\/gpl-love.com\/fr\/wp-json\/wp\/v2\/media?parent=119109"}],"wp:term":[{"taxonomy":"product_brand","embeddable":true,"href":"https:\/\/gpl-love.com\/fr\/wp-json\/wp\/v2\/product_brand?post=119109"},{"taxonomy":"product_cat","embeddable":true,"href":"https:\/\/gpl-love.com\/fr\/wp-json\/wp\/v2\/product_cat?post=119109"},{"taxonomy":"product_tag","embeddable":true,"href":"https:\/\/gpl-love.com\/fr\/wp-json\/wp\/v2\/product_tag?post=119109"}],"curies":[{"name":"wp","href":"https:\/\/api.w.org\/{rel}","templated":true}]}}