{"id":119092,"date":"2023-05-19T00:00:00","date_gmt":"2023-05-18T22:00:00","guid":{"rendered":"https:\/\/gpl-love.com\/fr\/produit\/woocommerce-weight-based-shipping\/"},"modified":"2026-03-20T23:48:30","modified_gmt":"2026-03-20T22:48:30","slug":"woocommerce-weight-based-shipping","status":"publish","type":"product","link":"https:\/\/gpl-love.com\/fr\/produit\/woocommerce-weight-based-shipping\/","title":{"rendered":"WooCommerce Weight Based Shipping 5.5.3"},"content":{"rendered":"<h3>WooCommerce Weight Based Shipping Traits<\/h3>\n<p>Le plugin d&rsquo;exp\u00e9dition bas\u00e9 sur le poids WooCommerce sert d&rsquo;outil pr\u00e9cieux pour les magasins en ligne construits sur la plate-forme WooCommerce. Son objectif est de permettre aux propri\u00e9taires de magasins d&rsquo;\u00e9tablir des tarifs d&rsquo;exp\u00e9dition en fonction du poids des produits qu&rsquo;ils proposent. Ce plugin s&rsquo;av\u00e8re particuli\u00e8rement avantageux pour les entreprises qui traitent des produits de poids et de tailles divers, car il leur permet de d\u00e9finir sans effort les r\u00e8gles d&rsquo;exp\u00e9dition pour diverses cat\u00e9gories de produits. En utilisant une livraison bas\u00e9e sur le poids WooCommerce, les propri\u00e9taires de magasins acqui\u00e8rent la possibilit\u00e9 de configurer diff\u00e9rentes m\u00e9thodes d&rsquo;exp\u00e9dition, y compris le sol, l&rsquo;air ou l&rsquo;express, \u00e9quipant ainsi les clients des informations pr\u00e9cises sur les co\u00fbts d&rsquo;exp\u00e9dition avant de finaliser leur achat. En outre, ce plugin offre la possibilit\u00e9 de personnaliser et de cr\u00e9er des r\u00e8gles d&rsquo;exp\u00e9dition uniques, telles que l&rsquo;offre de livraison gratuite pour les commandes d\u00e9passant un seuil de poids ou de prix sp\u00e9cifique. B\u00e9n\u00e9ficiant d&rsquo;une interface conviviale et intuitive, l&rsquo;exp\u00e9dition bas\u00e9e sur le poids WooCommerce devient un outil indispensable pour tout magasin WooCommerce cherchant \u00e0 optimiser leurs proc\u00e9dures d&rsquo;exp\u00e9dition et \u00e0 offrir une exp\u00e9rience d&rsquo;achat transparente \u00e0 leurs pr\u00e9cieux clients.<\/p>\n<ul>\n<li>Permet des calculs d&rsquo;exp\u00e9dition avanc\u00e9s bas\u00e9s sur le poids<\/li>\n<li>Facile \u00e0 configurer et \u00e0 configurer<\/li>\n<li>Fournit une flexibilit\u00e9 et des options personnalisables pour les tarifs d&rsquo;exp\u00e9dition<\/li>\n<li>Peut \u00eatre utilis\u00e9 pour configurer des options d&rsquo;exp\u00e9dition uniques pour diff\u00e9rents produits<\/li>\n<li>Prend en charge plusieurs cours d&rsquo;exp\u00e9dition et zones<\/li>\n<li>Int\u00e9gre parfaitement avec la plate-forme WooCommerce<\/li>\n<li>Fournit des devis d&rsquo;exp\u00e9dition en temps r\u00e9el pour les clients<\/li>\n<li>Peut aider \u00e0 r\u00e9duire les frais d&rsquo;exp\u00e9dition pour les entreprises<\/li>\n<li>Offre des options pour la livraison gratuite en fonction du poids de la commande<\/li>\n<li>Permet aux entreprises d&rsquo;offrir une exp\u00e9dition forfaitaire pour certaines gammes de poids.<\/li>\n<\/ul>\n","protected":false},"excerpt":{"rendered":"<p>Le plugin d&rsquo;exp\u00e9dition bas\u00e9 sur le poids WooCommerce est un outil extr\u00eamement utile qui vous permet d&rsquo;\u00e9tablir sans effort des tarifs d&rsquo;exp\u00e9dition distinctifs fond\u00e9s sur le poids de votre gamme de produits diversifi\u00e9s. Gr\u00e2ce \u00e0 l&rsquo;utilisation de ce plugin remarquable, vous avez la possibilit\u00e9 de cr\u00e9er des r\u00e9glementations d&rsquo;exp\u00e9dition personnalis\u00e9es articul\u00e9es sur les classifications de poids, les zones d&rsquo;exp\u00e9dition, ainsi que diverses m\u00e9thodes de livraison. De plus, ce plugin exceptionnel vous permet de configurer habilement des calculs de co\u00fbts d&rsquo;exp\u00e9dition, qui sont indubitablement fond\u00e9s sur le poids global englob\u00e9 dans la commande du client. Par cons\u00e9quent, il devient clairement clair que ce plugin indispensable est une n\u00e9cessit\u00e9 absolue pour les propri\u00e9taires d&rsquo;\u00e9tablissements en ligne aspirant \u00e0 offrir leur client\u00e8le estim\u00e9e avec des tarifs d&rsquo;exp\u00e9dition qui sont non seulement pr\u00e9cis mais aussi \u00e9tonnamment \u00e9quitables.<\/p>\n","protected":false},"featured_media":146070,"comment_status":"open","ping_status":"open","template":"","meta":[],"product_brand":[2435],"product_cat":[1182,1223,1181],"product_tag":[1231],"class_list":{"0":"post-119092","1":"product","2":"type-product","3":"status-publish","4":"has-post-thumbnail","6":"product_brand-codecanyon","7":"product_cat-commerce-electronique-plugins","8":"product_cat-personnalisation-commerce-electronique-plugins","9":"product_cat-plugins","10":"product_tag-codecanyon","11":"member-discount","12":"discount-restricted","14":"first","15":"instock","16":"sale","17":"downloadable","18":"virtual","19":"sold-individually","20":"purchasable","21":"product-type-simple"},"_links":{"self":[{"href":"https:\/\/gpl-love.com\/fr\/wp-json\/wp\/v2\/product\/119092","targetHints":{"allow":["GET"]}}],"collection":[{"href":"https:\/\/gpl-love.com\/fr\/wp-json\/wp\/v2\/product"}],"about":[{"href":"https:\/\/gpl-love.com\/fr\/wp-json\/wp\/v2\/types\/product"}],"replies":[{"embeddable":true,"href":"https:\/\/gpl-love.com\/fr\/wp-json\/wp\/v2\/comments?post=119092"}],"wp:featuredmedia":[{"embeddable":true,"href":"https:\/\/gpl-love.com\/fr\/wp-json\/wp\/v2\/media\/146070"}],"wp:attachment":[{"href":"https:\/\/gpl-love.com\/fr\/wp-json\/wp\/v2\/media?parent=119092"}],"wp:term":[{"taxonomy":"product_brand","embeddable":true,"href":"https:\/\/gpl-love.com\/fr\/wp-json\/wp\/v2\/product_brand?post=119092"},{"taxonomy":"product_cat","embeddable":true,"href":"https:\/\/gpl-love.com\/fr\/wp-json\/wp\/v2\/product_cat?post=119092"},{"taxonomy":"product_tag","embeddable":true,"href":"https:\/\/gpl-love.com\/fr\/wp-json\/wp\/v2\/product_tag?post=119092"}],"curies":[{"name":"wp","href":"https:\/\/api.w.org\/{rel}","templated":true}]}}