{"id":119087,"date":"2026-03-20T00:00:00","date_gmt":"2026-03-19T23:00:00","guid":{"rendered":"https:\/\/gpl-love.com\/fr\/produit\/gravity-perks-inventory\/"},"modified":"2026-03-20T23:18:31","modified_gmt":"2026-03-20T22:18:31","slug":"gravity-perks-inventory","status":"publish","type":"product","link":"https:\/\/gpl-love.com\/fr\/produit\/gravity-perks-inventory\/","title":{"rendered":"Gravity Perks Inventory 1.0.23"},"content":{"rendered":"<h3>Gravity Perks Inventory Traits<\/h3>\n<p>Gravity Perks Inventory, un outil de gestion des stocks tr\u00e8s fiable et robuste, offre une assistance inestimable aux entreprises de toutes les amplitudes dans la surveillance m\u00e9ticuleusement de leurs niveaux de stock et la rationalisation de leurs op\u00e9rations de cha\u00eene d&rsquo;approvisionnement. \u00c9quip\u00e9 d&rsquo;un large \u00e9ventail de fonctionnalit\u00e9s, telles que le suivi des stocks, les alertes \u00e0 faible stock, le r\u00e9approvisionnement automatique, et plus encore, Gravity Perks Inventory pr\u00e9sente une solution globale pour la gestion efficace de l&rsquo;inventaire en temps r\u00e9el. Cet outil de gestion des stocks, ing\u00e9nieusement con\u00e7u comme un module compl\u00e9mentaire pour le plugin de formes de gravit\u00e9 renomm\u00e9, s&rsquo;int\u00e8gre de mani\u00e8re transparente \u00e0 vos flux de travail existants, facilitant la gestion et la surveillance des stocks sans effort via un tableau de bord unifi\u00e9. Que vous soyez un entrepreneur \u00e0 petite \u00e9chelle ou un g\u00e9ant de l&rsquo;entreprise, la mise en \u0153uvre de l&rsquo;inventaire des avantages Gravity garantit l&rsquo;optimisation de vos processus de gestion des stocks et une am\u00e9lioration significative de votre performance financi\u00e8re.<\/p>\n<ul>\n<li>Gestion des stocks rationalis\u00e9s pour tout type de produit ou de marchandise<\/li>\n<li>Suivi automatis\u00e9 des niveaux de stock et des dates en stock<\/li>\n<li>Alertes et notifications personnalisables pour les niveaux d&rsquo;inventaire pour vous garder une longueur d&rsquo;avance<\/li>\n<li>Outils de rapports puissants pour vous aider \u00e0 comprendre votre inventaire et \u00e0 prendre des d\u00e9cisions \u00e9clair\u00e9es<\/li>\n<li>Interface intuitive et conviviale qui simplifie les t\u00e2ches de gestion des stocks complexes<\/li>\n<li>Int\u00e9gre parfaitement les formes de gravit\u00e9<\/li>\n<li>\u00c9volutif pour r\u00e9pondre aux besoins de toute taille ou industrie d&rsquo;entreprise<\/li>\n<li>Gauche du temps et r\u00e9duit les erreurs, vous lib\u00e9rant pour vous concentrer sur la croissance de votre entreprise<\/li>\n<li>Documentation d\u00e9taill\u00e9e et support d&rsquo;experts pour vous aider \u00e0 tirer le meilleur parti de votre syst\u00e8me de gestion des stocks.<\/li>\n<\/ul>\n","protected":false},"excerpt":{"rendered":"<p>Gravity Perks Inventory est un outil incroyablement robuste et sophistiqu\u00e9 qui a \u00e9t\u00e9 con\u00e7u de mani\u00e8re experte pour faciliter et am\u00e9liorer la gestion de l&rsquo;inventaire des utilisateurs d&rsquo;une mani\u00e8re remarquablement sans effort. Cet outil remarquable permet aux utilisateurs de surveiller et de garder un \u0153il de pr\u00e8s leur niveau d&rsquo;inventaire, leur accordant ainsi la capacit\u00e9 in\u00e9gal\u00e9e \u00e0 g\u00e9n\u00e9rer efficacement et \u00e0 modeler des formulaires de commande sur mesure qui r\u00e9pondent \u00e0 leurs exigences pr\u00e9cises. De plus, cet outil ing\u00e9nieux offre \u00e9galement aux utilisateurs la capacit\u00e9 inestimable \u00e0 \u00e9tablir des alertes opportunes et indispensables sp\u00e9cifiquement con\u00e7ues pour les informer chaque fois que leurs niveaux de stock atteignent un seuil de faible teneur en basse. Moreover, it is imperative to highlight that this cutting-edge tool is fully compatible with Gravity Forms, thereby ingeniously streamlining the entire inventory management process and affording users the unrivaled opportunity to seamlessly navigate and effortlessly interact with an exceedingly user-friendly interface that is both personnalisable sans effort et \u00e9tonnamment intuitif. Par cons\u00e9quent, il n&rsquo;est pas surprenant que Gravity Perks Inventory ne soit rien de moins qu&rsquo;une aubaine pour les utilisateurs, car elle leur permet de surveiller et de garder un \u0153il d&rsquo;aigle sur leur inventaire, garantissant finalement qu&rsquo;ils sont perp\u00e9tuellement bien approvisionn\u00e9s avec un approvisionnement abondant des produits indispensables qui sont cruciaux pour le fonctionnement fluide et ininterrompu de leurs entreprises commerciales respectives.<\/p>\n","protected":false},"featured_media":144114,"comment_status":"open","ping_status":"open","template":"","meta":[],"product_brand":[2567],"product_cat":[1189,1181,1186],"product_tag":[2168],"class_list":{"0":"post-119087","1":"product","2":"type-product","3":"status-publish","4":"has-post-thumbnail","6":"product_brand-gravity-wiz","7":"product_cat-personnalisation","8":"product_cat-plugins","9":"product_cat-wordpress-plugins","10":"product_tag-gravity-wiz","11":"member-discount","12":"discount-restricted","14":"first","15":"instock","16":"sale","17":"downloadable","18":"virtual","19":"sold-individually","20":"purchasable","21":"product-type-simple"},"_links":{"self":[{"href":"https:\/\/gpl-love.com\/fr\/wp-json\/wp\/v2\/product\/119087","targetHints":{"allow":["GET"]}}],"collection":[{"href":"https:\/\/gpl-love.com\/fr\/wp-json\/wp\/v2\/product"}],"about":[{"href":"https:\/\/gpl-love.com\/fr\/wp-json\/wp\/v2\/types\/product"}],"replies":[{"embeddable":true,"href":"https:\/\/gpl-love.com\/fr\/wp-json\/wp\/v2\/comments?post=119087"}],"wp:featuredmedia":[{"embeddable":true,"href":"https:\/\/gpl-love.com\/fr\/wp-json\/wp\/v2\/media\/144114"}],"wp:attachment":[{"href":"https:\/\/gpl-love.com\/fr\/wp-json\/wp\/v2\/media?parent=119087"}],"wp:term":[{"taxonomy":"product_brand","embeddable":true,"href":"https:\/\/gpl-love.com\/fr\/wp-json\/wp\/v2\/product_brand?post=119087"},{"taxonomy":"product_cat","embeddable":true,"href":"https:\/\/gpl-love.com\/fr\/wp-json\/wp\/v2\/product_cat?post=119087"},{"taxonomy":"product_tag","embeddable":true,"href":"https:\/\/gpl-love.com\/fr\/wp-json\/wp\/v2\/product_tag?post=119087"}],"curies":[{"name":"wp","href":"https:\/\/api.w.org\/{rel}","templated":true}]}}