{"id":119086,"date":"2026-04-16T00:00:00","date_gmt":"2026-04-15T22:00:00","guid":{"rendered":"https:\/\/gpl-love.com\/fr\/produit\/gravity-perks-populate-anything\/"},"modified":"2026-04-17T00:30:46","modified_gmt":"2026-04-16T22:30:46","slug":"gravity-perks-populate-anything","status":"publish","type":"product","link":"https:\/\/gpl-love.com\/fr\/produit\/gravity-perks-populate-anything\/","title":{"rendered":"Gravity Perks Populate Anything 2.1.66"},"content":{"rendered":"<h3>Gravity Perks Populate Anything Traits<\/h3>\n<p>Les avantages de gravit\u00e9 peuplent tout est un plugin tr\u00e8s robuste et efficace qui offre une solution transparente pour remplir sans effort vos formes de gravit\u00e9 avec une large gamme de donn\u00e9es d\u00e9riv\u00e9es de diverses sources externes. Ce plugin remarquable vous permet de remplir vos champs de formulaire avec des donn\u00e9es provenant non seulement de publications, d&rsquo;utilisateurs et de taxonomies, mais \u00e9galement d&rsquo;un \u00e9ventail diversifi\u00e9 d&rsquo;autres sources. De plus, il facilite la cr\u00e9ation de sources de donn\u00e9es sur mesure, vous accordant ainsi la capacit\u00e9 sans pr\u00e9c\u00e9dent \u00e0 remplir vos formulaires avec pratiquement toutes les donn\u00e9es que votre imagination peut \u00e9voquer. En automatisant le processus laborieux de la saisie des donn\u00e9es, ce plugin rationalise efficacement votre flux de travail, lib\u00e9rant par cons\u00e9quent un temps et une \u00e9nergie inestimables \u00e0 vous allouer \u00e0 des t\u00e2ches plus imp\u00e9ratives. Essentiellement, si vous vous retrouvez \u00e0 la recherche d&rsquo;un moyen convivial et efficace de remplir vos formulaires de gravit\u00e9 avec des donn\u00e9es achet\u00e9es \u00e0 partir de sources externes, ne cherchez pas plus loin que la solution in\u00e9gal\u00e9e fournie par les avantages de gravit\u00e9 peuple.<\/p>\n<ul>\n<li>R\u00e9pondez sans effort les donn\u00e9es de tout type de post, taxonomie ou champ personnalis\u00e9 dans des formulaires de gravit\u00e9.<\/li>\n<li>Cr\u00e9ez des formulaires dynamiques g\u00e9n\u00e9r\u00e9s automatiquement avec des informations \u00e0 jour.<\/li>\n<li>Affichez facilement les donn\u00e9es bas\u00e9es sur la s\u00e9lection des utilisateurs avec le m\u00eame niveau de personnalisation que les formulaires de gravit\u00e9.<\/li>\n<li>Gagnez du temps et am\u00e9liorez la productivit\u00e9 en rationalisant la collecte de donn\u00e9es et les processus de cr\u00e9ation de formulaire.<\/li>\n<li>Obtenez des donn\u00e9es plus pr\u00e9cises de vos formulaires en incorporant les sources de donn\u00e9es existantes.<\/li>\n<li>Profitez des fonctionnalit\u00e9s avanc\u00e9es de Gravity Forms telles que la logique conditionnelle et les calculs, tout en int\u00e9grant les donn\u00e9es dynamiques avec peuplez n&rsquo;importe quoi.<\/li>\n<li>G\u00e9n\u00e9rez automatiquement les options de formulaire \u00e0 partir de types de publication, de champs et de taxonomies personnalis\u00e9s.<\/li>\n<li>Affichez facilement les donn\u00e9es avec des dispositions conviviales qui sont optimis\u00e9es pour les appareils mobiles et de bureau.<\/li>\n<li>Les options de sortie de champ personnalisables vous permettent d&rsquo;adapter les affichages de donn\u00e9es \u00e0 vos besoins sp\u00e9cifiques.<\/li>\n<li>Profitez de la tranquillit\u00e9 d&rsquo;esprit avec un support client r\u00e9actif et des mises \u00e0 jour r\u00e9guli\u00e8res de plugin.<\/li>\n<\/ul>\n","protected":false},"excerpt":{"rendered":"<p>Les avantages de gravit\u00e9 peuplent tout est un plugin incroyablement robuste et riche en fonctionnalit\u00e9s qui a \u00e9t\u00e9 m\u00e9ticuleusement con\u00e7u pour simplifier consid\u00e9rablement le processus souvent long de la saisie de donn\u00e9es sur votre site Web. En int\u00e9grant de mani\u00e8re transparente \u00e0 la biblioth\u00e8que de donn\u00e9es puissante des formes de gravit\u00e9, ce plugin offre un niveau de commodit\u00e9 et d&rsquo;efficacit\u00e9 in\u00e9gal\u00e9. Il est r\u00e9volu le temps de saisir manuellement des informations dans vos champs; Avec Gravity Perks peuplez tout, vous pouvez peupler sans effort vos champs avec des donn\u00e9es d&rsquo;autres entr\u00e9es de votre biblioth\u00e8que Forms. Cela inclut non seulement des cases simples, mais aussi des champs d&rsquo;adressage complexes, en vous assurant que vous pouvez g\u00e9rer tout type de t\u00e2che de saisie de donn\u00e9es avec la plus grande facilit\u00e9.<\/p>\n","protected":false},"featured_media":144121,"comment_status":"open","ping_status":"open","template":"","meta":[],"product_brand":[2567],"product_cat":[1189,1181,1186],"product_tag":[2168],"class_list":{"0":"post-119086","1":"product","2":"type-product","3":"status-publish","4":"has-post-thumbnail","6":"product_brand-gravity-wiz","7":"product_cat-personnalisation","8":"product_cat-plugins","9":"product_cat-wordpress-plugins","10":"product_tag-gravity-wiz","11":"member-discount","12":"discount-restricted","14":"first","15":"instock","16":"sale","17":"downloadable","18":"virtual","19":"sold-individually","20":"purchasable","21":"product-type-simple"},"_links":{"self":[{"href":"https:\/\/gpl-love.com\/fr\/wp-json\/wp\/v2\/product\/119086","targetHints":{"allow":["GET"]}}],"collection":[{"href":"https:\/\/gpl-love.com\/fr\/wp-json\/wp\/v2\/product"}],"about":[{"href":"https:\/\/gpl-love.com\/fr\/wp-json\/wp\/v2\/types\/product"}],"replies":[{"embeddable":true,"href":"https:\/\/gpl-love.com\/fr\/wp-json\/wp\/v2\/comments?post=119086"}],"wp:featuredmedia":[{"embeddable":true,"href":"https:\/\/gpl-love.com\/fr\/wp-json\/wp\/v2\/media\/144121"}],"wp:attachment":[{"href":"https:\/\/gpl-love.com\/fr\/wp-json\/wp\/v2\/media?parent=119086"}],"wp:term":[{"taxonomy":"product_brand","embeddable":true,"href":"https:\/\/gpl-love.com\/fr\/wp-json\/wp\/v2\/product_brand?post=119086"},{"taxonomy":"product_cat","embeddable":true,"href":"https:\/\/gpl-love.com\/fr\/wp-json\/wp\/v2\/product_cat?post=119086"},{"taxonomy":"product_tag","embeddable":true,"href":"https:\/\/gpl-love.com\/fr\/wp-json\/wp\/v2\/product_tag?post=119086"}],"curies":[{"name":"wp","href":"https:\/\/api.w.org\/{rel}","templated":true}]}}