{"id":119083,"date":"2022-04-03T00:00:00","date_gmt":"2022-04-02T22:00:00","guid":{"rendered":"https:\/\/gpl-love.com\/fr\/produit\/woocommerce-lookbook\/"},"modified":"2026-04-10T18:47:13","modified_gmt":"2026-04-10T16:47:13","slug":"woocommerce-lookbook","status":"publish","type":"product","link":"https:\/\/gpl-love.com\/fr\/produit\/woocommerce-lookbook\/","title":{"rendered":"WooCommerce LookBook 1.1.10"},"content":{"rendered":"<h3>WooCommerce LookBook Traits<\/h3>\n<p>WooCommerce Lookbook est un outil incroyablement robuste et puissant qui permet aux entreprises de fabriquer efficacement des lookbooks visuellement captivants pour leur gamme de produits diversifi\u00e9s. Gr\u00e2ce \u00e0 l&rsquo;utilisation de LookBook, les utilisateurs ont la possibilit\u00e9 de g\u00e9n\u00e9rer de mani\u00e8re transparente une galerie exquise pr\u00e9sentant leurs produits, tout en les pr\u00e9sentant de mani\u00e8re s\u00e9duisante et interactive. Le plugin lui-m\u00eame se vante de sa nature conviviale, car il se vante d&rsquo;une interface de glisser-d\u00e9poser intuitivement, simplifiant ainsi le processus d&rsquo;incorporation de divers \u00e9l\u00e9ments dans votre lookbook, tels que des produits, des images, etc. De plus, les entreprises sont \u00e9galement en mesure de cr\u00e9er plusieurs lookbooks qui s&rsquo;adressent \u00e0 diff\u00e9rents aspects, tels que des produits, des saisons ou des \u00e9v\u00e9nements, ce qui leur permet d&rsquo;adapter l&rsquo;apparence et l&rsquo;atmosph\u00e8re de chacun en fonction de ses pr\u00e9f\u00e9rences et exigences uniques. En outre, il est crucial de noter que LookBook englobe \u00e9galement une vaste gamme de fonctionnalit\u00e9s, y compris les effets de survol, les capacit\u00e9s de zoom et les options de partage social, qui contribuent tous \u00e0 augmenter davantage l&rsquo;exp\u00e9rience utilisateur globale. Que vous soyez exploit\u00e9 un magasin de d\u00e9tail de mode, une marque de beaut\u00e9 ou tout autre type de boutique en ligne, il est ind\u00e9niable que WooCommerce Lookbook sert d&rsquo;outil exceptionnel et inestimable qui vous permet de pr\u00e9senter efficacement vos produits de mani\u00e8re esth\u00e9tique qui captive et attire votre public cible.<\/p>\n<ul>\n<li>Une fa\u00e7on pratique et intuitive de pr\u00e9senter vos produits de mani\u00e8re visuellement attrayante<\/li>\n<li>Un outil flexible qui vous permet de cr\u00e9er plusieurs lookbooks avec diff\u00e9rents th\u00e8mes et styles<\/li>\n<li>Dispositions et conceptions personnalisables en fonction de votre marque et de votre gamme de produits<\/li>\n<li>S&rsquo;int\u00e8gre parfaitement \u00e0 WooCommerce, vous donnant un contr\u00f4le total sur la s\u00e9lection et la gestion des produits<\/li>\n<li>Design convivial et r\u00e9actif qui garantit que vos lookbooks ont fi\u00e8re allure sur n&rsquo;importe quel appareil<\/li>\n<li>Analyse int\u00e9gr\u00e9e pour suivre les performances et optimiser votre lookbook au fil du temps<\/li>\n<li>Int\u00e9gration avec les plateformes de m\u00e9dias sociaux pour faciliter le partage de votre lookbook avec votre public<\/li>\n<li>Facile \u00e0 installer et \u00e0 utiliser, avec une documentation compl\u00e8te pour vous aider \u00e0 d\u00e9marrer rapidement<\/li>\n<\/ul>\n","protected":false},"excerpt":{"rendered":"<p>Le plugin WooCommerce LookBook est un outil incroyablement convivial qui offre la possibilit\u00e9 de pr\u00e9senter vos offres de produits de mani\u00e8re exceptionnellement attrayante. En exploitant la puissance de ce plugin, vous gagnez la possibilit\u00e9 de construire sans effort des lookbooks et des catalogues captivants qui sont non seulement agr\u00e9ables esth\u00e9tiques, mais permettent \u00e9galement aux clients de faire des achats de mani\u00e8re transparente. De plus, la v\u00e9ritable brillance de ce plugin r\u00e9side dans sa personnalisation compl\u00e8te, vous permettant de l&rsquo;aligner sans effort avec l&rsquo;esth\u00e9tique unique de votre marque et de souligner sans effort vos produits les plus populaires et les plus performants. En fin de compte, cette offre exceptionnelle sert de solution id\u00e9ale pour les d\u00e9taillants en ligne qui cherchent \u00e0 optimiser l&rsquo;exp\u00e9rience d&rsquo;achat de leurs clients et, surtout, \u00e0 faire monter en fl\u00e8che leurs chiffres de vente.<\/p>\n","protected":false},"featured_media":145914,"comment_status":"open","ping_status":"open","template":"","meta":[],"product_brand":[2435],"product_cat":[1182,1223,1181],"product_tag":[1231],"class_list":{"0":"post-119083","1":"product","2":"type-product","3":"status-publish","4":"has-post-thumbnail","6":"product_brand-codecanyon","7":"product_cat-commerce-electronique-plugins","8":"product_cat-personnalisation-commerce-electronique-plugins","9":"product_cat-plugins","10":"product_tag-codecanyon","11":"member-discount","12":"discount-restricted","14":"first","15":"instock","16":"sale","17":"downloadable","18":"virtual","19":"sold-individually","20":"purchasable","21":"product-type-simple"},"_links":{"self":[{"href":"https:\/\/gpl-love.com\/fr\/wp-json\/wp\/v2\/product\/119083","targetHints":{"allow":["GET"]}}],"collection":[{"href":"https:\/\/gpl-love.com\/fr\/wp-json\/wp\/v2\/product"}],"about":[{"href":"https:\/\/gpl-love.com\/fr\/wp-json\/wp\/v2\/types\/product"}],"replies":[{"embeddable":true,"href":"https:\/\/gpl-love.com\/fr\/wp-json\/wp\/v2\/comments?post=119083"}],"wp:featuredmedia":[{"embeddable":true,"href":"https:\/\/gpl-love.com\/fr\/wp-json\/wp\/v2\/media\/145914"}],"wp:attachment":[{"href":"https:\/\/gpl-love.com\/fr\/wp-json\/wp\/v2\/media?parent=119083"}],"wp:term":[{"taxonomy":"product_brand","embeddable":true,"href":"https:\/\/gpl-love.com\/fr\/wp-json\/wp\/v2\/product_brand?post=119083"},{"taxonomy":"product_cat","embeddable":true,"href":"https:\/\/gpl-love.com\/fr\/wp-json\/wp\/v2\/product_cat?post=119083"},{"taxonomy":"product_tag","embeddable":true,"href":"https:\/\/gpl-love.com\/fr\/wp-json\/wp\/v2\/product_tag?post=119083"}],"curies":[{"name":"wp","href":"https:\/\/api.w.org\/{rel}","templated":true}]}}