{"id":119081,"date":"2022-03-25T00:00:00","date_gmt":"2022-03-24T23:00:00","guid":{"rendered":"https:\/\/gpl-love.com\/fr\/produit\/salon-booking\/"},"modified":"2026-04-10T18:38:34","modified_gmt":"2026-04-10T16:38:34","slug":"salon-booking","status":"publish","type":"product","link":"https:\/\/gpl-love.com\/fr\/produit\/salon-booking\/","title":{"rendered":"Salon Booking 7.6.4"},"content":{"rendered":"<h3>Salon Booking Traits<\/h3>\n<p>La r\u00e9servation de salon est une vaste solution logicielle con\u00e7ue sp\u00e9cifiquement pour la gestion des salons, qui vise \u00e0 rationaliser et \u00e0 simplifier la t\u00e2che souvent complexe et longue de r\u00e9server des rendez-vous. En utilisant ce puissant logiciel, les propri\u00e9taires de salon peuvent assumer sans effort leurs diverses responsabilit\u00e9s, notamment la gestion de leurs horaires, l&rsquo;organisation de rendez-vous et le maintien efficace d&rsquo;une base de donn\u00e9es client bien organis\u00e9e. En outre, les clients b\u00e9n\u00e9ficieront grandement de la commodit\u00e9 et de l&rsquo;efficacit\u00e9 offertes par la r\u00e9servation de salon, car ils ont la possibilit\u00e9 de r\u00e9server sans effort les rendez-vous en ligne, de parcourir sans effort les plages horaires disponibles et, finalement, de la confirmation et des rappels de confirmation automatique et fiables. En plus de ces fonctionnalit\u00e9s inestimables, la r\u00e9servation de salon poss\u00e8de \u00e9galement un \u00e9ventail d&rsquo;autres fonctionnalit\u00e9s impressionnantes, telles que les capacit\u00e9s compl\u00e8tes de gestion des calendriers, le traitement de paiement en ligne transparent et l&rsquo;utilisation d&rsquo;outils de marketing automatis\u00e9s, qui sont tous con\u00e7us pour aider efficacement les salons \u00e0 l&rsquo;expansion et am\u00e9liorer leur entreprise. En fin de compte, avec son interface intuitivement con\u00e7ue et conviviale, la r\u00e9servation de salon est sans aucun doute un outil indispensable indispensable pour tout salon qui cherche \u00e0 optimiser ses op\u00e9rations et \u00e0 garantir que chaque client re\u00e7oit une exp\u00e9rience exceptionnelle et in\u00e9gal\u00e9e.<\/p>\n<ul>\n<li>G\u00e9rer efficacement les r\u00e9servations de salon avec facilit\u00e9<\/li>\n<li>Simplifier la planification des rendez-vous pour les employ\u00e9s et les clients<\/li>\n<li>\u00c9liminez le risque de double r\u00e9servation et de conflits d&rsquo;horaire<\/li>\n<li>Fournit une disponibilit\u00e9 en temps r\u00e9el et une confirmation de r\u00e9servation pour les clients<\/li>\n<li>Formulaires de r\u00e9servation personnalisables pour capturer des informations sur les clients importants<\/li>\n<li>SMS automatis\u00e9s et rappels par e-mail pour r\u00e9duire la non-pr\u00e9sentation<\/li>\n<li>Options de paiement flexibles, y compris les d\u00e9p\u00f4ts et les paiements en ligne<\/li>\n<li>Repr\u00e9sentations et analyses compl\u00e8tes pour vous aider \u00e0 prendre des d\u00e9cisions commerciales \u00e9clair\u00e9es<\/li>\n<li>Disponible sur tous les appareils pour un acc\u00e8s pratique \u00e0 vos r\u00e9servations \u00e0 tout moment, n&rsquo;importe o\u00f9.<\/li>\n<\/ul>\n","protected":false},"excerpt":{"rendered":"<p>Pr\u00e9sentation de la r\u00e9servation de salon &#8211; La solution \u00e0 guichet unique pour r\u00e9volutionner votre \u00e9tablissement de salon! Offrez des adieux \u00e0 la t\u00e2che ardue de la r\u00e9servation manuelle et de la planification de rendez-vous, et embrassez le flux de travail transparent et l&rsquo;efficacit\u00e9 accrue. En tirant parti de la r\u00e9servation de salon, vous pouvez superviser sans effort votre gamme de services, allouer avec approfondance votre personnel et r\u00e9pondre efficacement \u00e0 votre pr\u00e9cieux client\u00e8le, le tout dans une plate-forme centralis\u00e9e. Notre syst\u00e8me automatis\u00e9 m\u00e9ticuleusement con\u00e7u garantit qu&rsquo;aucun rendez-vous ne glisse \u00e0 travers les mailles du filet, tandis que les rapports complets fournis vous permettent de prendre des d\u00e9cisions commerciales astucieuses. De plus, l&rsquo;interface utilisateur intuitive facilite sans effort votre personnel estim\u00e9 et vos clients ch\u00e9ris pour cr\u00e9er et g\u00e9rer sans effort leurs r\u00e9servations. Pr\u00e9parez-vous \u00e0 vous lancer dans une transformation in\u00e9gal\u00e9e de votre entreprise de salon, gracieuset\u00e9 de la r\u00e9servation de salon in\u00e9gal\u00e9e.<\/p>\n","protected":false},"featured_media":145158,"comment_status":"open","ping_status":"open","template":"","meta":[],"product_brand":[2435],"product_cat":[1189,1181,1186],"product_tag":[1231],"class_list":{"0":"post-119081","1":"product","2":"type-product","3":"status-publish","4":"has-post-thumbnail","6":"product_brand-codecanyon","7":"product_cat-personnalisation","8":"product_cat-plugins","9":"product_cat-wordpress-plugins","10":"product_tag-codecanyon","11":"member-discount","12":"discount-restricted","14":"first","15":"instock","16":"sale","17":"downloadable","18":"virtual","19":"sold-individually","20":"purchasable","21":"product-type-simple"},"_links":{"self":[{"href":"https:\/\/gpl-love.com\/fr\/wp-json\/wp\/v2\/product\/119081","targetHints":{"allow":["GET"]}}],"collection":[{"href":"https:\/\/gpl-love.com\/fr\/wp-json\/wp\/v2\/product"}],"about":[{"href":"https:\/\/gpl-love.com\/fr\/wp-json\/wp\/v2\/types\/product"}],"replies":[{"embeddable":true,"href":"https:\/\/gpl-love.com\/fr\/wp-json\/wp\/v2\/comments?post=119081"}],"wp:featuredmedia":[{"embeddable":true,"href":"https:\/\/gpl-love.com\/fr\/wp-json\/wp\/v2\/media\/145158"}],"wp:attachment":[{"href":"https:\/\/gpl-love.com\/fr\/wp-json\/wp\/v2\/media?parent=119081"}],"wp:term":[{"taxonomy":"product_brand","embeddable":true,"href":"https:\/\/gpl-love.com\/fr\/wp-json\/wp\/v2\/product_brand?post=119081"},{"taxonomy":"product_cat","embeddable":true,"href":"https:\/\/gpl-love.com\/fr\/wp-json\/wp\/v2\/product_cat?post=119081"},{"taxonomy":"product_tag","embeddable":true,"href":"https:\/\/gpl-love.com\/fr\/wp-json\/wp\/v2\/product_tag?post=119081"}],"curies":[{"name":"wp","href":"https:\/\/api.w.org\/{rel}","templated":true}]}}