{"id":119068,"date":"2025-05-05T00:00:00","date_gmt":"2025-05-04T22:00:00","guid":{"rendered":"https:\/\/gpl-love.com\/fr\/produit\/bookly-mollie\/"},"modified":"2026-03-20T22:56:53","modified_gmt":"2026-03-20T21:56:53","slug":"bookly-mollie","status":"publish","type":"product","link":"https:\/\/gpl-love.com\/fr\/produit\/bookly-mollie\/","title":{"rendered":"Bookly Mollie 3.6"},"content":{"rendered":"<h3>Bookly Mollie Traits<\/h3>\n<p>Bookly Mollie, un logiciel de comptabilit\u00e9 tr\u00e8s sophistiqu\u00e9, offre une efficacit\u00e9 exceptionnelle dans la gestion des dossiers financiers pour les petites entreprises. Il poss\u00e8de une pl\u00e9thore de fonctionnalit\u00e9s conviviales qui permettent aux utilisateurs de surveiller sans effort les factures, les d\u00e9penses et les paiements en temps r\u00e9el. En outre, ce logiciel remarquable fournit des services comptables automatis\u00e9s, y compris la r\u00e9conciliation bancaire, les rapports fiscaux et la g\u00e9n\u00e9ration d&rsquo;\u00e9tats financiers complets. En utilisant un syst\u00e8me de stockage bas\u00e9 sur le cloud de pointe et une interface con\u00e7ue intuitivement, Mollie garantit la plus grande pr\u00e9cision et la s\u00e9curit\u00e9 pour toutes les donn\u00e9es stock\u00e9es. Sans aucun doute, ce logiciel est la quintessence d&rsquo;une solution id\u00e9ale pour les propri\u00e9taires d&rsquo;entreprise qui aspirent \u00e0 un moyen sans effort et fiable de g\u00e9rer efficacement leurs finances au quotidien.<\/p>\n<ul>\n<li>Solution logicielle innovante con\u00e7ue pour rationaliser les processus de planification et de r\u00e9servation<\/li>\n<li>Int\u00e9grez de mani\u00e8re transparente \u00e0 votre site Web ou application existant pour la gestion sans effort<\/li>\n<li>Fonctionne Mollie, la populaire plate-forme de paiement en ligne, pour des transactions s\u00e9curis\u00e9es et pratiques<\/li>\n<li>Accepte un large \u00e9ventail de m\u00e9thodes de paiement, y compris les cartes de cr\u00e9dit, les transferts bancaires, et plus<\/li>\n<li>Les formulaires de r\u00e9servation personnalisables vous permettent de rassembler toutes les informations n\u00e9cessaires de vos clients<\/li>\n<li>Les rappels de rendez-vous automatis\u00e9s s&rsquo;assurent que vous et vos clients restez au courant des rendez-vous \u00e0 venir<\/li>\n<li>Des outils de rapport robustes fournissent des informations en temps r\u00e9el sur les performances de votre entreprise et les tendances de la r\u00e9servation<\/li>\n<li>Les fonctionnalit\u00e9s compl\u00e8tes de gestion des clients vous permettent de suivre rapidement et facilement les informations, l&rsquo;historique et les pr\u00e9f\u00e9rences des clients<\/li>\n<li>Compatible avec une gamme d&rsquo;industries et d&rsquo;entreprises, y compris la sant\u00e9 et le bien-\u00eatre, la beaut\u00e9 et le spa, l&rsquo;\u00e9ducation et la formation, et plus<\/li>\n<li>Niveaux \u00e9lev\u00e9s de support client, y compris les tutoriels en ligne, le chat en direct et les conseils d&rsquo;experts d&rsquo;un gestionnaire de compte d\u00e9di\u00e9.<\/li>\n<\/ul>\n","protected":false},"excerpt":{"rendered":"<p>Bookly Mollie est une solution moderne con\u00e7ue pour rationaliser vos processus de r\u00e9servation et de paiement en ligne. Il s&rsquo;int\u00e8gre parfaitement au plugin Bookly Pro, offrant aux utilisateurs une interface conviviale et une passerelle de paiement s\u00e9curis\u00e9e et fiable. Avec Mollie, vous pouvez accepter un large \u00e9ventail de m\u00e9thodes de paiement, y compris les cartes de cr\u00e9dit, PayPal, et plus encore, ce qui facilite que vos clients \u00e0 payer pour vos services. Ce plugin est \u00e9galement hautement personnalisable, vous permettant d&rsquo;adapter votre processus de r\u00e9servation et de paiement en fonction des besoins de votre entreprise. En utilisant Bookly Mollie, vous pouvez am\u00e9liorer l&rsquo;exp\u00e9rience de r\u00e9servation de vos clients, am\u00e9liorer l&rsquo;efficacit\u00e9 de votre service et augmenter la croissance de votre entreprise.<\/p>\n","protected":false},"featured_media":143282,"comment_status":"open","ping_status":"open","template":"","meta":[],"product_brand":[2435],"product_cat":[1182,1401,1181],"product_tag":[1231],"class_list":{"0":"post-119068","1":"product","2":"type-product","3":"status-publish","4":"has-post-thumbnail","6":"product_brand-codecanyon","7":"product_cat-commerce-electronique-plugins","8":"product_cat-paiement-commerce-electronique-plugins","9":"product_cat-plugins","10":"product_tag-codecanyon","11":"member-discount","12":"discount-restricted","14":"first","15":"instock","16":"sale","17":"downloadable","18":"virtual","19":"sold-individually","20":"purchasable","21":"product-type-simple"},"_links":{"self":[{"href":"https:\/\/gpl-love.com\/fr\/wp-json\/wp\/v2\/product\/119068","targetHints":{"allow":["GET"]}}],"collection":[{"href":"https:\/\/gpl-love.com\/fr\/wp-json\/wp\/v2\/product"}],"about":[{"href":"https:\/\/gpl-love.com\/fr\/wp-json\/wp\/v2\/types\/product"}],"replies":[{"embeddable":true,"href":"https:\/\/gpl-love.com\/fr\/wp-json\/wp\/v2\/comments?post=119068"}],"wp:featuredmedia":[{"embeddable":true,"href":"https:\/\/gpl-love.com\/fr\/wp-json\/wp\/v2\/media\/143282"}],"wp:attachment":[{"href":"https:\/\/gpl-love.com\/fr\/wp-json\/wp\/v2\/media?parent=119068"}],"wp:term":[{"taxonomy":"product_brand","embeddable":true,"href":"https:\/\/gpl-love.com\/fr\/wp-json\/wp\/v2\/product_brand?post=119068"},{"taxonomy":"product_cat","embeddable":true,"href":"https:\/\/gpl-love.com\/fr\/wp-json\/wp\/v2\/product_cat?post=119068"},{"taxonomy":"product_tag","embeddable":true,"href":"https:\/\/gpl-love.com\/fr\/wp-json\/wp\/v2\/product_tag?post=119068"}],"curies":[{"name":"wp","href":"https:\/\/api.w.org\/{rel}","templated":true}]}}