{"id":119067,"date":"2022-01-24T00:00:00","date_gmt":"2022-01-23T23:00:00","guid":{"rendered":"https:\/\/gpl-love.com\/fr\/produit\/bookly-payson\/"},"modified":"2026-03-20T22:56:57","modified_gmt":"2026-03-20T21:56:57","slug":"bookly-payson","status":"publish","type":"product","link":"https:\/\/gpl-love.com\/fr\/produit\/bookly-payson\/","title":{"rendered":"Bookly Payson 2.8"},"content":{"rendered":"<h3>Bookly Payson Traits<\/h3>\n<p>Bookly Payson est une solution logicielle de comptabilit\u00e9 de pointe et avant-gardiste qui rationalise et optimise efficacement les processus de gestion financi\u00e8re sp\u00e9cifiquement adapt\u00e9s aux petites entreprises. Ce logiciel remarquable englobe un large \u00e9ventail de fonctionnalit\u00e9s impressionnantes, notamment, sans s&rsquo;y limiter, la facturation automatis\u00e9e, le suivi m\u00e9ticuleux des d\u00e9penses et les fonctionnalit\u00e9s compl\u00e8tes de l&rsquo;information financi\u00e8re. En tirant parti de la puissance de Bookly Payson, les utilisateurs sont habilit\u00e9s \u00e0 surveiller et \u00e0 superviser sans effort et efficacement leur classement financier en temps r\u00e9el, facilitant par la suite une approche financi\u00e8re plus rationalis\u00e9e et simplifi\u00e9e pour g\u00e9rer les op\u00e9rations commerciales critiques, facilitant la d\u00e9cision financi\u00e8re inform\u00e9e et calcul\u00e9e &#8211; Faire des processus, ainsi que la pr\u00e9paration avec diligence pour la saison fiscale souvent \u00e9prouvante. En outre, il convient de noter que cette solution logicielle exceptionnelle a \u00e9t\u00e9 m\u00e9ticuleusement con\u00e7ue pour offrir une exp\u00e9rience intuitive et conviviale, garantissant ainsi une configuration et une utilisation transparentes pour les propri\u00e9taires d&rsquo;entreprise. En fin de compte, Bookly Payson appara\u00eet comme une solution de comptabilit\u00e9 globale et globale qui am\u00e9liore et \u00e9l\u00e8ve avec succ\u00e8s les domaines de la gestion financi\u00e8re et de la transparence des petites entreprises d&rsquo;une mani\u00e8re in\u00e9gal\u00e9e et in\u00e9gal\u00e9e.<\/p>\n<ul>\n<li>Solution de paiement conviviale et efficace pour les services de comptabilit\u00e9<\/li>\n<li>Traitement des paiements rationalis\u00e9s pour les clients<\/li>\n<li>Traitement des paiements s\u00e9curis\u00e9s avec la conformit\u00e9 PCI DSS<\/li>\n<li>Int\u00e9gration avec les principales passerelles de paiement comme PayPal et Stripe<\/li>\n<li>Fonctionnalit\u00e9s avanc\u00e9es comme les paiements r\u00e9currents et les formulaires de paiement personnalisables<\/li>\n<li>G\u00e9n\u00e9ration automatis\u00e9e de facturation et de r\u00e9ception pour une tenue de dossiers facile<\/li>\n<li>Suivi et rapport de paiement en temps r\u00e9el pour une gestion financi\u00e8re facile<\/li>\n<li>Support client et assistance personnalis\u00e9 pour la configuration et la personnalisation<\/li>\n<li>Plans de prix abordables pour les entreprises de toutes tailles<\/li>\n<li>Compatible avec les autres solutions de comptabilit\u00e9 de Bookly pour la gestion financi\u00e8re \u00e0 service complet.<\/li>\n<\/ul>\n","protected":false},"excerpt":{"rendered":"<p>Bookly Payson est une solution fiable, conviviale et polyvalente pour g\u00e9rer tous vos besoins de paiement. Il s&rsquo;agit d&rsquo;un outil innovant qui simplifie les transactions en int\u00e9grant de mani\u00e8re transparente avec vos op\u00e9rations commerciales. Bookly Payson propose une gamme de fonctionnalit\u00e9s telles que le traitement s\u00e9curis\u00e9 des paiements, le suivi en temps r\u00e9el et la configuration simple. Il est con\u00e7u non seulement pour rationaliser vos transactions commerciales, mais aussi pour am\u00e9liorer l&rsquo;exp\u00e9rience de paiement de vos clients. La passerelle de paiement fiable garantit des transactions s\u00e9curis\u00e9es, donnant \u00e0 vos clients la tranquillit\u00e9 d&rsquo;esprit lors de la transaction avec vous. Avec Bookly Payson, vous obtenez un suivi en temps r\u00e9el qui vous permet de surveiller les paiements au fur et \u00e0 mesure, assurant la transparence et la responsabilit\u00e9. La configuration simple de ce syst\u00e8me signifie que vous pouvez facilement l&rsquo;int\u00e9grer dans votre entreprise sans aucun obstacle technique. Choisissez Bookly Payson aujourd&rsquo;hui pour une solution de paiement fluide, s\u00e9curis\u00e9e et efficace.<\/p>\n","protected":false},"featured_media":143286,"comment_status":"open","ping_status":"open","template":"","meta":[],"product_brand":[2435],"product_cat":[1182,1401,1181],"product_tag":[1231],"class_list":{"0":"post-119067","1":"product","2":"type-product","3":"status-publish","4":"has-post-thumbnail","6":"product_brand-codecanyon","7":"product_cat-commerce-electronique-plugins","8":"product_cat-paiement-commerce-electronique-plugins","9":"product_cat-plugins","10":"product_tag-codecanyon","11":"member-discount","12":"discount-restricted","14":"first","15":"instock","16":"sale","17":"downloadable","18":"virtual","19":"sold-individually","20":"purchasable","21":"product-type-simple"},"_links":{"self":[{"href":"https:\/\/gpl-love.com\/fr\/wp-json\/wp\/v2\/product\/119067","targetHints":{"allow":["GET"]}}],"collection":[{"href":"https:\/\/gpl-love.com\/fr\/wp-json\/wp\/v2\/product"}],"about":[{"href":"https:\/\/gpl-love.com\/fr\/wp-json\/wp\/v2\/types\/product"}],"replies":[{"embeddable":true,"href":"https:\/\/gpl-love.com\/fr\/wp-json\/wp\/v2\/comments?post=119067"}],"wp:featuredmedia":[{"embeddable":true,"href":"https:\/\/gpl-love.com\/fr\/wp-json\/wp\/v2\/media\/143286"}],"wp:attachment":[{"href":"https:\/\/gpl-love.com\/fr\/wp-json\/wp\/v2\/media?parent=119067"}],"wp:term":[{"taxonomy":"product_brand","embeddable":true,"href":"https:\/\/gpl-love.com\/fr\/wp-json\/wp\/v2\/product_brand?post=119067"},{"taxonomy":"product_cat","embeddable":true,"href":"https:\/\/gpl-love.com\/fr\/wp-json\/wp\/v2\/product_cat?post=119067"},{"taxonomy":"product_tag","embeddable":true,"href":"https:\/\/gpl-love.com\/fr\/wp-json\/wp\/v2\/product_tag?post=119067"}],"curies":[{"name":"wp","href":"https:\/\/api.w.org\/{rel}","templated":true}]}}