{"id":119065,"date":"2025-04-11T00:00:00","date_gmt":"2025-04-10T22:00:00","guid":{"rendered":"https:\/\/gpl-love.com\/fr\/produit\/gamipress-easy-digital-downloads-discounts\/"},"modified":"2026-03-20T23:06:57","modified_gmt":"2026-03-20T22:06:57","slug":"gamipress-easy-digital-downloads-discounts","status":"publish","type":"product","link":"https:\/\/gpl-love.com\/fr\/produit\/gamipress-easy-digital-downloads-discounts\/","title":{"rendered":"GamiPress Easy Digital Downloads Discounts 1.1.0"},"content":{"rendered":"<h3>GamiPress Easy Digital Downloads Discounts Traits<\/h3>\n<p>Gamipress Easy Digital Downloads Ritules est un plugin tr\u00e8s innovant et de pointe qui a \u00e9t\u00e9 complexe et m\u00e9ticuleusement d\u00e9velopp\u00e9 pour r\u00e9pondre aux besoins des utilisateurs qui souhaitent optimiser et rationaliser leurs remises de t\u00e9l\u00e9chargements num\u00e9riques. Ce plugin ph\u00e9nom\u00e9nal se vante d&rsquo;une interface incroyablement conviviale et intuitive qui permet aux utilisateurs, quelle que soit leur comp\u00e9tence de codage, pour \u00e9tablir et personnaliser sans effort leurs remises. Surtout, ce plugin a \u00e9t\u00e9 int\u00e9gr\u00e9 de mani\u00e8re transparente \u00e0 la plate-forme Easy Digital Downloads, permettant ainsi aux utilisateurs de la capacit\u00e9 in\u00e9gal\u00e9e pour fabriquer et administrer sans effort des r\u00e9ductions pour leurs produits num\u00e9riques. Comme si cela n&rsquo;\u00e9tait pas d\u00e9j\u00e0 assez impressionnant, Gamipress Easy Digital Downloads Ritules pr\u00e9sente \u00e9galement les utilisateurs avec une gamme compl\u00e8te et compl\u00e8te d&rsquo;options de personnalisation, leur permettant ainsi de configurer astucieusement des remises pr\u00e9dict\u00e9es sur une pl\u00e9thore de crit\u00e8res, y compris mais sans s&rsquo;y limiter la cat\u00e9gorie de produits ou r\u00f4le d&rsquo;utilisateur. En exploitant la puissance et l&rsquo;efficacit\u00e9 remarquables de ce plugin, les utilisateurs peuvent catalyser efficacement leurs ventes, engendrer la fid\u00e9lisation des clients et, finalement, augmenter leurs revenus globaux en offrant des remises m\u00e9ticuleusement adapt\u00e9es, efficaces et cibl\u00e9es.<\/p>\n<ul>\n<li>Fournit une gestion de r\u00e9duction facile pour les t\u00e9l\u00e9chargements num\u00e9riques dans Gamipress<\/li>\n<li>Permet d&rsquo;appliquer des remises en fonction des r\u00f4les et des r\u00e9alisations des utilisateurs<\/li>\n<li>Offre une interface conviviale pour la configuration et la gestion des remises<\/li>\n<li>S&rsquo;int\u00e8gre enti\u00e8rement \u00e0 Gamipress, assurer un fonctionnement transparent avec votre syst\u00e8me de gamification<\/li>\n<li>Prend en charge une vari\u00e9t\u00e9 de types de rabais, y compris le pourcentage et les remises \u00e0 prix fixe<\/li>\n<li>Peut \u00eatre utilis\u00e9 conjointement avec d&rsquo;autres modules compl\u00e9mentaires Gamipress pour des options de personnalisation encore plus importantes<\/li>\n<li>Ne n\u00e9cessite aucune connaissance de codage, ce qui le rend accessible aux utilisateurs de tous les niveaux de comp\u00e9tence<\/li>\n<li>R\u00e9guli\u00e8rement mis \u00e0 jour et pris en charge par l&rsquo;\u00e9quipe Gamipress pour assurer des performances et une compatibilit\u00e9 optimales avec les derni\u00e8res versions de WordPress et des t\u00e9l\u00e9chargements num\u00e9riques faciles.<\/li>\n<\/ul>\n","protected":false},"excerpt":{"rendered":"<p>Le plugin Gamipress Easy Digital Downloads Ritules, un outil tr\u00e8s robuste con\u00e7u pour am\u00e9liorer la g\u00e9n\u00e9ration de revenus et le contentement des consommateurs des marchands en ligne, englobe une gamme diversifi\u00e9e d&rsquo;alternatives de r\u00e9duction pour les clients qui procurent des marchandises \u00e0 partir de votre emporium virtuel, englobant des d\u00e9ductions de montants bas\u00e9es sur le pourcentage ou fixe, R\u00e9ductions sp\u00e9cifiques au temps et remises conditionnelles subordonn\u00e9es lors des chroniques d&rsquo;achat ou des classifications des utilisateurs. Incorporant de mani\u00e8re transparente avec la plate-forme EDD, le processus d&rsquo;installation et d&rsquo;administration des remises a \u00e9t\u00e9 simplifi\u00e9 dans une mesure sans pr\u00e9c\u00e9dent. Affichez-vous des chiffres de vente amplifi\u00e9s et favorisez la satisfaction de votre client\u00e8le en capitalisant sur le plugin Gamipress Easy Digital Downloads Ritules.<\/p>\n","protected":false},"featured_media":143942,"comment_status":"open","ping_status":"open","template":"","meta":[],"product_brand":[2557],"product_cat":[1182,1223,1181],"product_tag":[2247],"class_list":{"0":"post-119065","1":"product","2":"type-product","3":"status-publish","4":"has-post-thumbnail","6":"product_brand-gami-press","7":"product_cat-commerce-electronique-plugins","8":"product_cat-personnalisation-commerce-electronique-plugins","9":"product_cat-plugins","10":"product_tag-gami-press","11":"member-discount","12":"discount-restricted","14":"first","15":"instock","16":"sale","17":"downloadable","18":"virtual","19":"sold-individually","20":"purchasable","21":"product-type-simple"},"_links":{"self":[{"href":"https:\/\/gpl-love.com\/fr\/wp-json\/wp\/v2\/product\/119065","targetHints":{"allow":["GET"]}}],"collection":[{"href":"https:\/\/gpl-love.com\/fr\/wp-json\/wp\/v2\/product"}],"about":[{"href":"https:\/\/gpl-love.com\/fr\/wp-json\/wp\/v2\/types\/product"}],"replies":[{"embeddable":true,"href":"https:\/\/gpl-love.com\/fr\/wp-json\/wp\/v2\/comments?post=119065"}],"wp:featuredmedia":[{"embeddable":true,"href":"https:\/\/gpl-love.com\/fr\/wp-json\/wp\/v2\/media\/143942"}],"wp:attachment":[{"href":"https:\/\/gpl-love.com\/fr\/wp-json\/wp\/v2\/media?parent=119065"}],"wp:term":[{"taxonomy":"product_brand","embeddable":true,"href":"https:\/\/gpl-love.com\/fr\/wp-json\/wp\/v2\/product_brand?post=119065"},{"taxonomy":"product_cat","embeddable":true,"href":"https:\/\/gpl-love.com\/fr\/wp-json\/wp\/v2\/product_cat?post=119065"},{"taxonomy":"product_tag","embeddable":true,"href":"https:\/\/gpl-love.com\/fr\/wp-json\/wp\/v2\/product_tag?post=119065"}],"curies":[{"name":"wp","href":"https:\/\/api.w.org\/{rel}","templated":true}]}}