{"id":119063,"date":"2024-08-20T00:00:00","date_gmt":"2024-08-19T22:00:00","guid":{"rendered":"https:\/\/gpl-love.com\/fr\/produit\/meta-box-columns\/"},"modified":"2026-04-10T18:31:24","modified_gmt":"2026-04-10T16:31:24","slug":"meta-box-columns","status":"publish","type":"product","link":"https:\/\/gpl-love.com\/fr\/produit\/meta-box-columns\/","title":{"rendered":"Meta Box Columns 1.2.16"},"content":{"rendered":"<h3>Meta Box Columns Traits<\/h3>\n<p>Meta Box Colonnes est un plugin exceptionnellement robuste et polyvalent qui vous accorde la possibilit\u00e9 de g\u00e9n\u00e9rer et de personnaliser sans effort des colonnes personnalis\u00e9es pour votre site Web WordPress estim\u00e9. Ce plugin ph\u00e9nom\u00e9nal vous donne la capacit\u00e9 de pr\u00e9senter des donn\u00e9es sur mesure dans un format compr\u00e9hensible m\u00e9ticuleusement organis\u00e9 et sans effort. Que votre objectif soit de pr\u00e9senter de mani\u00e8re approfondie des champs personnalis\u00e9s, des taxonomies ou des types de publication, les colonnes Meta Box sont une solution exemplaire qui d\u00e9passera vos attentes. Ce plugin extraordinaire fournit non seulement une large gamme d&rsquo;options de personnalisation pour la conception et l&rsquo;esth\u00e9tique de vos colonnes, mais il poss\u00e8de \u00e9galement un \u00e9ventail de fonctionnalit\u00e9s remarquables telles que le filtrage et le tri, ce qui le rend un outil indispensable pour tout propri\u00e9taire de site Web exigeant ou d\u00e9veloppeur Knowledgeable. Si vous vous trouvez \u00e0 la recherche d&rsquo;un moyen efficace d&rsquo;afficher \u00e9loquemment vos donn\u00e9es pr\u00e9cieuses de mani\u00e8re plus m\u00e9thodique et rapide, ne cherchez pas plus loin que la solution remarquable qui est des colonnes de m\u00e9ta-bo\u00eete.<\/p>\n<ul>\n<li>Un plugin con\u00e7u pour am\u00e9liorer la fonctionnalit\u00e9 des m\u00e9taboxes WordPress<\/li>\n<li>Permet la cr\u00e9ation de dispositions de colonnes personnalis\u00e9es pour les m\u00e9taboxes<\/li>\n<li>Fournit une interface glisser-d\u00e9poser pour la conception de ces dispositions personnalis\u00e9es<\/li>\n<li>Prend en charge les largeurs de colonnes fixes et r\u00e9actives<\/li>\n<li>Permet l&rsquo;ajout de classes CSS personnalis\u00e9es \u00e0 des colonnes individuelles ou \u00e0 des dispositions enti\u00e8res<\/li>\n<li>Compatible avec tous les types de m\u00e9tabox WordPress standard, y compris les \u00e9diteurs de publication et de page, les types de publication personnalis\u00e9s, et plus encore<\/li>\n<li>Peut \u00eatre utilis\u00e9 pour les m\u00e9taboxes frontaux et back-end<\/li>\n<li>Gave le temps et r\u00e9duit la frustration en rationalisant le processus de mise en page Metabox<\/li>\n<li>Hautement personnalisable pour r\u00e9pondre aux besoins de tout site ou projet WordPress<\/li>\n<li>Mis \u00e0 jour et pris en charge en continu pour assurer la compatibilit\u00e9 avec les derni\u00e8res versions WordPress<\/li>\n<\/ul>\n","protected":false},"excerpt":{"rendered":"<p>Meta Box Columns, un plugin WordPress tr\u00e8s robuste, offre aux utilisateurs la capacit\u00e9 remarquable pour g\u00e9n\u00e9rer sans effort des colonnes personnalis\u00e9es pour leurs publications, pages et types de publication personnalis\u00e9s suppl\u00e9mentaires. En utilisant ce plugin exceptionnel, les individus sont en mesure de pr\u00e9senter toutes les m\u00e9tadonn\u00e9es li\u00e9es \u00e0 leur contenu dans une disposition conviviale et compr\u00e9hensible, facilitant ainsi la navigation transparente de leurs visiteurs vers leurs informations souhait\u00e9es. Que son objectif implique la cr\u00e9ation de colonnes personnalis\u00e9es relatives aux dates, aux noms d&rsquo;auteur, aux champs personnalis\u00e9s ou \u00e0 tout autre \u00e9l\u00e9ment concevable, les colonnes Meta Box incroyablement polyvalentes sont enti\u00e8rement \u00e9quip\u00e9es pour r\u00e9pondre \u00e0 ces diverses exigences. Par cons\u00e9quent, pourquoi retarder davantage? Embrassez les innombrables possibilit\u00e9s des colonnes de m\u00e9ta-box en l&rsquo;acqu\u00e9rant aujourd&rsquo;hui et \u00e9levez la qualit\u00e9 de votre contenu \u00e0 des hauteurs sans pr\u00e9c\u00e9dent!<\/p>\n","protected":false},"featured_media":144531,"comment_status":"open","ping_status":"open","template":"","meta":[],"product_brand":[2593],"product_cat":[1189,1181,1186],"product_tag":[2266],"class_list":{"0":"post-119063","1":"product","2":"type-product","3":"status-publish","4":"has-post-thumbnail","6":"product_brand-meta-box","7":"product_cat-personnalisation","8":"product_cat-plugins","9":"product_cat-wordpress-plugins","10":"product_tag-meta-box","11":"member-discount","12":"discount-restricted","14":"first","15":"instock","16":"sale","17":"downloadable","18":"virtual","19":"sold-individually","20":"purchasable","21":"product-type-simple"},"_links":{"self":[{"href":"https:\/\/gpl-love.com\/fr\/wp-json\/wp\/v2\/product\/119063","targetHints":{"allow":["GET"]}}],"collection":[{"href":"https:\/\/gpl-love.com\/fr\/wp-json\/wp\/v2\/product"}],"about":[{"href":"https:\/\/gpl-love.com\/fr\/wp-json\/wp\/v2\/types\/product"}],"replies":[{"embeddable":true,"href":"https:\/\/gpl-love.com\/fr\/wp-json\/wp\/v2\/comments?post=119063"}],"wp:featuredmedia":[{"embeddable":true,"href":"https:\/\/gpl-love.com\/fr\/wp-json\/wp\/v2\/media\/144531"}],"wp:attachment":[{"href":"https:\/\/gpl-love.com\/fr\/wp-json\/wp\/v2\/media?parent=119063"}],"wp:term":[{"taxonomy":"product_brand","embeddable":true,"href":"https:\/\/gpl-love.com\/fr\/wp-json\/wp\/v2\/product_brand?post=119063"},{"taxonomy":"product_cat","embeddable":true,"href":"https:\/\/gpl-love.com\/fr\/wp-json\/wp\/v2\/product_cat?post=119063"},{"taxonomy":"product_tag","embeddable":true,"href":"https:\/\/gpl-love.com\/fr\/wp-json\/wp\/v2\/product_tag?post=119063"}],"curies":[{"name":"wp","href":"https:\/\/api.w.org\/{rel}","templated":true}]}}