{"id":119061,"date":"2023-02-22T00:00:00","date_gmt":"2023-02-21T23:00:00","guid":{"rendered":"https:\/\/gpl-love.com\/fr\/produit\/amp-comments\/"},"modified":"2026-03-20T22:54:30","modified_gmt":"2026-03-20T21:54:30","slug":"amp-comments","status":"publish","type":"product","link":"https:\/\/gpl-love.com\/fr\/produit\/amp-comments\/","title":{"rendered":"AMP Comments 2.7.15"},"content":{"rendered":"<h3>AMP Comments Traits<\/h3>\n<p>L&rsquo;outil de commentaires AMP sert de moyen tr\u00e8s efficace pour que les propri\u00e9taires de sites Web s&rsquo;engagent activement avec leur public, leur accordant la possibilit\u00e9 de partager leurs pens\u00e9es et leurs opinions concernant le contenu du site Web d&rsquo;une mani\u00e8re \u00e0 la fois rapide et sans effort. En utilisant cet outil, les propri\u00e9taires de sites Web peuvent int\u00e9grer de mani\u00e8re transparente un syst\u00e8me de commentaires dans leurs pages d&rsquo;ampli, tout en veillant \u00e0 ce que la vitesse de chargement de leur site Web ne soit pas affect\u00e9e. Craft avec une approche centr\u00e9e sur l&rsquo;utilisateur \u00e0 l&rsquo;esprit, les commentaires AMP poss\u00e8dent une interface non seulement intuitive, mais \u00e9galement enti\u00e8rement personnalisable, facilitant ainsi la mod\u00e9ration de la facilit\u00e9 de commentaires et la gestion de l&rsquo;interaction d&rsquo;audience pour les propri\u00e9taires de sites Web. En utilisant cet outil, les propri\u00e9taires de sites Web ont une autorit\u00e9 accrue sur le contenu de leur site Web, en plus de la cr\u00e9ation d&rsquo;une plate-forme qui favorise une communaut\u00e9 d\u00e9vou\u00e9e centr\u00e9e sur leur marque. En substance, les commentaires AMP repr\u00e9sentent la solution id\u00e9ale pour les propri\u00e9taires de sites Web qui cherchent \u00e0 fortifier leurs niveaux d&rsquo;engagement et \u00e0 cultiver une exp\u00e9rience interactive pour leur public.<\/p>\n<ul>\n<li>Engagement accru: encourage les utilisateurs \u00e0 laisser des commentaires, conduisant \u00e0 plus d&rsquo;engagement et d&rsquo;interaction sur votre site Web ou blog.<\/li>\n<li>Options de personnalisation: vous permet de personnaliser l&rsquo;apparence de la section des commentaires pour correspondre \u00e0 la marque et au style de votre site Web.<\/li>\n<li>Mises \u00e0 jour en temps r\u00e9el: les commentaires apparaissent instantan\u00e9ment, conduisant \u00e0 une exp\u00e9rience utilisateur plus dynamique et plus engageante.<\/li>\n<li>Protection du spam: comprend la protection int\u00e9gr\u00e9e du spam pour emp\u00eacher les commentaires ind\u00e9sirables et maintenir la qualit\u00e9 des discussions sur votre site Web.<\/li>\n<li>Interface conviviale: interface intuitive et facile \u00e0 utiliser permet aux utilisateurs de laisser rapidement et facilement des commentaires et de s&rsquo;engager avec d&rsquo;autres.<\/li>\n<li>S&rsquo;int\u00e8gre \u00e0 AMP: con\u00e7u sp\u00e9cifiquement pour les pages AMP pour assurer une int\u00e9gration transparente et une exp\u00e9rience utilisateur plus rapide.<\/li>\n<li>SEO am\u00e9lior\u00e9: le contenu g\u00e9n\u00e9r\u00e9 par les utilisateurs tels que les commentaires peut am\u00e9liorer votre r\u00e9f\u00e9rencement en ajoutant du contenu plus pertinent \u00e0 vos pages.<\/li>\n<li>Outils de mod\u00e9ration: les outils de mod\u00e9ration int\u00e9gr\u00e9s vous permettent de g\u00e9rer les commentaires et de vous assurer que les discussions restent respectueuses et appropri\u00e9es.<\/li>\n<\/ul>\n","protected":false},"excerpt":{"rendered":"<p>AMP Commentaires est un plugin innovant qui maximise le potentiel de votre site Web. Il propose une plate-forme transparente et conviviale pour les visiteurs pour engager, interagir et partager leurs pens\u00e9es et leurs id\u00e9es. Avec sa technologie de premier ordre, il amplifie la fonctionnalit\u00e9 de votre site Web en permettant des commentaires pr\u00eats \u00e0 AMP. Cette fonctionnalit\u00e9 permet un chargement rapide, garantissant que vos visiteurs ne seront pas laiss\u00e9s en attente. Non seulement cela stimule l&rsquo;engagement des utilisateurs, mais il augmente \u00e9galement la valeur de votre site Web dans le paysage commercial ax\u00e9 sur le num\u00e9rique d&rsquo;aujourd&rsquo;hui. Avec les commentaires AMP, vous pouvez assurer une interaction fluide et dynamique avec votre public, favoriser une meilleure connexion et am\u00e9liorer la satisfaction du client.<\/p>\n","protected":false},"featured_media":143122,"comment_status":"open","ping_status":"open","template":"","meta":[],"product_brand":[2447],"product_cat":[1189,1181,1186],"product_tag":[2279],"class_list":{"0":"post-119061","1":"product","2":"type-product","3":"status-publish","4":"has-post-thumbnail","6":"product_brand-amp-wp","7":"product_cat-personnalisation","8":"product_cat-plugins","9":"product_cat-wordpress-plugins","10":"product_tag-amp-wp","11":"member-discount","12":"discount-restricted","14":"first","15":"instock","16":"sale","17":"downloadable","18":"virtual","19":"sold-individually","20":"purchasable","21":"product-type-simple"},"_links":{"self":[{"href":"https:\/\/gpl-love.com\/fr\/wp-json\/wp\/v2\/product\/119061","targetHints":{"allow":["GET"]}}],"collection":[{"href":"https:\/\/gpl-love.com\/fr\/wp-json\/wp\/v2\/product"}],"about":[{"href":"https:\/\/gpl-love.com\/fr\/wp-json\/wp\/v2\/types\/product"}],"replies":[{"embeddable":true,"href":"https:\/\/gpl-love.com\/fr\/wp-json\/wp\/v2\/comments?post=119061"}],"wp:featuredmedia":[{"embeddable":true,"href":"https:\/\/gpl-love.com\/fr\/wp-json\/wp\/v2\/media\/143122"}],"wp:attachment":[{"href":"https:\/\/gpl-love.com\/fr\/wp-json\/wp\/v2\/media?parent=119061"}],"wp:term":[{"taxonomy":"product_brand","embeddable":true,"href":"https:\/\/gpl-love.com\/fr\/wp-json\/wp\/v2\/product_brand?post=119061"},{"taxonomy":"product_cat","embeddable":true,"href":"https:\/\/gpl-love.com\/fr\/wp-json\/wp\/v2\/product_cat?post=119061"},{"taxonomy":"product_tag","embeddable":true,"href":"https:\/\/gpl-love.com\/fr\/wp-json\/wp\/v2\/product_tag?post=119061"}],"curies":[{"name":"wp","href":"https:\/\/api.w.org\/{rel}","templated":true}]}}