{"id":119059,"date":"2025-10-09T00:00:00","date_gmt":"2025-10-08T22:00:00","guid":{"rendered":"https:\/\/gpl-love.com\/fr\/produit\/meta-box-frontend-submission\/"},"modified":"2026-04-10T18:31:24","modified_gmt":"2026-04-10T16:31:24","slug":"meta-box-frontend-submission","status":"publish","type":"product","link":"https:\/\/gpl-love.com\/fr\/produit\/meta-box-frontend-submission\/","title":{"rendered":"Meta Box Frontend Submission 4.5.5"},"content":{"rendered":"<h3>Meta Box Frontend Submission Traits<\/h3>\n<p>La soumission de Meta Box Frontend est un plugin WordPress tr\u00e8s convivial et intuitif qui sert \u00e0 permettre aux visiteurs du site Web de soumettre facilement et de mani\u00e8re transparente le contenu souhait\u00e9 directement \u00e0 partir de l&rsquo;interface frontale d&rsquo;un site Web. Ce plugin remarquable permet aux utilisateurs de leur fournir la possibilit\u00e9 de g\u00e9n\u00e9rer et de personnaliser sans effort un large \u00e9ventail de formulaires personnalis\u00e9s, avec une large gamme d&rsquo;options de champ, y compris, mais sans s&rsquo;y limiter allouer et attribuer sans effort ces formulaires \u00e0 des types de publication sp\u00e9cifiques. En plus de ces fonctionnalit\u00e9s incroyables, le plugin poss\u00e8de \u00e9galement une pl\u00e9thore de fonctionnalit\u00e9s avanc\u00e9es, telles que la logique conditionnelle, les r\u00e8gles de validation et les m\u00e9canismes complets de protection des spams, garantissant ainsi que le seul contenu pertinent et valide est soumis au syst\u00e8me. De plus, le plugin am\u00e9liore en outre l&rsquo;exp\u00e9rience utilisateur globale en offrant des processus d&rsquo;examen et d&rsquo;approbation de contenu robustes, garantissant ainsi que les administrateurs conservent un contr\u00f4le et une autorit\u00e9 totaux sur le contenu qui est finalement publi\u00e9 sur leur site Web. Par cons\u00e9quent, il devient clairement clair que la soumission de Meta Box Frontend propose des sites Web exceptionnels et in\u00e9gal\u00e9s, ce qui les permettant ainsi de s&rsquo;engager activement avec leur public et de favoriser activement la capacit\u00e9 de leur public \u00e0 contribuer et \u00e0 participer au processus de cr\u00e9ation de contenu dynamique qui se d\u00e9roule sur la place sur la place de la cr\u00e9ation de la cr\u00e9ation de contenu qui se d\u00e9roule sur la place sur la place sur la place de la cr\u00e9ation de la cr\u00e9ation de contenu dynamique qui se d\u00e9roule sur la place sur la place sur la place de la cr\u00e9ation de la cr\u00e9ation de contenus qui se d\u00e9roule sur la place sur la place sur la place de la cr\u00e9ation de la cr\u00e9ation de contenus qui se d\u00e9roule sur la place sur la place de la cr\u00e9ation de la cr\u00e9ation de contenus qui se d\u00e9roule sur la place sur la place sur la place de la cr\u00e9ation de la cr\u00e9ation qui se d\u00e9roule sur la place de la cr\u00e9ation de la cr\u00e9ation de contenus qui se d\u00e9roule sur la place sur la place de la cr\u00e9ation de la cr\u00e9ation de contenus. placer.<\/p>\n<ul>\n<li>Permet aux utilisateurs de cr\u00e9er et de soumettre du contenu \u00e0 partir du frontend de votre site Web<\/li>\n<li>Formulaires de soumission enti\u00e8rement personnalisables pour correspondre \u00e0 la conception de votre site Web<\/li>\n<li>Option pour restreindre les soumissions aux utilisateurs connect\u00e9s uniquement<\/li>\n<li>Capacit\u00e9 \u00e0 d\u00e9finir des exigences de soumission telles que les t\u00e9l\u00e9chargements d&rsquo;image ou les champs requis<\/li>\n<li>Prend en charge plusieurs types de contenu, y compris les publications, les pages et les types de messages personnalis\u00e9s<\/li>\n<li>Notifications envoy\u00e9es \u00e0 l&rsquo;administrateur ou \u00e0 l&rsquo;utilisateur sur une soumission r\u00e9ussie<\/li>\n<li>Interface utilisateur simple et intuitive pour une cr\u00e9ation et une soumission de contenu faciles<\/li>\n<li>Compatibilit\u00e9 avec les constructeurs de pages populaires et les th\u00e8mes WordPress<\/li>\n<li>D\u00e9veloppement convivial avec les crochets et les filtres pour la personnalisation<\/li>\n<li>Mises \u00e0 jour r\u00e9guli\u00e8res et soutien de l&rsquo;\u00e9quipe de plugin.<\/li>\n<\/ul>\n","protected":false},"excerpt":{"rendered":"<p>La soumission Meta Box Frontend est un plugin remarquablement convivial et con\u00e7u intuitivement qui permet aux utilisateurs de mani\u00e8re transparente de soumettre sans effort leur contenu pr\u00e9cieux directement \u00e0 votre site Web estim\u00e9 depuis le front-end. This exceptional plugin empowers your esteemed visitors to seamlessly generate and curate novel posts, elegantly upload various media files, and subsequently tender them for meticulous review, all in a hassle-free manner directly from the enticing and conveniently accessible front-end forms of your cherished site Internet. Cette solution ing\u00e9nieuse est un paradigme absolu de perfection pour les entreprises estim\u00e9es et les blogs estim\u00e9s qui souhaitent ardemment fournir \u00e0 leurs visiteurs pr\u00e9cieux une avenue extr\u00eamement pratique et sans probl\u00e8me pour soumettre leur contenu pr\u00e9cieux, tout en \u00e9vitant la n\u00e9cessit\u00e9 de conf\u00e9rer un acc\u00e8s au backend \u00e0 leurs estimes site Internet. En outre, il est \u00e0 noter que ce plugin remarquable est impr\u00e9gn\u00e9 d&rsquo;un niveau louable de personnalisabilit\u00e9 et d&rsquo;adaptabilit\u00e9 in\u00e9branlables, ce qui le rend un jeu d&rsquo;enfant absolu \u00e0 utiliser et \u00e0 s&rsquo;int\u00e9grer parfaitement sans effort dans le cadre complexe de votre th\u00e8me WordPress illustre et pr\u00e9existant.<\/p>\n","protected":false},"featured_media":144532,"comment_status":"open","ping_status":"open","template":"","meta":[],"product_brand":[2593],"product_cat":[1189,1181,1186],"product_tag":[2266],"class_list":{"0":"post-119059","1":"product","2":"type-product","3":"status-publish","4":"has-post-thumbnail","6":"product_brand-meta-box","7":"product_cat-personnalisation","8":"product_cat-plugins","9":"product_cat-wordpress-plugins","10":"product_tag-meta-box","11":"member-discount","12":"discount-restricted","14":"first","15":"instock","16":"sale","17":"downloadable","18":"virtual","19":"sold-individually","20":"purchasable","21":"product-type-simple"},"_links":{"self":[{"href":"https:\/\/gpl-love.com\/fr\/wp-json\/wp\/v2\/product\/119059","targetHints":{"allow":["GET"]}}],"collection":[{"href":"https:\/\/gpl-love.com\/fr\/wp-json\/wp\/v2\/product"}],"about":[{"href":"https:\/\/gpl-love.com\/fr\/wp-json\/wp\/v2\/types\/product"}],"replies":[{"embeddable":true,"href":"https:\/\/gpl-love.com\/fr\/wp-json\/wp\/v2\/comments?post=119059"}],"wp:featuredmedia":[{"embeddable":true,"href":"https:\/\/gpl-love.com\/fr\/wp-json\/wp\/v2\/media\/144532"}],"wp:attachment":[{"href":"https:\/\/gpl-love.com\/fr\/wp-json\/wp\/v2\/media?parent=119059"}],"wp:term":[{"taxonomy":"product_brand","embeddable":true,"href":"https:\/\/gpl-love.com\/fr\/wp-json\/wp\/v2\/product_brand?post=119059"},{"taxonomy":"product_cat","embeddable":true,"href":"https:\/\/gpl-love.com\/fr\/wp-json\/wp\/v2\/product_cat?post=119059"},{"taxonomy":"product_tag","embeddable":true,"href":"https:\/\/gpl-love.com\/fr\/wp-json\/wp\/v2\/product_tag?post=119059"}],"curies":[{"name":"wp","href":"https:\/\/api.w.org\/{rel}","templated":true}]}}