{"id":119055,"date":"2025-09-19T00:00:00","date_gmt":"2025-09-18T22:00:00","guid":{"rendered":"https:\/\/gpl-love.com\/fr\/produit\/meta-box-tabs\/"},"modified":"2026-04-10T18:31:26","modified_gmt":"2026-04-10T16:31:26","slug":"meta-box-tabs","status":"publish","type":"product","link":"https:\/\/gpl-love.com\/fr\/produit\/meta-box-tabs\/","title":{"rendered":"Meta Box Tabs 1.2.1"},"content":{"rendered":"<h3>Meta Box Tabs Traits<\/h3>\n<p>Meta Box Tabs est un plugin tr\u00e8s puissant et flexible sp\u00e9cialement con\u00e7u pour WordPress, qui vous donne la possibilit\u00e9 de g\u00e9n\u00e9rer sans effort des onglets personnalis\u00e9s pour vos m\u00e9ta-box. En impl\u00e9mentant ce plugin, vous pouvez classer efficacement vos champs de m\u00e9ta-box en onglets, facilitant finalement la navigation et l&rsquo;utilisation pratique pour vos utilisateurs concernant vos m\u00e9ta-box personnalis\u00e9s. Le plugin des onglets Meta Box a \u00e9t\u00e9 d\u00e9velopp\u00e9 de mani\u00e8re complexe pour vous int\u00e9grer de mani\u00e8re transparente au plugin Meta Box extr\u00eamement populaire, vous permettant ainsi d&rsquo;ajouter sans effort les onglets \u00e0 vos m\u00e9ta-bo\u00eetes pr\u00e9existantes. Que vous soyez absorb\u00e9 par la cr\u00e9ation de types de publiques personnalis\u00e9es, de champs personnalis\u00e9s ou de taxonomies personnalis\u00e9es, la fonctionnalit\u00e9 remarquable des onglets Meta Box facilite consid\u00e9rablement l&rsquo;organisation de contenu et optimise consid\u00e9rablement votre flux de travail. Am\u00e9liorant davantage son efficacit\u00e9, Meta Box Tabs est \u00e9quip\u00e9 d&rsquo;une vaste gamme d&rsquo;options de personnalisation et d\u00e9gage une abondance de fonctionnalit\u00e9s puissantes, ce qui le rend la solution ultime pour r\u00e9pondre aux besoins distinctifs de tout site WordPress, en particulier ceux n\u00e9cessitant l&rsquo;incorporation transparente des onglets personnalis\u00e9s dans leurs m\u00e9ta-bo\u00eetes.<\/p>\n<ul>\n<li>Am\u00e9liore la fonctionnalit\u00e9 de votre site Web WordPress en ajoutant des onglets personnalisables \u00e0 vos m\u00e9ta-box<\/li>\n<li>Permet aux utilisateurs de naviguer facilement et de visualiser les informations dans les m\u00e9ta-box, rationaliser leur exp\u00e9rience utilisateur<\/li>\n<li>Fournit un moyen simple et efficace d&rsquo;organiser et de classer les informations dans les m\u00e9ta-box, ce qui facilite la recherche de ce dont vous avez besoin<\/li>\n<li>Hautement personnalisable avec une vari\u00e9t\u00e9 d&rsquo;options de style, de positionnement et de nommer les onglets pour s&rsquo;adapter \u00e0 la conception et \u00e0 la marque unique de votre site Web<\/li>\n<li>Compatible avec un large \u00e9ventail de plugins et de th\u00e8mes WordPress, ce qui en fait un ajout polyvalent et pr\u00e9cieux \u00e0 la bo\u00eete \u00e0 outils de votre site Web<\/li>\n<li>Facile \u00e0 configurer et \u00e0 utiliser, avec des options de configuration intuitives et une documentation claire pour vous guider tout au long du processus<\/li>\n<li>Con\u00e7u avec les performances \u00e0 l&rsquo;esprit, avec un code optimis\u00e9 et un impact minimal sur les temps de chargement de votre site Web et les performances globales<\/li>\n<li>R\u00e9guli\u00e8rement mis \u00e0 jour avec de nouvelles fonctionnalit\u00e9s et corrections de bogues pour assurer une fonctionnalit\u00e9 et une compatibilit\u00e9 optimales sur diff\u00e9rentes versions et configurations WordPress<\/li>\n<\/ul>\n","protected":false},"excerpt":{"rendered":"<p>Les onglets Meta Box sont un plugin WordPress extr\u00eamement puissant et formidable qui vous permet d&rsquo;organiser de mani\u00e8re complexe vos m\u00e9ta-bo\u00eetes en onglets visuellement attrayants et navigables sans effort. En raison de son interface tr\u00e8s intuitive et conviviale, coupl\u00e9e \u00e0 sa polyvalence et \u00e0 sa adaptabilit\u00e9 remarquables, cet outil exceptionnel vous accorde la capacit\u00e9 remarquable pour g\u00e9n\u00e9rer et personnaliser sans effort des onglets sur mesure pour chacun de vos types de publication, taxonomies, r\u00f4les utilisateur distincts et une myriade d&rsquo;autres composants pertinents. \u00c0 la lumi\u00e8re de cela, il est incontestablement \u00e9vident que les onglets Meta Box sont un atout inestimable, vous permettant d&rsquo;optimiser votre productivit\u00e9 et de rationaliser votre flux de travail \u00e0 des niveaux d&rsquo;efficacit\u00e9 sans pr\u00e9c\u00e9dent.<\/p>\n","protected":false},"featured_media":144535,"comment_status":"open","ping_status":"open","template":"","meta":[],"product_brand":[2593],"product_cat":[1189,1181,1186],"product_tag":[2266],"class_list":{"0":"post-119055","1":"product","2":"type-product","3":"status-publish","4":"has-post-thumbnail","6":"product_brand-meta-box","7":"product_cat-personnalisation","8":"product_cat-plugins","9":"product_cat-wordpress-plugins","10":"product_tag-meta-box","11":"member-discount","12":"discount-restricted","14":"first","15":"instock","16":"sale","17":"downloadable","18":"virtual","19":"sold-individually","20":"purchasable","21":"product-type-simple"},"_links":{"self":[{"href":"https:\/\/gpl-love.com\/fr\/wp-json\/wp\/v2\/product\/119055","targetHints":{"allow":["GET"]}}],"collection":[{"href":"https:\/\/gpl-love.com\/fr\/wp-json\/wp\/v2\/product"}],"about":[{"href":"https:\/\/gpl-love.com\/fr\/wp-json\/wp\/v2\/types\/product"}],"replies":[{"embeddable":true,"href":"https:\/\/gpl-love.com\/fr\/wp-json\/wp\/v2\/comments?post=119055"}],"wp:featuredmedia":[{"embeddable":true,"href":"https:\/\/gpl-love.com\/fr\/wp-json\/wp\/v2\/media\/144535"}],"wp:attachment":[{"href":"https:\/\/gpl-love.com\/fr\/wp-json\/wp\/v2\/media?parent=119055"}],"wp:term":[{"taxonomy":"product_brand","embeddable":true,"href":"https:\/\/gpl-love.com\/fr\/wp-json\/wp\/v2\/product_brand?post=119055"},{"taxonomy":"product_cat","embeddable":true,"href":"https:\/\/gpl-love.com\/fr\/wp-json\/wp\/v2\/product_cat?post=119055"},{"taxonomy":"product_tag","embeddable":true,"href":"https:\/\/gpl-love.com\/fr\/wp-json\/wp\/v2\/product_tag?post=119055"}],"curies":[{"name":"wp","href":"https:\/\/api.w.org\/{rel}","templated":true}]}}